{"id":48813,"date":"2019-07-11T15:27:40","date_gmt":"2019-07-11T13:27:40","guid":{"rendered":"http:\/\/righttothecity.puntzero.cat\/?page_id=48813"},"modified":"2019-07-11T15:27:40","modified_gmt":"2019-07-11T13:27:40","slug":"vision-mision","status":"publish","type":"page","link":"https:\/\/www.right2city.org\/es\/vision-mision\/","title":{"rendered":"Visi\u00f3n + Misi\u00f3n"},"content":{"rendered":"<h2><b>Visi\u00f3n<\/b><\/h2>\n<p><span style=\"font-weight: 400;\">Ciudades, pueblos y comunidades humanas democr\u00e1ticas, diversas, solidarias y sostenibles, entendidas como bienes comunes, que todos los habitantes &#8211; presentes y futuros, permanentes y temporales &#8211; tienen derecho a habitar, usar, ocupar, producir, gobernar y disfrutar en paz y con dignidad.<\/span><\/p>\n<p><span style=\"font-weight: 400;\">Imaginamos comunidades pol\u00edticas que:<\/span><\/p>\n<ul>\n<li><span style=\"font-weight: 400;\">luchan contra la colonizaci\u00f3n, el patriarcado, el racismo, la homofobia, la xenofobia y la discriminaci\u00f3n&#8230;<\/span><\/li>\n<li><span style=\"font-weight: 400;\">permiten y apoyan a las personas para que vivan libremente su dignidad y expresen su cultura, valores\/principios pol\u00edticos, espiritualidad, amor, en paz y respeto&#8230;.<\/span><\/li>\n<li><span style=\"font-weight: 400;\">tienen una vida pol\u00edtica basada en la participaci\u00f3n de los ciudadanos y en la toma de decisiones democr\u00e1ticas, la promoci\u00f3n de la ciudadan\u00eda activa y las diferentes formas de organizaci\u00f3n y acci\u00f3n pol\u00edtica&#8230;.<\/span><\/li>\n<li><span style=\"font-weight: 400;\">enfatizan el derecho a procesos autogestionados, a la vez que se co-gestionan y co-crean el \u00e1mbito p\u00fablico y los bienes comunes&#8230;.<\/span><\/li>\n<li><span style=\"font-weight: 400;\">conciben y alimentan una econom\u00eda para las personas y para la comunidad &#8211; una econom\u00eda del cuidado, social, diversa y solidaria&#8230;.<\/span><\/li>\n<li><span style=\"font-weight: 400;\">recuerdan la necesidad urgente de proteger y cuidar el tejido conectivo de la vida en nuestros territorios, el planeta y el cosmos, situando a los seres humanos y a las relaciones entre ellos y con la naturaleza en el centro de sus pensamientos y acciones\u2026<\/span><\/li>\n<li><span style=\"font-weight: 400;\">protegen sus pr\u00e1cticas socioculturales colectivas y emancipadoras y recuerdos&#8230;<\/span><\/li>\n<li><span style=\"font-weight: 400;\">recuerdan, reinterpretan y reescriben su historia, para mirar hacia el futuro aprendiendo de su pasado&#8230;.<\/span><\/li>\n<\/ul>\n<p>&nbsp;<\/p>\n<h2><b>Misi\u00f3n<\/b><\/h2>\n<p><span style=\"font-weight: 400;\">Ser una red abierta, flexible y diversa de la sociedad civil y organizaciones\u00a0 de gobiernos locales comprometidas con la acci\u00f3n pol\u00edtica y el cambio social a trav\u00e9s del promoci\u00f3n, defensa y cumplimiento del Derecho a la Ciudad en el \u00e1mbito global, regional y nacional, dando una voz particular a esas personas y comunidades afectados por la exclusi\u00f3n y la marginaci\u00f3n.<\/span><\/p>\n<p><span style=\"font-weight: 400;\">La Plataforma pretende contribuir a la aparici\u00f3n de nuevas utop\u00edas emancipadoras y pactos sociales para un futuro mejor en todos los asentamientos humanos, dando visibilidad a\/ en di\u00e1logo con las cosmovisiones ya existentes y creando nuevos posibles imaginarios colectivos. Los valores que nos gu\u00edan en la formaci\u00f3n de nuevas comunidades de emoci\u00f3n y acci\u00f3n son: cooperaci\u00f3n, colaboraci\u00f3n, horizontalidad, transparencia, rendici\u00f3n de cuentas, equidad, participaci\u00f3n, empoderamiento y solidaridad. <\/span><\/p>\n<p><span style=\"font-weight: 400;\">La PGDC pretende alcanzar esta misi\u00f3n a trav\u00e9s de las siguientes l\u00edneas estrat\u00e9gicas de acci\u00f3n a nivel pol\u00edtico, social y cultural:<\/span><\/p>\n<ul>\n<li><b>Construir una comunidad de pr\u00e1cticas y conocimiento entorno al Derecho a la Ciudad<\/b><span style=\"font-weight: 400;\">. Ser un espacio de articulaci\u00f3n, producci\u00f3n de contenidos, comunicaci\u00f3n y difusi\u00f3n de praxis, acciones y movilizaciones, tanto en el estudio como en la investigaci\u00f3n sobre el Derecho a la Ciudad, as\u00ed como en la implementaci\u00f3n de pol\u00edticas. Crear canales abiertos e inclusivos que promuevan el aprendizaje y el desarrollo de capacidades entre una diversidad de actores, y el intercambio y desarrollo de estrategias que puedan adaptarse a las especificidades locales. Identificar\/traducir\/difundir\/respetar las diversas formas de comprender, reivindicar e implementar el Derecho a la Ciudad en diferentes regiones y contextos.<\/span><\/li>\n<li><b>Fortalecer las acciones y luchas sociales locales y nacionales, y las movilizaciones internacionales en el marco del Derecho a la Ciudad<\/b><span style=\"font-weight: 400;\">, promoviendo su visibilidad en los foros internacionales y expresando solidaridad con campa\u00f1as y otras iniciativas.<\/span><\/li>\n<li><b>Abogar por cambios a nivel internacional (agendas globales y actores internacionales) que puedan representar, llevar a cabo y promover un impacto positivo a nivel local, regional y nacional<\/b><span style=\"font-weight: 400;\">, identificando espacios y momentos relevantes, estableciendo mensajes clave para los diversos actores y metas de incidencia a corto, mediano y largo plazo.<\/span><\/li>\n<li><b>Asegurar la implementaci\u00f3n del Derecho a la Ciudad<\/b><span style=\"font-weight: 400;\"> introduci\u00e9ndolo en acciones, iniciativas, compromisos, pol\u00edticas, proyectos y legislaci\u00f3n locales, nacionales, regionales e internacionales; monitoreando su cumplimiento y denunciando sus violaciones y reveses, incluyendo la responsabilidad social y ambiental de los sectores p\u00fablico y privado.<\/span><\/li>\n<\/ul>\n","protected":false},"excerpt":{"rendered":"<p>Visi\u00f3n Ciudades, pueblos y comunidades humanas democr\u00e1ticas, diversas, solidarias y sostenibles, entendidas como bienes comunes, que todos los habitantes &#8211; presentes y futuros, permanentes y temporales &#8211; tienen derecho a habitar, usar, ocupar, producir, gobernar y disfrutar en paz y con dignidad. Imaginamos comunidades pol\u00edticas que: luchan contra la colonizaci\u00f3n, el patriarcado, el racismo, la [&hellip;]<\/p>\n","protected":false},"author":1,"featured_media":48453,"parent":0,"menu_order":0,"comment_status":"closed","ping_status":"closed","template":"","meta":{"_acf_changed":false,"_et_pb_use_builder":"","_et_pb_old_content":"","_et_gb_content_width":"","cybocfi_hide_featured_image":"","footnotes":""},"themes":[],"agendas_globales":[],"class_list":["post-48813","page","type-page","status-publish","has-post-thumbnail","hentry"],"acf":[],"yoast_head":"<!-- This site is optimized with the Yoast SEO plugin v27.3 - https:\/\/yoast.com\/product\/yoast-seo-wordpress\/ -->\n<title>Visi\u00f3n + Misi\u00f3n - Right to the city<\/title>\n<meta name=\"robots\" content=\"index, follow, max-snippet:-1, max-image-preview:large, max-video-preview:-1\" \/>\n<link rel=\"canonical\" href=\"https:\/\/www.right2city.org\/es\/vision-mision\/\" \/>\n<meta property=\"og:locale\" content=\"es_ES\" \/>\n<meta property=\"og:type\" content=\"article\" \/>\n<meta property=\"og:title\" content=\"Visi\u00f3n + Misi\u00f3n - Right to the city\" \/>\n<meta property=\"og:description\" content=\"Visi\u00f3n Ciudades, pueblos y comunidades humanas democr\u00e1ticas, diversas, solidarias y sostenibles, entendidas como bienes comunes, que todos los habitantes &#8211; presentes y futuros, permanentes y temporales &#8211; tienen derecho a habitar, usar, ocupar, producir, gobernar y disfrutar en paz y con dignidad. Imaginamos comunidades pol\u00edticas que: luchan contra la colonizaci\u00f3n, el patriarcado, el racismo, la [&hellip;]\" \/>\n<meta property=\"og:url\" content=\"https:\/\/www.right2city.org\/es\/vision-mision\/\" \/>\n<meta property=\"og:site_name\" content=\"Right to the city\" \/>\n<meta property=\"og:image\" content=\"https:\/\/www.right2city.org\/wp-content\/uploads\/2019\/04\/sandwich-1.jpg\" \/>\n\t<meta property=\"og:image:width\" content=\"2000\" \/>\n\t<meta property=\"og:image:height\" content=\"1200\" \/>\n\t<meta property=\"og:image:type\" content=\"image\/jpeg\" \/>\n<meta name=\"twitter:card\" content=\"summary_large_image\" \/>\n<meta name=\"twitter:label1\" content=\"Tiempo de lectura\" \/>\n\t<meta name=\"twitter:data1\" content=\"3 minutos\" \/>\n<script type=\"application\/ld+json\" class=\"yoast-schema-graph\">{\"@context\":\"https:\\\/\\\/schema.org\",\"@graph\":[{\"@type\":\"WebPage\",\"@id\":\"https:\\\/\\\/www.right2city.org\\\/es\\\/vision-mision\\\/\",\"url\":\"https:\\\/\\\/www.right2city.org\\\/es\\\/vision-mision\\\/\",\"name\":\"Visi\u00f3n + Misi\u00f3n - Right to the city\",\"isPartOf\":{\"@id\":\"https:\\\/\\\/www.right2city.org\\\/es\\\/#website\"},\"primaryImageOfPage\":{\"@id\":\"https:\\\/\\\/www.right2city.org\\\/es\\\/vision-mision\\\/#primaryimage\"},\"image\":{\"@id\":\"https:\\\/\\\/www.right2city.org\\\/es\\\/vision-mision\\\/#primaryimage\"},\"thumbnailUrl\":\"https:\\\/\\\/www.right2city.org\\\/wp-content\\\/uploads\\\/2019\\\/04\\\/sandwich-1.jpg\",\"datePublished\":\"2019-07-11T13:27:40+00:00\",\"breadcrumb\":{\"@id\":\"https:\\\/\\\/www.right2city.org\\\/es\\\/vision-mision\\\/#breadcrumb\"},\"inLanguage\":\"es\",\"potentialAction\":[{\"@type\":\"ReadAction\",\"target\":[\"https:\\\/\\\/www.right2city.org\\\/es\\\/vision-mision\\\/\"]}]},{\"@type\":\"ImageObject\",\"inLanguage\":\"es\",\"@id\":\"https:\\\/\\\/www.right2city.org\\\/es\\\/vision-mision\\\/#primaryimage\",\"url\":\"https:\\\/\\\/www.right2city.org\\\/wp-content\\\/uploads\\\/2019\\\/04\\\/sandwich-1.jpg\",\"contentUrl\":\"https:\\\/\\\/www.right2city.org\\\/wp-content\\\/uploads\\\/2019\\\/04\\\/sandwich-1.jpg\",\"width\":2000,\"height\":1200},{\"@type\":\"BreadcrumbList\",\"@id\":\"https:\\\/\\\/www.right2city.org\\\/es\\\/vision-mision\\\/#breadcrumb\",\"itemListElement\":[{\"@type\":\"ListItem\",\"position\":1,\"name\":\"Home\",\"item\":\"https:\\\/\\\/www.right2city.org\\\/es\\\/\"},{\"@type\":\"ListItem\",\"position\":2,\"name\":\"Visi\u00f3n + Misi\u00f3n\"}]},{\"@type\":\"WebSite\",\"@id\":\"https:\\\/\\\/www.right2city.org\\\/es\\\/#website\",\"url\":\"https:\\\/\\\/www.right2city.org\\\/es\\\/\",\"name\":\"Right to the city\",\"description\":\"Global Platform for the Right to the City\",\"potentialAction\":[{\"@type\":\"SearchAction\",\"target\":{\"@type\":\"EntryPoint\",\"urlTemplate\":\"https:\\\/\\\/www.right2city.org\\\/es\\\/?s={search_term_string}\"},\"query-input\":{\"@type\":\"PropertyValueSpecification\",\"valueRequired\":true,\"valueName\":\"search_term_string\"}}],\"inLanguage\":\"es\"}]}<\/script>\n<!-- \/ Yoast SEO plugin. -->","yoast_head_json":{"title":"Visi\u00f3n + Misi\u00f3n - Right to the city","robots":{"index":"index","follow":"follow","max-snippet":"max-snippet:-1","max-image-preview":"max-image-preview:large","max-video-preview":"max-video-preview:-1"},"canonical":"https:\/\/www.right2city.org\/es\/vision-mision\/","og_locale":"es_ES","og_type":"article","og_title":"Visi\u00f3n + Misi\u00f3n - Right to the city","og_description":"Visi\u00f3n Ciudades, pueblos y comunidades humanas democr\u00e1ticas, diversas, solidarias y sostenibles, entendidas como bienes comunes, que todos los habitantes &#8211; presentes y futuros, permanentes y temporales &#8211; tienen derecho a habitar, usar, ocupar, producir, gobernar y disfrutar en paz y con dignidad. Imaginamos comunidades pol\u00edticas que: luchan contra la colonizaci\u00f3n, el patriarcado, el racismo, la [&hellip;]","og_url":"https:\/\/www.right2city.org\/es\/vision-mision\/","og_site_name":"Right to the city","og_image":[{"width":2000,"height":1200,"url":"https:\/\/www.right2city.org\/wp-content\/uploads\/2019\/04\/sandwich-1.jpg","type":"image\/jpeg"}],"twitter_card":"summary_large_image","twitter_misc":{"Tiempo de lectura":"3 minutos"},"schema":{"@context":"https:\/\/schema.org","@graph":[{"@type":"WebPage","@id":"https:\/\/www.right2city.org\/es\/vision-mision\/","url":"https:\/\/www.right2city.org\/es\/vision-mision\/","name":"Visi\u00f3n + Misi\u00f3n - Right to the city","isPartOf":{"@id":"https:\/\/www.right2city.org\/es\/#website"},"primaryImageOfPage":{"@id":"https:\/\/www.right2city.org\/es\/vision-mision\/#primaryimage"},"image":{"@id":"https:\/\/www.right2city.org\/es\/vision-mision\/#primaryimage"},"thumbnailUrl":"https:\/\/www.right2city.org\/wp-content\/uploads\/2019\/04\/sandwich-1.jpg","datePublished":"2019-07-11T13:27:40+00:00","breadcrumb":{"@id":"https:\/\/www.right2city.org\/es\/vision-mision\/#breadcrumb"},"inLanguage":"es","potentialAction":[{"@type":"ReadAction","target":["https:\/\/www.right2city.org\/es\/vision-mision\/"]}]},{"@type":"ImageObject","inLanguage":"es","@id":"https:\/\/www.right2city.org\/es\/vision-mision\/#primaryimage","url":"https:\/\/www.right2city.org\/wp-content\/uploads\/2019\/04\/sandwich-1.jpg","contentUrl":"https:\/\/www.right2city.org\/wp-content\/uploads\/2019\/04\/sandwich-1.jpg","width":2000,"height":1200},{"@type":"BreadcrumbList","@id":"https:\/\/www.right2city.org\/es\/vision-mision\/#breadcrumb","itemListElement":[{"@type":"ListItem","position":1,"name":"Home","item":"https:\/\/www.right2city.org\/es\/"},{"@type":"ListItem","position":2,"name":"Visi\u00f3n + Misi\u00f3n"}]},{"@type":"WebSite","@id":"https:\/\/www.right2city.org\/es\/#website","url":"https:\/\/www.right2city.org\/es\/","name":"Right to the city","description":"Global Platform for the Right to the City","potentialAction":[{"@type":"SearchAction","target":{"@type":"EntryPoint","urlTemplate":"https:\/\/www.right2city.org\/es\/?s={search_term_string}"},"query-input":{"@type":"PropertyValueSpecification","valueRequired":true,"valueName":"search_term_string"}}],"inLanguage":"es"}]}},"_links":{"self":[{"href":"https:\/\/www.right2city.org\/es\/wp-json\/wp\/v2\/pages\/48813","targetHints":{"allow":["GET"]}}],"collection":[{"href":"https:\/\/www.right2city.org\/es\/wp-json\/wp\/v2\/pages"}],"about":[{"href":"https:\/\/www.right2city.org\/es\/wp-json\/wp\/v2\/types\/page"}],"author":[{"embeddable":true,"href":"https:\/\/www.right2city.org\/es\/wp-json\/wp\/v2\/users\/1"}],"replies":[{"embeddable":true,"href":"https:\/\/www.right2city.org\/es\/wp-json\/wp\/v2\/comments?post=48813"}],"version-history":[{"count":1,"href":"https:\/\/www.right2city.org\/es\/wp-json\/wp\/v2\/pages\/48813\/revisions"}],"predecessor-version":[{"id":48814,"href":"https:\/\/www.right2city.org\/es\/wp-json\/wp\/v2\/pages\/48813\/revisions\/48814"}],"wp:featuredmedia":[{"embeddable":true,"href":"https:\/\/www.right2city.org\/es\/wp-json\/wp\/v2\/media\/48453"}],"wp:attachment":[{"href":"https:\/\/www.right2city.org\/es\/wp-json\/wp\/v2\/media?parent=48813"}],"wp:term":[{"taxonomy":"themes","embeddable":true,"href":"https:\/\/www.right2city.org\/es\/wp-json\/wp\/v2\/themes?post=48813"},{"taxonomy":"agendas_globales","embeddable":true,"href":"https:\/\/www.right2city.org\/es\/wp-json\/wp\/v2\/agendas_globales?post=48813"}],"curies":[{"name":"wp","href":"https:\/\/api.w.org\/{rel}","templated":true}]}}