{"id":49089,"date":"2019-08-06T19:57:54","date_gmt":"2019-08-06T17:57:54","guid":{"rendered":"http:\/\/righttothecity.puntzero.cat\/?page_id=49089"},"modified":"2019-08-06T19:57:54","modified_gmt":"2019-08-06T17:57:54","slug":"membresia","status":"publish","type":"page","link":"https:\/\/www.right2city.org\/es\/membresia\/","title":{"rendered":"Membres\u00eda"},"content":{"rendered":"<p><span style=\"font-weight: 400;\">La Plataforma Global por el Derecho a la Ciudad (PGDC) se organiza sobre la base de un compromiso de confianza y participaci\u00f3n activa. Por lo tanto, la membres\u00eda est\u00e1 abierta a todas-os las-os actoras-es que comparten la visi\u00f3n y misi\u00f3n de la PGDC, independientemente de su tama\u00f1o, contribuciones o ubicaci\u00f3n.<\/span><\/p>\n<p><b>Miembros<\/b><span style=\"font-weight: 400;\">: Todas las organizaciones, redes, entidades o colectivos que han participado regularmente en reuniones o actividades tem\u00e1ticas o regionales de la Plataforma ser\u00e1n consideradas miembro. A partir de 2019, todos los miembros deber\u00e1n probar su membres\u00eda mediante un <\/span><a href=\"https:\/\/docs.google.com\/forms\/d\/1PlGEdCsyeXbM7yi4pmmTT2RNqU9mGzSkV64kIiVbA7k\/edit\"><span style=\"font-weight: 400;\">formulario de adhesi\u00f3n en l\u00ednea<\/span><\/a><span style=\"font-weight: 400;\"> en el que deber\u00e1n aceptar el Plan Estrat\u00e9gico (incluida la visi\u00f3n, la misi\u00f3n y los objetivos de la Plataforma)\u00a0 y unirse a por lo menos un Grupo de Trabajo y\/o mostrar por lo menos una iniciativa propia directamente relacionada con la aplicaci\u00f3n del Plan Estrat\u00e9gico de la Plataforma y su misi\u00f3n. Tambi\u00e9n se pedir\u00e1 rellenar el formulario de adhesi\u00f3n a los nuevos miembros.<\/span><\/p>\n<p><span style=\"font-weight: 400;\">Los miembros participan en la Plataforma a trav\u00e9s de los siguientes grupos:<\/span><\/p>\n<p style=\"padding-left: 40px;\"><b>a) Grupo Facilitador:<\/b><span style=\"font-weight: 400;\"> \u00d3rgano de coordinaci\u00f3n y toma de decisiones que re\u00fane a todos los miembros que acompa\u00f1an a la PGDC desde el inicio, que han estado activos y forman parte de los grupos de trabajo durante al menos un a\u00f1o. Se re\u00fane 4 veces al a\u00f1o (una vez en persona y 3 veces virtualmente). Se invitar\u00e1\/permitir\u00e1 que otros miembros se unan al grupo siempre y cuando puedan demostrar ese nivel de compromiso, con una directriz clara para aumentar la diversidad regional, de g\u00e9nero y de raza.<\/span><\/p>\n<p style=\"padding-left: 40px;\"><b>b) Grupos de Trabajo:<\/b><span style=\"font-weight: 400;\"> Son grupos que responden a uno o m\u00e1s de los objetivos de la Plataforma y proporcionan el marco para la coordinaci\u00f3n, discusi\u00f3n y coproducci\u00f3n entre los miembros de la Plataforma. Todos los Grupos de Trabajo est\u00e1n formados por miembros y aliados de la Plataforma e incluyen al menos un miembro del Grupo de Facilitaci\u00f3n y un miembro del Equipo de Apoyo. Cada Grupo de Trabajo se reunir\u00e1 virtualmente al menos 4 veces al a\u00f1o y nombrar\u00e1 al menos a 2 personas (1 de las cuales ser\u00e1 miembro del Grupo de Trabajo) para coordinar su trabajo y actuar como enlace con los otros grupos. El presupuesto de la Plataforma asignar\u00e1 fondos espec\u00edficos para financiar cada Grupo de Trabajo. <\/span><span style=\"font-weight: 400;\">La Plataforma se organiza actualmente en torno a tres Grupos de Trabajo: 1) Incidencia Pol\u00edtica (Advocacy); 2) Investigaci\u00f3n y Formaci\u00f3n (Research and Training); y 3) Comunicaci\u00f3n. Se asignar\u00e1n y recaudar\u00e1n fondos espec\u00edficos para promover e implementar las iniciativas aut\u00f3nomas de los GT.<\/span><\/p>\n<p style=\"padding-left: 40px;\"><b>c) Grupos Tem\u00e1ticos y Regionales:<\/b><span style=\"font-weight: 400;\"> Son grupos auto-organizados creados por los miembros en funci\u00f3n de sus necesidades y objetivos espec\u00edficos. Interactuar\u00e1n con y recibir\u00e1n apoyo de los Grupos de Trabajo de acuerdo con la diferentes actividades que quieran organizar, y se coordinar\u00e1n con el Grupo Facilitador para alinear sus estrategias con las de la Plataforma. Se asignar\u00e1n y recaudar\u00e1n fondos espec\u00edficos para estimular la organizaci\u00f3n de eventos y actividades regionales, que contribuir\u00e1n a la consolidaci\u00f3n de los Grupos Regionales y fomentar\u00e1n su interacci\u00f3n con el Grupos de Trabajo.<\/span><\/p>\n<p style=\"padding-left: 40px;\"><b>d)Apoyadores<\/b><span style=\"font-weight: 400;\">: Individuos, fundaciones, gobiernos, autoridades p\u00fablicas y otras organizaciones que, por su naturaleza, no son miembros de la Plataforma pero que quieren mostrar su apoyo y compromiso con la Plataforma.<\/span><\/p>\n<p style=\"padding-left: 40px;\"><b>e) Equipo de Apoyo:<\/b><span style=\"font-weight: 400;\"> Grupo de personas que brindan orientaci\u00f3n y asistencia t\u00e9cnica a la Plataforma y forman parte de su personal. Este equipo est\u00e1 formado actualmente por 2 personas del Instituto P\u00f3lis y 2 de la Coalici\u00f3n Internacional del H\u00e1bitat. Sin embargo, m\u00e1s\/diferentes personas de diferentes organizaciones podr\u00edan unirse en el futuro.<\/span><\/p>\n","protected":false},"excerpt":{"rendered":"<p>La Plataforma Global por el Derecho a la Ciudad (PGDC) se organiza sobre la base de un compromiso de confianza y participaci\u00f3n activa. Por lo tanto, la membres\u00eda est\u00e1 abierta a todas-os las-os actoras-es que comparten la visi\u00f3n y misi\u00f3n de la PGDC, independientemente de su tama\u00f1o, contribuciones o ubicaci\u00f3n. Miembros: Todas las organizaciones, redes, [&hellip;]<\/p>\n","protected":false},"author":4,"featured_media":0,"parent":0,"menu_order":0,"comment_status":"closed","ping_status":"closed","template":"","meta":{"_acf_changed":false,"_et_pb_use_builder":"","_et_pb_old_content":"","_et_gb_content_width":"","cybocfi_hide_featured_image":"","footnotes":""},"themes":[],"agendas_globales":[],"class_list":["post-49089","page","type-page","status-publish","hentry"],"acf":[],"yoast_head":"<!-- This site is optimized with the Yoast SEO plugin v27.4 - https:\/\/yoast.com\/product\/yoast-seo-wordpress\/ -->\n<title>Membres\u00eda - Right to the city<\/title>\n<meta name=\"robots\" content=\"index, follow, max-snippet:-1, max-image-preview:large, max-video-preview:-1\" \/>\n<link rel=\"canonical\" href=\"https:\/\/www.right2city.org\/es\/membresia\/\" \/>\n<meta property=\"og:locale\" content=\"es_ES\" \/>\n<meta property=\"og:type\" content=\"article\" \/>\n<meta property=\"og:title\" content=\"Membres\u00eda - Right to the city\" \/>\n<meta property=\"og:description\" content=\"La Plataforma Global por el Derecho a la Ciudad (PGDC) se organiza sobre la base de un compromiso de confianza y participaci\u00f3n activa. Por lo tanto, la membres\u00eda est\u00e1 abierta a todas-os las-os actoras-es que comparten la visi\u00f3n y misi\u00f3n de la PGDC, independientemente de su tama\u00f1o, contribuciones o ubicaci\u00f3n. Miembros: Todas las organizaciones, redes, [&hellip;]\" \/>\n<meta property=\"og:url\" content=\"https:\/\/www.right2city.org\/es\/membresia\/\" \/>\n<meta property=\"og:site_name\" content=\"Right to the city\" \/>\n<meta name=\"twitter:card\" content=\"summary_large_image\" \/>\n<meta name=\"twitter:label1\" content=\"Tiempo de lectura\" \/>\n\t<meta name=\"twitter:data1\" content=\"3 minutos\" \/>\n<script type=\"application\/ld+json\" class=\"yoast-schema-graph\">{\"@context\":\"https:\\\/\\\/schema.org\",\"@graph\":[{\"@type\":\"WebPage\",\"@id\":\"https:\\\/\\\/www.right2city.org\\\/es\\\/membresia\\\/\",\"url\":\"https:\\\/\\\/www.right2city.org\\\/es\\\/membresia\\\/\",\"name\":\"Membres\u00eda - Right to the city\",\"isPartOf\":{\"@id\":\"https:\\\/\\\/www.right2city.org\\\/es\\\/#website\"},\"datePublished\":\"2019-08-06T17:57:54+00:00\",\"breadcrumb\":{\"@id\":\"https:\\\/\\\/www.right2city.org\\\/es\\\/membresia\\\/#breadcrumb\"},\"inLanguage\":\"es\",\"potentialAction\":[{\"@type\":\"ReadAction\",\"target\":[\"https:\\\/\\\/www.right2city.org\\\/es\\\/membresia\\\/\"]}]},{\"@type\":\"BreadcrumbList\",\"@id\":\"https:\\\/\\\/www.right2city.org\\\/es\\\/membresia\\\/#breadcrumb\",\"itemListElement\":[{\"@type\":\"ListItem\",\"position\":1,\"name\":\"Home\",\"item\":\"https:\\\/\\\/www.right2city.org\\\/es\\\/\"},{\"@type\":\"ListItem\",\"position\":2,\"name\":\"Membres\u00eda\"}]},{\"@type\":\"WebSite\",\"@id\":\"https:\\\/\\\/www.right2city.org\\\/es\\\/#website\",\"url\":\"https:\\\/\\\/www.right2city.org\\\/es\\\/\",\"name\":\"Right to the city\",\"description\":\"Global Platform for the Right to the City\",\"potentialAction\":[{\"@type\":\"SearchAction\",\"target\":{\"@type\":\"EntryPoint\",\"urlTemplate\":\"https:\\\/\\\/www.right2city.org\\\/es\\\/?s={search_term_string}\"},\"query-input\":{\"@type\":\"PropertyValueSpecification\",\"valueRequired\":true,\"valueName\":\"search_term_string\"}}],\"inLanguage\":\"es\"}]}<\/script>\n<!-- \/ Yoast SEO plugin. -->","yoast_head_json":{"title":"Membres\u00eda - Right to the city","robots":{"index":"index","follow":"follow","max-snippet":"max-snippet:-1","max-image-preview":"max-image-preview:large","max-video-preview":"max-video-preview:-1"},"canonical":"https:\/\/www.right2city.org\/es\/membresia\/","og_locale":"es_ES","og_type":"article","og_title":"Membres\u00eda - Right to the city","og_description":"La Plataforma Global por el Derecho a la Ciudad (PGDC) se organiza sobre la base de un compromiso de confianza y participaci\u00f3n activa. Por lo tanto, la membres\u00eda est\u00e1 abierta a todas-os las-os actoras-es que comparten la visi\u00f3n y misi\u00f3n de la PGDC, independientemente de su tama\u00f1o, contribuciones o ubicaci\u00f3n. Miembros: Todas las organizaciones, redes, [&hellip;]","og_url":"https:\/\/www.right2city.org\/es\/membresia\/","og_site_name":"Right to the city","twitter_card":"summary_large_image","twitter_misc":{"Tiempo de lectura":"3 minutos"},"schema":{"@context":"https:\/\/schema.org","@graph":[{"@type":"WebPage","@id":"https:\/\/www.right2city.org\/es\/membresia\/","url":"https:\/\/www.right2city.org\/es\/membresia\/","name":"Membres\u00eda - Right to the city","isPartOf":{"@id":"https:\/\/www.right2city.org\/es\/#website"},"datePublished":"2019-08-06T17:57:54+00:00","breadcrumb":{"@id":"https:\/\/www.right2city.org\/es\/membresia\/#breadcrumb"},"inLanguage":"es","potentialAction":[{"@type":"ReadAction","target":["https:\/\/www.right2city.org\/es\/membresia\/"]}]},{"@type":"BreadcrumbList","@id":"https:\/\/www.right2city.org\/es\/membresia\/#breadcrumb","itemListElement":[{"@type":"ListItem","position":1,"name":"Home","item":"https:\/\/www.right2city.org\/es\/"},{"@type":"ListItem","position":2,"name":"Membres\u00eda"}]},{"@type":"WebSite","@id":"https:\/\/www.right2city.org\/es\/#website","url":"https:\/\/www.right2city.org\/es\/","name":"Right to the city","description":"Global Platform for the Right to the City","potentialAction":[{"@type":"SearchAction","target":{"@type":"EntryPoint","urlTemplate":"https:\/\/www.right2city.org\/es\/?s={search_term_string}"},"query-input":{"@type":"PropertyValueSpecification","valueRequired":true,"valueName":"search_term_string"}}],"inLanguage":"es"}]}},"_links":{"self":[{"href":"https:\/\/www.right2city.org\/es\/wp-json\/wp\/v2\/pages\/49089","targetHints":{"allow":["GET"]}}],"collection":[{"href":"https:\/\/www.right2city.org\/es\/wp-json\/wp\/v2\/pages"}],"about":[{"href":"https:\/\/www.right2city.org\/es\/wp-json\/wp\/v2\/types\/page"}],"author":[{"embeddable":true,"href":"https:\/\/www.right2city.org\/es\/wp-json\/wp\/v2\/users\/4"}],"replies":[{"embeddable":true,"href":"https:\/\/www.right2city.org\/es\/wp-json\/wp\/v2\/comments?post=49089"}],"version-history":[{"count":1,"href":"https:\/\/www.right2city.org\/es\/wp-json\/wp\/v2\/pages\/49089\/revisions"}],"predecessor-version":[{"id":49090,"href":"https:\/\/www.right2city.org\/es\/wp-json\/wp\/v2\/pages\/49089\/revisions\/49090"}],"wp:attachment":[{"href":"https:\/\/www.right2city.org\/es\/wp-json\/wp\/v2\/media?parent=49089"}],"wp:term":[{"taxonomy":"themes","embeddable":true,"href":"https:\/\/www.right2city.org\/es\/wp-json\/wp\/v2\/themes?post=49089"},{"taxonomy":"agendas_globales","embeddable":true,"href":"https:\/\/www.right2city.org\/es\/wp-json\/wp\/v2\/agendas_globales?post=49089"}],"curies":[{"name":"wp","href":"https:\/\/api.w.org\/{rel}","templated":true}]}}