{"id":49103,"date":"2019-08-06T20:27:08","date_gmt":"2019-08-06T18:27:08","guid":{"rendered":"http:\/\/righttothecity.puntzero.cat\/?page_id=49103"},"modified":"2021-07-14T13:55:27","modified_gmt":"2021-07-14T11:55:27","slug":"componentes-del-derecho-a-la-ciudad","status":"publish","type":"page","link":"https:\/\/www.right2city.org\/es\/componentes-del-derecho-a-la-ciudad\/","title":{"rendered":"Componentes del Derecho a la Ciudad"},"content":{"rendered":"[et_pb_section fb_built=\u00bb1&#8243; admin_label=\u00bbsection\u00bb _builder_version=\u00bb3.22&#8243;][et_pb_row admin_label=\u00bbrow\u00bb _builder_version=\u00bb3.25&#8243; background_size=\u00bbinitial\u00bb background_position=\u00bbtop_left\u00bb background_repeat=\u00bbrepeat\u00bb custom_margin=\u00bb|auto|-63px|auto||\u00bb][et_pb_column type=\u00bb4_4&#8243; _builder_version=\u00bb3.25&#8243; custom_padding=\u00bb|||\u00bb custom_padding__hover=\u00bb|||\u00bb][et_pb_text admin_label=\u00bbText\u00bb _builder_version=\u00bb4.3.2&#8243; background_size=\u00bbinitial\u00bb background_position=\u00bbtop_left\u00bb background_repeat=\u00bbrepeat\u00bb]\n<p style=\"text-align: center;\"><span style=\"font-size: 18pt;\"><strong><span style=\"color: #800080;\">Componentes del Derecho a la Ciudad<\/span><\/strong><\/span><\/p>\n<p style=\"text-align: center;\"><strong><span style=\"font-size: 14pt;\">El Derecho a la Ciudad concibe las ciudades y los asentamientos humanos como bienes comunes que deben ser compartidos y beneficiar a todes les miembros de la comunidad. Este principio cristaliza en los siguientes componentes del Derecho a la Ciudad:<\/span><\/strong><\/p>\n[\/et_pb_text][\/et_pb_column][\/et_pb_row][et_pb_row column_structure=\u00bb1_3,2_3&#8243; _builder_version=\u00bb4.3.2&#8243; width=\u00bb80.4%\u00bb custom_margin=\u00bb10px|10px|10px|100px|false|false\u00bb custom_padding=\u00bb10px|31px|10px|10px|true|false\u00bb][et_pb_column type=\u00bb1_3&#8243; _builder_version=\u00bb4.3.2&#8243;][et_pb_image src=\u00bbhttps:\/\/www.right2city.org\/wp-content\/uploads\/2020\/09\/POLIS_red_esp-25.png\u00bb url=\u00bbhttps:\/\/www.right2city.org\/es\/themes\/no-discriminacion\/\u00bb _builder_version=\u00bb4.3.2&#8243; transform_scale=\u00bb50%|50%\u00bb][\/et_pb_image][et_pb_image src=\u00bbhttps:\/\/www.right2city.org\/wp-content\/uploads\/2020\/09\/POLIS_red_esp-26.png\u00bb url=\u00bbhttps:\/\/www.right2city.org\/es\/themes\/igualdad-de-genero\/\u00bb _builder_version=\u00bb4.3.2&#8243; transform_scale=\u00bb50%|50%\u00bb custom_margin=\u00bb-80px|||||\u00bb custom_padding=\u00bb0px|||||\u00bb][\/et_pb_image][et_pb_image src=\u00bbhttps:\/\/www.right2city.org\/wp-content\/uploads\/2020\/09\/POLIS_red_esp-27.png\u00bb url=\u00bbhttps:\/\/www.right2city.org\/es\/themes\/ciudadania-inclusiva\/\u00bb _builder_version=\u00bb4.3.2&#8243; transform_scale=\u00bb50%|50%\u00bb custom_margin=\u00bb-80px|||||\u00bb][\/et_pb_image][et_pb_image src=\u00bbhttps:\/\/www.right2city.org\/wp-content\/uploads\/2020\/09\/POLIS_red_esp-28.png\u00bb url=\u00bbhttps:\/\/www.right2city.org\/es\/themes\/mayor-participacion-politica\/\u00bb _builder_version=\u00bb4.3.2&#8243; transform_scale=\u00bb50%|50%\u00bb custom_margin=\u00bb-80px|||||\u00bb][\/et_pb_image][et_pb_image src=\u00bbhttps:\/\/www.right2city.org\/wp-content\/uploads\/2020\/09\/POLIS_red_esp-29.png\u00bb url=\u00bbhttps:\/\/www.right2city.org\/es\/themes\/funcion-social\/\u00bb _builder_version=\u00bb4.3.2&#8243; transform_scale=\u00bb50%|50%\u00bb custom_margin=\u00bb-80px|||||\u00bb][\/et_pb_image][et_pb_image src=\u00bbhttps:\/\/www.right2city.org\/wp-content\/uploads\/2020\/09\/POLIS_red_esp-30.png\u00bb url=\u00bbhttps:\/\/www.right2city.org\/es\/themes\/calidad-de-espacios-publicos-y-servicios\/\u00bb _builder_version=\u00bb4.3.2&#8243; transform_scale=\u00bb50%|50%\u00bb custom_margin=\u00bb-98px|||||\u00bb][\/et_pb_image][et_pb_image src=\u00bbhttps:\/\/www.right2city.org\/wp-content\/uploads\/2020\/09\/POLIS_red_esp-31.png\u00bb _builder_version=\u00bb4.3.2&#8243; transform_scale=\u00bb50%|50%\u00bb custom_margin=\u00bb-80px|||||\u00bb][\/et_pb_image][et_pb_image src=\u00bbhttps:\/\/www.right2city.org\/wp-content\/uploads\/2020\/09\/POLIS_red_esp-32.png\u00bb url=\u00bbhttps:\/\/www.right2city.org\/es\/themes\/vinculos-rurales-locales\/\u00bb _builder_version=\u00bb4.3.2&#8243; transform_scale=\u00bb50%|50%\u00bb custom_margin=\u00bb-115px|||||\u00bb][\/et_pb_image][\/et_pb_column][et_pb_column type=\u00bb2_3&#8243; _builder_version=\u00bb4.3.2&#8243;][et_pb_text _builder_version=\u00bb4.3.2&#8243; width=\u00bb116%\u00bb min_height=\u00bb130px\u00bb height=\u00bb200px\u00bb custom_margin=\u00bb80px|-84px||-110px|false|false\u00bb custom_padding=\u00bb|0px|0px|||\u00bb]\n<p style=\"text-align: justify;\"><strong>Una ciudad\/asentamiento humano <\/strong><a href=\"https:\/\/www.right2city.org\/es\/themes\/no-discriminacion\/\"><b>libre de discriminaci\u00f3n<\/b><\/a><span style=\"font-weight: 400;\"> por motivos de g\u00e9nero, edad, estado de salud, ingresos, nacionalidad, origen \u00e9tnico, condici\u00f3n migratoria u orientaci\u00f3n pol\u00edtica, religiosa o sexual. Una ciudad\/ asentamiento humano que <\/span>abarque las minor\u00edas y la diversidad \u00e9tnica, racial, sexual y cultural<span style=\"font-weight: 400;\">, que respete, proteja y promueva todas las costumbres, recuerdos, identidades, idiomas y expresiones art\u00edsticas y culturales no discriminatorias de sus habitantes.<\/span><\/p>\n[\/et_pb_text][et_pb_text _builder_version=\u00bb4.3.2&#8243; width=\u00bb120%\u00bb min_height=\u00bb130px\u00bb height=\u00bb200px\u00bb custom_margin=\u00bb-70px|-67px||-110px||\u00bb custom_padding=\u00bb99px|0px||10px||\u00bb]\n<p style=\"text-align: justify;\"><strong>Una ciudad\/asentamiento humano de <\/strong><a href=\"https:\/\/www.right2city.org\/es\/themes\/igualdad-de-genero\/\"><b>igualdad de g\u00e9nero<\/b><\/a><span style=\"font-weight: 400;\">, que adopte todas las medidas necesarias para combatir la discriminaci\u00f3n contra las mujeres y las ni\u00f1as en todas sus formas; una ciudad\/asentamiento humano que tome todas las medidas apropiadas para asegurar el pleno desarrollo de las mujeres y las ni\u00f1as, garantizarles la igualdad en el ejercicio y la realizaci\u00f3n de los derechos humanos, y una vida libre de violencia.<\/span><\/p>\n[\/et_pb_text][et_pb_text admin_label=\u00bbTexto\u00bb _builder_version=\u00bb4.3.2&#8243; width=\u00bb115%\u00bb min_height=\u00bb190px\u00bb custom_margin=\u00bb141px|-350px||-110px||\u00bb custom_padding=\u00bb30px|||11px||\u00bb]\n<p style=\"text-align: justify;\"><strong>Una ciudad\/asentamiento humano de <a href=\"https:\/\/www.right2city.org\/es\/themes\/ciudadania-inclusiva\/\">ciudadan\u00eda inclusiva<\/a><\/strong> en el que todes les habitantes (permanentes o temporales) sean considerados ciudadanos y se les conceda igualdad de derechos (por ejemplo, las mujeres, las personas que viven en la pobreza o en situaciones de riesgo ambiental, les trabajadores de la econom\u00eda informal, los grupos \u00e9tnicos y religiosos, las personas LGBTIQA+, las personas con discapacidad, les ni\u00f1es, les j\u00f3venes, les ancianes, les migrantes, les refugiades, les habitantes de la calle, las v\u00edctimas de la violencia y los pueblos ind\u00edgenas).<\/p>\n[\/et_pb_text][et_pb_text _builder_version=\u00bb4.3.2&#8243; min_height=\u00bb138px\u00bb custom_margin=\u00bb70px||30px|-110px||\u00bb custom_padding=\u00bb15px|||12px||\u00bb]\n<p style=\"text-align: justify;\"><strong>Una ciudad\/asentamiento humano con una <a href=\"https:\/\/www.right2city.org\/es\/themes\/mayor-participacion-politica\/\">mayor participaci\u00f3n pol\u00edtica<\/a><\/strong> en la definici\u00f3n, ejecuci\u00f3n, seguimiento y formulaci\u00f3n de presupuestos de las pol\u00edticas urbanas y la ordenaci\u00f3n del territorio con el fin de reforzar la transparencia, la eficacia y la inclusi\u00f3n de la diversidad de les habitantes y de sus organizaciones. El Derecho a la Ciudad implica responsabilidades en todos los \u00e1mbitos de gobierno y ciudadanos para ejercer, reclamar, defender y promover la gobernanza equitativa y la funci\u00f3n social de todos los asentamientos humanos dentro de un h\u00e1bitat de Derechos Humanos.<\/p>\n[\/et_pb_text][et_pb_text _builder_version=\u00bb4.3.2&#8243; min_height=\u00bb118px\u00bb custom_margin=\u00bb105px|||-110px||\u00bb custom_padding=\u00bb0px|||||\u00bb]\n<p style=\"text-align: justify;\"><strong>Una ciudad\/asentamiento humano que <a href=\"https:\/\/www.right2city.org\/es\/themes\/funcion-social\/\">cumpla sus funciones sociales,<\/a><\/strong> es decir, que garantice el acceso equitativo y asequible de todes a la vivienda, los bienes, los servicios y las oportunidades urbanas, en particular para las mujeres, los grupos marginados y las personas con necesidades especiales; una ciudad\/asentamiento humano que d\u00e9 prioridad al inter\u00e9s p\u00fablico y social definido colectivamente, garantice un uso justo y ambientalmente equilibrado de los espacios urbanos y rurales, y reconozca y apoye la Producci\u00f3n Social del H\u00e1bitat.<\/p>\n[\/et_pb_text][et_pb_text _builder_version=\u00bb4.3.2&#8243; custom_margin=\u00bb118px|||-110px||\u00bb custom_padding=\u00bb|||7px||\u00bb]\n<p style=\"text-align: justify;\"><strong>Una ciudad\/asentamiento humano con <a href=\"https:\/\/www.right2city.org\/es\/themes\/calidad-de-espacios-publicos-y-servicios\/\">espacios y servicios p\u00fablicos de calidad<\/a><\/strong> que mejoren las interacciones sociales y la participaci\u00f3n pol\u00edtica, promuevan las expresiones socioculturales, abracen la diversidad y fomenten la cohesi\u00f3n social; una ciudad\/asentamiento humano en que los espacios y servicios p\u00fablicos contribuyan a construir ciudades m\u00e1s seguras (especialmente para mujeres y ni\u00f1as) y a satisfacer las necesidades de sus habitantes (especialmente las relacionadas con los medios de subsistencia)<\/p>\n[\/et_pb_text][et_pb_text _builder_version=\u00bb4.3.2&#8243; custom_margin=\u00bb136px|||-110px||\u00bb custom_padding=\u00bb|||13px||\u00bb]\n<p><strong>Una ciudad\/asentamiento humano con <a href=\"https:\/\/www.right2city.org\/es\/themes\/economias-diversas-e-inclusivas\/\">econom\u00edas diversas e inclusivas<\/a><\/strong> que salvaguarde y asegure el acceso a medios de vida seguros y trabajo decente para todes les habitantes, d\u00e9 cabida a otras econom\u00edas (por ejemplo, econom\u00eda social y solidaria, econom\u00eda compartida), reconozca el cuidado dom\u00e9stico y el trabajo comunitario desarrollado en gran medida por las mujeres, y garantice el pleno desarrollo de las mujeres y las ni\u00f1as.<\/p>\n[\/et_pb_text][et_pb_text _builder_version=\u00bb4.3.2&#8243; custom_margin=\u00bb122px|||-102px||\u00bb custom_padding=\u00bb0px|||0px||\u00bb]\n<p><strong>Una ciudad\/asentamiento humano sostenible con <a href=\"https:\/\/www.right2city.org\/es\/themes\/vinculos-rurales-locales\/\">v\u00ednculos urbano-rurales inclusivos<\/a><\/strong> que beneficie a las personas empobrecidas, tanto en zonas rurales como urbanas, y asegure la soberan\u00eda alimentaria; una ciudad o asentamiento humano que proteja la biodiversidad, los h\u00e1bitats naturales y los ecosistemas de su entorno.<\/p>\n[\/et_pb_text][\/et_pb_column][\/et_pb_row][\/et_pb_section]\n","protected":false},"excerpt":{"rendered":"<p>Componentes del Derecho a la Ciudad El Derecho a la Ciudad concibe las ciudades y los asentamientos humanos como bienes comunes que deben ser compartidos y beneficiar a todes les miembros de la comunidad. Este principio cristaliza en los siguientes componentes del Derecho a la Ciudad:Una ciudad\/asentamiento humano libre de discriminaci\u00f3n por motivos de g\u00e9nero, [&hellip;]<\/p>\n","protected":false},"author":4,"featured_media":0,"parent":0,"menu_order":0,"comment_status":"closed","ping_status":"closed","template":"","meta":{"_acf_changed":false,"_et_pb_use_builder":"on","_et_pb_old_content":"","_et_gb_content_width":"","cybocfi_hide_featured_image":"","footnotes":""},"themes":[],"agendas_globales":[],"class_list":["post-49103","page","type-page","status-publish","hentry"],"acf":[],"yoast_head":"<!-- This site is optimized with the Yoast SEO plugin v27.3 - https:\/\/yoast.com\/product\/yoast-seo-wordpress\/ -->\n<title>Componentes del Derecho a la Ciudad - Right to the city<\/title>\n<meta name=\"robots\" content=\"index, follow, max-snippet:-1, max-image-preview:large, max-video-preview:-1\" \/>\n<link rel=\"canonical\" href=\"https:\/\/www.right2city.org\/es\/componentes-del-derecho-a-la-ciudad\/\" \/>\n<meta property=\"og:locale\" content=\"es_ES\" \/>\n<meta property=\"og:type\" content=\"article\" \/>\n<meta property=\"og:title\" content=\"Componentes del Derecho a la Ciudad - Right to the city\" \/>\n<meta property=\"og:description\" content=\"Componentes del Derecho a la Ciudad El Derecho a la Ciudad concibe las ciudades y los asentamientos humanos como bienes comunes que deben ser compartidos y beneficiar a todes les miembros de la comunidad. Este principio cristaliza en los siguientes componentes del Derecho a la Ciudad:Una ciudad\/asentamiento humano libre de discriminaci\u00f3n por motivos de g\u00e9nero, [&hellip;]\" \/>\n<meta property=\"og:url\" content=\"https:\/\/www.right2city.org\/es\/componentes-del-derecho-a-la-ciudad\/\" \/>\n<meta property=\"og:site_name\" content=\"Right to the city\" \/>\n<meta property=\"article:modified_time\" content=\"2021-07-14T11:55:27+00:00\" \/>\n<meta name=\"twitter:card\" content=\"summary_large_image\" \/>\n<meta name=\"twitter:label1\" content=\"Tiempo de lectura\" \/>\n\t<meta name=\"twitter:data1\" content=\"6 minutos\" \/>\n<script type=\"application\/ld+json\" class=\"yoast-schema-graph\">{\"@context\":\"https:\\\/\\\/schema.org\",\"@graph\":[{\"@type\":\"WebPage\",\"@id\":\"https:\\\/\\\/www.right2city.org\\\/es\\\/componentes-del-derecho-a-la-ciudad\\\/\",\"url\":\"https:\\\/\\\/www.right2city.org\\\/es\\\/componentes-del-derecho-a-la-ciudad\\\/\",\"name\":\"Componentes del Derecho a la Ciudad - Right to the city\",\"isPartOf\":{\"@id\":\"https:\\\/\\\/www.right2city.org\\\/es\\\/#website\"},\"datePublished\":\"2019-08-06T18:27:08+00:00\",\"dateModified\":\"2021-07-14T11:55:27+00:00\",\"breadcrumb\":{\"@id\":\"https:\\\/\\\/www.right2city.org\\\/es\\\/componentes-del-derecho-a-la-ciudad\\\/#breadcrumb\"},\"inLanguage\":\"es\",\"potentialAction\":[{\"@type\":\"ReadAction\",\"target\":[\"https:\\\/\\\/www.right2city.org\\\/es\\\/componentes-del-derecho-a-la-ciudad\\\/\"]}]},{\"@type\":\"BreadcrumbList\",\"@id\":\"https:\\\/\\\/www.right2city.org\\\/es\\\/componentes-del-derecho-a-la-ciudad\\\/#breadcrumb\",\"itemListElement\":[{\"@type\":\"ListItem\",\"position\":1,\"name\":\"Home\",\"item\":\"https:\\\/\\\/www.right2city.org\\\/es\\\/\"},{\"@type\":\"ListItem\",\"position\":2,\"name\":\"Componentes del Derecho a la Ciudad\"}]},{\"@type\":\"WebSite\",\"@id\":\"https:\\\/\\\/www.right2city.org\\\/es\\\/#website\",\"url\":\"https:\\\/\\\/www.right2city.org\\\/es\\\/\",\"name\":\"Right to the city\",\"description\":\"Global Platform for the Right to the City\",\"potentialAction\":[{\"@type\":\"SearchAction\",\"target\":{\"@type\":\"EntryPoint\",\"urlTemplate\":\"https:\\\/\\\/www.right2city.org\\\/es\\\/?s={search_term_string}\"},\"query-input\":{\"@type\":\"PropertyValueSpecification\",\"valueRequired\":true,\"valueName\":\"search_term_string\"}}],\"inLanguage\":\"es\"}]}<\/script>\n<!-- \/ Yoast SEO plugin. -->","yoast_head_json":{"title":"Componentes del Derecho a la Ciudad - Right to the city","robots":{"index":"index","follow":"follow","max-snippet":"max-snippet:-1","max-image-preview":"max-image-preview:large","max-video-preview":"max-video-preview:-1"},"canonical":"https:\/\/www.right2city.org\/es\/componentes-del-derecho-a-la-ciudad\/","og_locale":"es_ES","og_type":"article","og_title":"Componentes del Derecho a la Ciudad - Right to the city","og_description":"Componentes del Derecho a la Ciudad El Derecho a la Ciudad concibe las ciudades y los asentamientos humanos como bienes comunes que deben ser compartidos y beneficiar a todes les miembros de la comunidad. Este principio cristaliza en los siguientes componentes del Derecho a la Ciudad:Una ciudad\/asentamiento humano libre de discriminaci\u00f3n por motivos de g\u00e9nero, [&hellip;]","og_url":"https:\/\/www.right2city.org\/es\/componentes-del-derecho-a-la-ciudad\/","og_site_name":"Right to the city","article_modified_time":"2021-07-14T11:55:27+00:00","twitter_card":"summary_large_image","twitter_misc":{"Tiempo de lectura":"6 minutos"},"schema":{"@context":"https:\/\/schema.org","@graph":[{"@type":"WebPage","@id":"https:\/\/www.right2city.org\/es\/componentes-del-derecho-a-la-ciudad\/","url":"https:\/\/www.right2city.org\/es\/componentes-del-derecho-a-la-ciudad\/","name":"Componentes del Derecho a la Ciudad - Right to the city","isPartOf":{"@id":"https:\/\/www.right2city.org\/es\/#website"},"datePublished":"2019-08-06T18:27:08+00:00","dateModified":"2021-07-14T11:55:27+00:00","breadcrumb":{"@id":"https:\/\/www.right2city.org\/es\/componentes-del-derecho-a-la-ciudad\/#breadcrumb"},"inLanguage":"es","potentialAction":[{"@type":"ReadAction","target":["https:\/\/www.right2city.org\/es\/componentes-del-derecho-a-la-ciudad\/"]}]},{"@type":"BreadcrumbList","@id":"https:\/\/www.right2city.org\/es\/componentes-del-derecho-a-la-ciudad\/#breadcrumb","itemListElement":[{"@type":"ListItem","position":1,"name":"Home","item":"https:\/\/www.right2city.org\/es\/"},{"@type":"ListItem","position":2,"name":"Componentes del Derecho a la Ciudad"}]},{"@type":"WebSite","@id":"https:\/\/www.right2city.org\/es\/#website","url":"https:\/\/www.right2city.org\/es\/","name":"Right to the city","description":"Global Platform for the Right to the City","potentialAction":[{"@type":"SearchAction","target":{"@type":"EntryPoint","urlTemplate":"https:\/\/www.right2city.org\/es\/?s={search_term_string}"},"query-input":{"@type":"PropertyValueSpecification","valueRequired":true,"valueName":"search_term_string"}}],"inLanguage":"es"}]}},"_links":{"self":[{"href":"https:\/\/www.right2city.org\/es\/wp-json\/wp\/v2\/pages\/49103","targetHints":{"allow":["GET"]}}],"collection":[{"href":"https:\/\/www.right2city.org\/es\/wp-json\/wp\/v2\/pages"}],"about":[{"href":"https:\/\/www.right2city.org\/es\/wp-json\/wp\/v2\/types\/page"}],"author":[{"embeddable":true,"href":"https:\/\/www.right2city.org\/es\/wp-json\/wp\/v2\/users\/4"}],"replies":[{"embeddable":true,"href":"https:\/\/www.right2city.org\/es\/wp-json\/wp\/v2\/comments?post=49103"}],"version-history":[{"count":12,"href":"https:\/\/www.right2city.org\/es\/wp-json\/wp\/v2\/pages\/49103\/revisions"}],"predecessor-version":[{"id":60425,"href":"https:\/\/www.right2city.org\/es\/wp-json\/wp\/v2\/pages\/49103\/revisions\/60425"}],"wp:attachment":[{"href":"https:\/\/www.right2city.org\/es\/wp-json\/wp\/v2\/media?parent=49103"}],"wp:term":[{"taxonomy":"themes","embeddable":true,"href":"https:\/\/www.right2city.org\/es\/wp-json\/wp\/v2\/themes?post=49103"},{"taxonomy":"agendas_globales","embeddable":true,"href":"https:\/\/www.right2city.org\/es\/wp-json\/wp\/v2\/agendas_globales?post=49103"}],"curies":[{"name":"wp","href":"https:\/\/api.w.org\/{rel}","templated":true}]}}