{"id":49106,"date":"2019-08-06T20:32:07","date_gmt":"2019-08-06T18:32:07","guid":{"rendered":"http:\/\/righttothecity.puntzero.cat\/?page_id=49106"},"modified":"2021-06-18T10:51:56","modified_gmt":"2021-06-18T08:51:56","slug":"el-derecho-a-la-ciudad","status":"publish","type":"page","link":"https:\/\/www.right2city.org\/es\/el-derecho-a-la-ciudad\/","title":{"rendered":"El Derecho a la Ciudad"},"content":{"rendered":"[et_pb_section fb_built=\u00bb1&#8243; admin_label=\u00bbsection\u00bb _builder_version=\u00bb3.22&#8243;][et_pb_row admin_label=\u00bbrow\u00bb _builder_version=\u00bb3.25&#8243; background_size=\u00bbinitial\u00bb background_position=\u00bbtop_left\u00bb background_repeat=\u00bbrepeat\u00bb][et_pb_column type=\u00bb4_4&#8243; _builder_version=\u00bb3.25&#8243; custom_padding=\u00bb|||\u00bb custom_padding__hover=\u00bb|||\u00bb][et_pb_accordion open_toggle_text_color=\u00bb#800080&#8243; closed_toggle_text_color=\u00bb#ffa129&#8243; _builder_version=\u00bb4.3.2&#8243; toggle_text_color=\u00bb#000000&#8243; toggle_font=\u00bb|800|||||||\u00bb toggle_font_size=\u00bb24px\u00bb closed_toggle_font=\u00bb|700|||||||\u00bb hover_enabled=\u00bb0&#8243;][et_pb_accordion_item title=\u00bb\u00bfQu\u00e9 es el Derecho a la Ciudad?\u00bb open_toggle_text_color=\u00bb#800080&#8243; _builder_version=\u00bb4.3.2&#8243; hover_enabled=\u00bb0&#8243; toggle_font=\u00bb|800|||||||\u00bb toggle_font_size=\u00bb24px\u00bb open=\u00bbon\u00bb]\n<p><img loading=\"lazy\" decoding=\"async\" class=\"wp-image-50139  alignright\" src=\"https:\/\/www.right2city.org\/wp-content\/uploads\/2019\/09\/COVER3.jpg\" alt=\"\" width=\"233\" height=\"235\" srcset=\"https:\/\/www.right2city.org\/wp-content\/uploads\/2019\/09\/COVER3.jpg 428w, https:\/\/www.right2city.org\/wp-content\/uploads\/2019\/09\/COVER3-150x150.jpg 150w, https:\/\/www.right2city.org\/wp-content\/uploads\/2019\/09\/COVER3-298x300.jpg 298w\" sizes=\"(max-width: 233px) 100vw, 233px\" \/><\/p>\n<p style=\"text-align: center;\"><span style=\"color: #800080; font-size: 14pt;\"><b>El Derecho a la Ciudad es el derecho de todes les habitantes, presentes y futures, permanentes y temporales <\/b><\/span><span style=\"color: #800080; font-size: 14pt;\"><b>a ha<\/b><\/span><span style=\"color: #800080; font-size: 14pt;\"><b>bitar, usar, ocupar, producir, gobernar y disfrutar de ciudades, pueblos y asentamientos humanos justos, inclusivos, seguros y sostenibles, definidos como bienes comunes esenciales para una vida plena y decente.<\/b><\/span><\/p>\n<p><span style=\"font-weight: 400;\">El Derecho a la Ciudad es un derecho colectivo que pone de relieve la integralidad territorial y la interdependencia de todos los actores civiles, pol\u00edticos, econ\u00f3micos, sociales, culturales y ambientales reconocidos internacionalmente, tal como se regulan en los tratados internacionales sobre derechos humanos, dot\u00e1ndolos de la dimensi\u00f3n territorial y centr\u00e1ndose en la consecuci\u00f3n de un nivel de vida adecuado.<\/span><\/p>\n[\/et_pb_accordion_item][et_pb_accordion_item title=\u00bb\u00bfPor qu\u00e9 el Derecho a la Ciudad?\u00bb open=\u00bboff\u00bb _builder_version=\u00bb4.3.2&#8243;]\n<p style=\"text-align: justify;\"><span style=\"font-weight: 400;\"><img loading=\"lazy\" decoding=\"async\" class=\"wp-image-56719 size-full alignleft\" src=\"https:\/\/www.right2city.org\/wp-content\/uploads\/2020\/09\/R2C-for-all.png\" alt=\"\" width=\"679\" height=\"505\" srcset=\"https:\/\/www.right2city.org\/wp-content\/uploads\/2020\/09\/R2C-for-all.png 679w, https:\/\/www.right2city.org\/wp-content\/uploads\/2020\/09\/R2C-for-all-480x357.png 480w\" sizes=\"(min-width: 0px) and (max-width: 480px) 480px, (min-width: 481px) 679px, 100vw\" \/>En el coraz\u00f3n del Derecho a la Ciudad est\u00e1 la visi\u00f3n de ciudades y asentamientos humanos <strong>descentralizados, inclusivos y sostenibles que aseguren oportunidades de empleo, salud, educaci\u00f3n, ocio y cultura para todos sus habitantes.\u00a0<\/strong><\/span><\/p>\n<p style=\"text-align: justify;\"><span style=\"font-weight: 400;\">Bajo el actual modelo de desarrollo urbano, en el que prevalece una l\u00f3gica neoliberal que beneficia principalmente a los intereses econ\u00f3micos por encima de los valores sociales, estamos asistiendo a varios procesos interrelacionados que tienen en com\u00fan el resultado de incrementar las desigualdades y la exclusi\u00f3n. Entre ellos, podemos citar la mercantilizaci\u00f3n de la tierra urbana, que est\u00e1 siendo robada al p\u00fablico y a las comunidades; el aburguesamiento de los barrios tradicionales y populares; la privatizaci\u00f3n de los espacios colectivos; y el uso de fondos p\u00fablicos para promover una mayor infraestructura para los ricos.\u00a0<\/span><\/p>\n<p style=\"text-align: justify;\"><span style=\"font-weight: 400;\"><br \/>El Derecho a la Ciudad cambia el enfoque de nuestras ciudades de ser campos de juego para el capital y el beneficio, a <strong>ser entidades sociales, pol\u00edticas y econ\u00f3micas vivas<\/strong>. Al reclamar los espacios urbanos como lugares colectivos para las personas, por las personas, se busca evitar la marginaci\u00f3n, criminalizaci\u00f3n y expulsi\u00f3n de grandes sectores de la poblaci\u00f3n de nuestras ciudades.<\/span><\/p>\n[\/et_pb_accordion_item][et_pb_accordion_item title=\u00bb\u00bfCu\u00e1les son las principales ideas detr\u00e1s del Derecho a la Ciudad?\u00bb _builder_version=\u00bb4.3.2&#8243; open=\u00bboff\u00bb]\n<p><img loading=\"lazy\" decoding=\"async\" class=\"alignright wp-image-56795 size-medium\" src=\"https:\/\/www.right2city.org\/wp-content\/uploads\/2020\/09\/PilaresDAC-300x300.png\" alt=\"\" width=\"289\" height=\"289\" \/><span style=\"font-size: 16px;\">Las ciudades y los asentamientos humanos son entidades polifac\u00e9ticas que no pueden reducirse a su dimensi\u00f3n material (es decir, edificios, calles, infraestructuras); est\u00e1n de hecho compuestos por ideas (dimensi\u00f3n pol\u00edtica), as\u00ed como de valores sociales (dimensi\u00f3n simb\u00f3lica).<\/span><\/p>\n<p>Comprendiendo las ciudades y los asentamientos humanos como un fen\u00f3meno complejo, el Derecho a la Ciudad se basa en tres pilares interdependientes que se relacionan con cada una de las dimensiones anteriores.<\/p>\n[\/et_pb_accordion_item][\/et_pb_accordion][\/et_pb_column][\/et_pb_row][\/et_pb_section]\n","protected":false},"excerpt":{"rendered":"<p>El Derecho a la Ciudad es el derecho de todes les habitantes, presentes y futures, permanentes y temporales a habitar, usar, ocupar, producir, gobernar y disfrutar de ciudades, pueblos y asentamientos humanos justos, inclusivos, seguros y sostenibles, definidos como bienes comunes esenciales para una vida plena y decente. El Derecho a la Ciudad es un [&hellip;]<\/p>\n","protected":false},"author":4,"featured_media":48461,"parent":0,"menu_order":0,"comment_status":"closed","ping_status":"closed","template":"","meta":{"_acf_changed":false,"_et_pb_use_builder":"on","_et_pb_old_content":"","_et_gb_content_width":"","cybocfi_hide_featured_image":"","footnotes":""},"themes":[],"agendas_globales":[],"class_list":["post-49106","page","type-page","status-publish","has-post-thumbnail","hentry"],"acf":[],"yoast_head":"<!-- This site is optimized with the Yoast SEO plugin v27.4 - https:\/\/yoast.com\/product\/yoast-seo-wordpress\/ -->\n<title>El Derecho a la Ciudad - Right to the city<\/title>\n<meta name=\"robots\" content=\"index, follow, max-snippet:-1, max-image-preview:large, max-video-preview:-1\" \/>\n<link rel=\"canonical\" href=\"https:\/\/www.right2city.org\/es\/el-derecho-a-la-ciudad\/\" \/>\n<meta property=\"og:locale\" content=\"es_ES\" \/>\n<meta property=\"og:type\" content=\"article\" \/>\n<meta property=\"og:title\" content=\"El Derecho a la Ciudad - Right to the city\" \/>\n<meta property=\"og:description\" content=\"El Derecho a la Ciudad es el derecho de todes les habitantes, presentes y futures, permanentes y temporales a habitar, usar, ocupar, producir, gobernar y disfrutar de ciudades, pueblos y asentamientos humanos justos, inclusivos, seguros y sostenibles, definidos como bienes comunes esenciales para una vida plena y decente. El Derecho a la Ciudad es un [&hellip;]\" \/>\n<meta property=\"og:url\" content=\"https:\/\/www.right2city.org\/es\/el-derecho-a-la-ciudad\/\" \/>\n<meta property=\"og:site_name\" content=\"Right to the city\" \/>\n<meta property=\"article:modified_time\" content=\"2021-06-18T08:51:56+00:00\" \/>\n<meta property=\"og:image\" content=\"https:\/\/www.right2city.org\/wp-content\/uploads\/2019\/05\/vonecia-carswell-613625-unsplash.jpg\" \/>\n\t<meta property=\"og:image:width\" content=\"2736\" \/>\n\t<meta property=\"og:image:height\" content=\"1824\" \/>\n\t<meta property=\"og:image:type\" content=\"image\/jpeg\" \/>\n<meta name=\"twitter:card\" content=\"summary_large_image\" \/>\n<meta name=\"twitter:label1\" content=\"Tiempo de lectura\" \/>\n\t<meta name=\"twitter:data1\" content=\"3 minutos\" \/>\n<script type=\"application\/ld+json\" class=\"yoast-schema-graph\">{\"@context\":\"https:\\\/\\\/schema.org\",\"@graph\":[{\"@type\":\"WebPage\",\"@id\":\"https:\\\/\\\/www.right2city.org\\\/es\\\/el-derecho-a-la-ciudad\\\/\",\"url\":\"https:\\\/\\\/www.right2city.org\\\/es\\\/el-derecho-a-la-ciudad\\\/\",\"name\":\"El Derecho a la Ciudad - Right to the city\",\"isPartOf\":{\"@id\":\"https:\\\/\\\/www.right2city.org\\\/es\\\/#website\"},\"primaryImageOfPage\":{\"@id\":\"https:\\\/\\\/www.right2city.org\\\/es\\\/el-derecho-a-la-ciudad\\\/#primaryimage\"},\"image\":{\"@id\":\"https:\\\/\\\/www.right2city.org\\\/es\\\/el-derecho-a-la-ciudad\\\/#primaryimage\"},\"thumbnailUrl\":\"https:\\\/\\\/www.right2city.org\\\/wp-content\\\/uploads\\\/2019\\\/05\\\/vonecia-carswell-613625-unsplash.jpg\",\"datePublished\":\"2019-08-06T18:32:07+00:00\",\"dateModified\":\"2021-06-18T08:51:56+00:00\",\"breadcrumb\":{\"@id\":\"https:\\\/\\\/www.right2city.org\\\/es\\\/el-derecho-a-la-ciudad\\\/#breadcrumb\"},\"inLanguage\":\"es\",\"potentialAction\":[{\"@type\":\"ReadAction\",\"target\":[\"https:\\\/\\\/www.right2city.org\\\/es\\\/el-derecho-a-la-ciudad\\\/\"]}]},{\"@type\":\"ImageObject\",\"inLanguage\":\"es\",\"@id\":\"https:\\\/\\\/www.right2city.org\\\/es\\\/el-derecho-a-la-ciudad\\\/#primaryimage\",\"url\":\"https:\\\/\\\/www.right2city.org\\\/wp-content\\\/uploads\\\/2019\\\/05\\\/vonecia-carswell-613625-unsplash.jpg\",\"contentUrl\":\"https:\\\/\\\/www.right2city.org\\\/wp-content\\\/uploads\\\/2019\\\/05\\\/vonecia-carswell-613625-unsplash.jpg\",\"width\":2736,\"height\":1824},{\"@type\":\"BreadcrumbList\",\"@id\":\"https:\\\/\\\/www.right2city.org\\\/es\\\/el-derecho-a-la-ciudad\\\/#breadcrumb\",\"itemListElement\":[{\"@type\":\"ListItem\",\"position\":1,\"name\":\"Home\",\"item\":\"https:\\\/\\\/www.right2city.org\\\/es\\\/\"},{\"@type\":\"ListItem\",\"position\":2,\"name\":\"El Derecho a la Ciudad\"}]},{\"@type\":\"WebSite\",\"@id\":\"https:\\\/\\\/www.right2city.org\\\/es\\\/#website\",\"url\":\"https:\\\/\\\/www.right2city.org\\\/es\\\/\",\"name\":\"Right to the city\",\"description\":\"Global Platform for the Right to the City\",\"potentialAction\":[{\"@type\":\"SearchAction\",\"target\":{\"@type\":\"EntryPoint\",\"urlTemplate\":\"https:\\\/\\\/www.right2city.org\\\/es\\\/?s={search_term_string}\"},\"query-input\":{\"@type\":\"PropertyValueSpecification\",\"valueRequired\":true,\"valueName\":\"search_term_string\"}}],\"inLanguage\":\"es\"}]}<\/script>\n<!-- \/ Yoast SEO plugin. -->","yoast_head_json":{"title":"El Derecho a la Ciudad - Right to the city","robots":{"index":"index","follow":"follow","max-snippet":"max-snippet:-1","max-image-preview":"max-image-preview:large","max-video-preview":"max-video-preview:-1"},"canonical":"https:\/\/www.right2city.org\/es\/el-derecho-a-la-ciudad\/","og_locale":"es_ES","og_type":"article","og_title":"El Derecho a la Ciudad - Right to the city","og_description":"El Derecho a la Ciudad es el derecho de todes les habitantes, presentes y futures, permanentes y temporales a habitar, usar, ocupar, producir, gobernar y disfrutar de ciudades, pueblos y asentamientos humanos justos, inclusivos, seguros y sostenibles, definidos como bienes comunes esenciales para una vida plena y decente. El Derecho a la Ciudad es un [&hellip;]","og_url":"https:\/\/www.right2city.org\/es\/el-derecho-a-la-ciudad\/","og_site_name":"Right to the city","article_modified_time":"2021-06-18T08:51:56+00:00","og_image":[{"width":2736,"height":1824,"url":"https:\/\/www.right2city.org\/wp-content\/uploads\/2019\/05\/vonecia-carswell-613625-unsplash.jpg","type":"image\/jpeg"}],"twitter_card":"summary_large_image","twitter_misc":{"Tiempo de lectura":"3 minutos"},"schema":{"@context":"https:\/\/schema.org","@graph":[{"@type":"WebPage","@id":"https:\/\/www.right2city.org\/es\/el-derecho-a-la-ciudad\/","url":"https:\/\/www.right2city.org\/es\/el-derecho-a-la-ciudad\/","name":"El Derecho a la Ciudad - Right to the city","isPartOf":{"@id":"https:\/\/www.right2city.org\/es\/#website"},"primaryImageOfPage":{"@id":"https:\/\/www.right2city.org\/es\/el-derecho-a-la-ciudad\/#primaryimage"},"image":{"@id":"https:\/\/www.right2city.org\/es\/el-derecho-a-la-ciudad\/#primaryimage"},"thumbnailUrl":"https:\/\/www.right2city.org\/wp-content\/uploads\/2019\/05\/vonecia-carswell-613625-unsplash.jpg","datePublished":"2019-08-06T18:32:07+00:00","dateModified":"2021-06-18T08:51:56+00:00","breadcrumb":{"@id":"https:\/\/www.right2city.org\/es\/el-derecho-a-la-ciudad\/#breadcrumb"},"inLanguage":"es","potentialAction":[{"@type":"ReadAction","target":["https:\/\/www.right2city.org\/es\/el-derecho-a-la-ciudad\/"]}]},{"@type":"ImageObject","inLanguage":"es","@id":"https:\/\/www.right2city.org\/es\/el-derecho-a-la-ciudad\/#primaryimage","url":"https:\/\/www.right2city.org\/wp-content\/uploads\/2019\/05\/vonecia-carswell-613625-unsplash.jpg","contentUrl":"https:\/\/www.right2city.org\/wp-content\/uploads\/2019\/05\/vonecia-carswell-613625-unsplash.jpg","width":2736,"height":1824},{"@type":"BreadcrumbList","@id":"https:\/\/www.right2city.org\/es\/el-derecho-a-la-ciudad\/#breadcrumb","itemListElement":[{"@type":"ListItem","position":1,"name":"Home","item":"https:\/\/www.right2city.org\/es\/"},{"@type":"ListItem","position":2,"name":"El Derecho a la Ciudad"}]},{"@type":"WebSite","@id":"https:\/\/www.right2city.org\/es\/#website","url":"https:\/\/www.right2city.org\/es\/","name":"Right to the city","description":"Global Platform for the Right to the City","potentialAction":[{"@type":"SearchAction","target":{"@type":"EntryPoint","urlTemplate":"https:\/\/www.right2city.org\/es\/?s={search_term_string}"},"query-input":{"@type":"PropertyValueSpecification","valueRequired":true,"valueName":"search_term_string"}}],"inLanguage":"es"}]}},"_links":{"self":[{"href":"https:\/\/www.right2city.org\/es\/wp-json\/wp\/v2\/pages\/49106","targetHints":{"allow":["GET"]}}],"collection":[{"href":"https:\/\/www.right2city.org\/es\/wp-json\/wp\/v2\/pages"}],"about":[{"href":"https:\/\/www.right2city.org\/es\/wp-json\/wp\/v2\/types\/page"}],"author":[{"embeddable":true,"href":"https:\/\/www.right2city.org\/es\/wp-json\/wp\/v2\/users\/4"}],"replies":[{"embeddable":true,"href":"https:\/\/www.right2city.org\/es\/wp-json\/wp\/v2\/comments?post=49106"}],"version-history":[{"count":6,"href":"https:\/\/www.right2city.org\/es\/wp-json\/wp\/v2\/pages\/49106\/revisions"}],"predecessor-version":[{"id":59988,"href":"https:\/\/www.right2city.org\/es\/wp-json\/wp\/v2\/pages\/49106\/revisions\/59988"}],"wp:featuredmedia":[{"embeddable":true,"href":"https:\/\/www.right2city.org\/es\/wp-json\/wp\/v2\/media\/48461"}],"wp:attachment":[{"href":"https:\/\/www.right2city.org\/es\/wp-json\/wp\/v2\/media?parent=49106"}],"wp:term":[{"taxonomy":"themes","embeddable":true,"href":"https:\/\/www.right2city.org\/es\/wp-json\/wp\/v2\/themes?post=49106"},{"taxonomy":"agendas_globales","embeddable":true,"href":"https:\/\/www.right2city.org\/es\/wp-json\/wp\/v2\/agendas_globales?post=49106"}],"curies":[{"name":"wp","href":"https:\/\/api.w.org\/{rel}","templated":true}]}}