{"id":49111,"date":"2019-08-06T20:40:39","date_gmt":"2019-08-06T18:40:39","guid":{"rendered":"http:\/\/righttothecity.puntzero.cat\/?page_id=49111"},"modified":"2021-12-27T12:36:01","modified_gmt":"2021-12-27T10:36:01","slug":"vision-mision-2","status":"publish","type":"page","link":"https:\/\/www.right2city.org\/es\/vision-mision-2\/","title":{"rendered":"Visi\u00f3n + Misi\u00f3n"},"content":{"rendered":"<h2><b>Visi\u00f3n<\/b><\/h2>\n<p><span style=\"font-weight: 400;\">Ciudades, pueblos y comunidades humanas <strong>democr\u00e1ticas<\/strong>, <strong>diversas<\/strong>, <strong>solidarias<\/strong> y <strong>sostenibles<\/strong>; entendidas como <strong>bienes comunes<\/strong>, que todes les habitantes &#8211; presentes y futuros, permanentes y temporales &#8211; tienen derecho a habitar, usar, ocupar, producir, gobernar y disfrutar en paz y con dignidad. Concebimos comunidades que:<\/span><\/p>\n<ul>\n<li><span style=\"font-weight: 400;\"><strong>luchan contra la colonizaci\u00f3n, el patriarcado, el racismo, la homofobia, la xenofobia y la discriminaci\u00f3n<\/strong>;<\/span><\/li>\n<li><span style=\"font-weight: 400;\">facilitan y apoyan a las personas para que vivan libremente su dignidad y expresen su cultura, valores\/principios pol\u00edticos, espiritualidad, amor, en paz y respeto;<\/span><\/li>\n<li><span style=\"font-weight: 400;\"><strong>desarrollan una vida pol\u00edtica basada en la participaci\u00f3n ciudadana<\/strong>, la toma de decisiones democr\u00e1ticas, la promoci\u00f3n de la ciudadan\u00eda activa y de las diferentes formas de organizaci\u00f3n y acci\u00f3n pol\u00edtica;<\/span><\/li>\n<li><span style=\"font-weight: 400;\">enfatizan el <strong>derecho a procesos autogestionados<\/strong>, a la vez que co-gestionan y cocrean el \u00e1mbito p\u00fablico y los bienes comunes;<\/span><\/li>\n<li><span style=\"font-weight: 400;\">conciben y ponen en pr\u00e1ctica una econom\u00eda para las personas y para la comunidad, una <strong>econom\u00eda del cuidado, social, diversa y solidaria<\/strong>;<\/span><\/li>\n<li><span style=\"font-weight: 400;\"><strong>reconocen la necesidad urgente de proteger y cuidar el planeta<\/strong>, entendiendo que los procesos ecol\u00f3gicos y ambientales son, a la vez, facilitados y desproporcionadamente amenazados por los territorios urbanos y, por lo tanto, situando a los seres humanos y a las relaciones entre ellos y con la naturaleza en el centro de sus pensamientos y acciones;<\/span><\/li>\n<li><span style=\"font-weight: 400;\"><strong>protegen sus pr\u00e1cticas socioculturales colectivas y emancipadoras y recuerdos<\/strong>;<\/span><\/li>\n<li><span style=\"font-weight: 400;\">recuerdan, reinterpretan y reescriben su historia, para <strong>mirar hacia el futuro aprendiendo de su pasado<\/strong>.<\/span><\/li>\n<\/ul>\n<p>&nbsp;<\/p>\n<h2><b>Misi\u00f3n<\/b><\/h2>\n<p><span style=\"font-weight: 400;\"><strong>Somos una red abierta, flexible y diversa de la sociedad civil y de organizaciones de gobiernos locales<\/strong> comprometidas con la acci\u00f3n pol\u00edtica y el cambio social a trav\u00e9s de la promoci\u00f3n, defensa y cumplimiento del <strong>Derecho a la Ciudad<\/strong> en el \u00e1mbito global, regional y local, dando una voz particular a las personas y comunidades afectados por la exclusi\u00f3n y la marginaci\u00f3n. La Plataforma pretende contribuir a la aparici\u00f3n de <strong>nuevas utop\u00edas emancipadoras y pactos sociales por un futuro mejor en todos los asentamientos humanos<\/strong>. <\/span><span style=\"font-weight: 400;\">Juntos, pretendemos dar visibilidad y construir un di\u00e1logo con las visiones de mundo ya existentes para crear nuevos imaginarios colectivos posibles. Para hacer estos cambios para las comunidades de todo el mundo, el trabajo de la PGDC abarca los niveles pol\u00edtico, social y cultural, con un fuerte enfoque en:<\/span><\/p>\n<ul>\n<li><b>Construir una comunidad de pr\u00e1cticas y conocimiento entorno al Derecho a la Ciudad<\/b><span style=\"font-weight: 400;\">. Para ello, la plataforma busca actuar como un espacio de articulaci\u00f3n, producci\u00f3n de contenidos, comunicaci\u00f3n y difusi\u00f3n de praxis, acciones y movilizaciones, tanto en el estudio como en la investigaci\u00f3n sobre el Derecho a la Ciudad, as\u00ed como en la implementaci\u00f3n de pol\u00edticas. La colaboraci\u00f3n es fundamental en este proceso; debemos asegurarnos de que el conocimiento y las estrategias se puedan adaptar a las especificidades locales, identificar, traduciendo y sobre todo, respetando las diversas formas de comprender, reivindicar e implementar el Derecho a la Ciudad.<\/span><\/li>\n<li><b>Fortalecer las acciones y luchas sociales locales y nacionales, y las movilizaciones internacionales en el marco del Derecho a la Ciudad<\/b><span style=\"font-weight: 400;\">, promoviendo su visibilidad en los foros internacionales y expresando solidaridad con campa\u00f1as y otras iniciativas.<\/span><\/li>\n<li><b>Abogar por cambios a nivel internacional (agendas globales y actores internacionales) que puedan representar, llevar a cabo y promover un impacto positivo a nivel local, regional y nacional<\/b><span style=\"font-weight: 400;\">, identificando espacios y momentos relevantes, estableciendo mensajes clave para los diversos actores y metas de incidencia a corto, mediano y largo plazo.<\/span><\/li>\n<li><b>Asegurar la implementaci\u00f3n del Derecho a la Ciudad<\/b><span style=\"font-weight: 400;\"> introduci\u00e9ndolo en acciones, iniciativas, compromisos, pol\u00edticas, proyectos y legislaci\u00f3n locales, nacionales, regionales e internacionales; monitoreando su cumplimiento y denunciando sus violaciones y reveses, incluyendo la responsabilidad social y ambiental de los sectores p\u00fablico y privado.<\/span><\/li>\n<\/ul>\n","protected":false},"excerpt":{"rendered":"<p>Visi\u00f3n Ciudades, pueblos y comunidades humanas democr\u00e1ticas, diversas, solidarias y sostenibles; entendidas como bienes comunes, que todes les habitantes &#8211; presentes y futuros, permanentes y temporales &#8211; tienen derecho a habitar, usar, ocupar, producir, gobernar y disfrutar en paz y con dignidad. Concebimos comunidades que: luchan contra la colonizaci\u00f3n, el patriarcado, el racismo, la homofobia, [&hellip;]<\/p>\n","protected":false},"author":4,"featured_media":0,"parent":0,"menu_order":0,"comment_status":"closed","ping_status":"closed","template":"","meta":{"_acf_changed":false,"_et_pb_use_builder":"off","_et_pb_old_content":"","_et_gb_content_width":"","cybocfi_hide_featured_image":"","footnotes":""},"themes":[],"agendas_globales":[],"class_list":["post-49111","page","type-page","status-publish","hentry"],"acf":[],"yoast_head":"<!-- This site is optimized with the Yoast SEO plugin v27.3 - https:\/\/yoast.com\/product\/yoast-seo-wordpress\/ -->\n<title>Visi\u00f3n + Misi\u00f3n - Right to the city<\/title>\n<meta name=\"robots\" content=\"index, follow, max-snippet:-1, max-image-preview:large, max-video-preview:-1\" \/>\n<link rel=\"canonical\" href=\"https:\/\/www.right2city.org\/es\/vision-mision-2\/\" \/>\n<meta property=\"og:locale\" content=\"es_ES\" \/>\n<meta property=\"og:type\" content=\"article\" \/>\n<meta property=\"og:title\" content=\"Visi\u00f3n + Misi\u00f3n - Right to the city\" \/>\n<meta property=\"og:description\" content=\"Visi\u00f3n Ciudades, pueblos y comunidades humanas democr\u00e1ticas, diversas, solidarias y sostenibles; entendidas como bienes comunes, que todes les habitantes &#8211; presentes y futuros, permanentes y temporales &#8211; tienen derecho a habitar, usar, ocupar, producir, gobernar y disfrutar en paz y con dignidad. Concebimos comunidades que: luchan contra la colonizaci\u00f3n, el patriarcado, el racismo, la homofobia, [&hellip;]\" \/>\n<meta property=\"og:url\" content=\"https:\/\/www.right2city.org\/es\/vision-mision-2\/\" \/>\n<meta property=\"og:site_name\" content=\"Right to the city\" \/>\n<meta property=\"article:modified_time\" content=\"2021-12-27T10:36:01+00:00\" \/>\n<meta name=\"twitter:card\" content=\"summary_large_image\" \/>\n<meta name=\"twitter:label1\" content=\"Tiempo de lectura\" \/>\n\t<meta name=\"twitter:data1\" content=\"3 minutos\" \/>\n<script type=\"application\/ld+json\" class=\"yoast-schema-graph\">{\"@context\":\"https:\\\/\\\/schema.org\",\"@graph\":[{\"@type\":\"WebPage\",\"@id\":\"https:\\\/\\\/www.right2city.org\\\/es\\\/vision-mision-2\\\/\",\"url\":\"https:\\\/\\\/www.right2city.org\\\/es\\\/vision-mision-2\\\/\",\"name\":\"Visi\u00f3n + Misi\u00f3n - Right to the city\",\"isPartOf\":{\"@id\":\"https:\\\/\\\/www.right2city.org\\\/es\\\/#website\"},\"datePublished\":\"2019-08-06T18:40:39+00:00\",\"dateModified\":\"2021-12-27T10:36:01+00:00\",\"breadcrumb\":{\"@id\":\"https:\\\/\\\/www.right2city.org\\\/es\\\/vision-mision-2\\\/#breadcrumb\"},\"inLanguage\":\"es\",\"potentialAction\":[{\"@type\":\"ReadAction\",\"target\":[\"https:\\\/\\\/www.right2city.org\\\/es\\\/vision-mision-2\\\/\"]}]},{\"@type\":\"BreadcrumbList\",\"@id\":\"https:\\\/\\\/www.right2city.org\\\/es\\\/vision-mision-2\\\/#breadcrumb\",\"itemListElement\":[{\"@type\":\"ListItem\",\"position\":1,\"name\":\"Home\",\"item\":\"https:\\\/\\\/www.right2city.org\\\/es\\\/\"},{\"@type\":\"ListItem\",\"position\":2,\"name\":\"Visi\u00f3n + Misi\u00f3n\"}]},{\"@type\":\"WebSite\",\"@id\":\"https:\\\/\\\/www.right2city.org\\\/es\\\/#website\",\"url\":\"https:\\\/\\\/www.right2city.org\\\/es\\\/\",\"name\":\"Right to the city\",\"description\":\"Global Platform for the Right to the City\",\"potentialAction\":[{\"@type\":\"SearchAction\",\"target\":{\"@type\":\"EntryPoint\",\"urlTemplate\":\"https:\\\/\\\/www.right2city.org\\\/es\\\/?s={search_term_string}\"},\"query-input\":{\"@type\":\"PropertyValueSpecification\",\"valueRequired\":true,\"valueName\":\"search_term_string\"}}],\"inLanguage\":\"es\"}]}<\/script>\n<!-- \/ Yoast SEO plugin. -->","yoast_head_json":{"title":"Visi\u00f3n + Misi\u00f3n - Right to the city","robots":{"index":"index","follow":"follow","max-snippet":"max-snippet:-1","max-image-preview":"max-image-preview:large","max-video-preview":"max-video-preview:-1"},"canonical":"https:\/\/www.right2city.org\/es\/vision-mision-2\/","og_locale":"es_ES","og_type":"article","og_title":"Visi\u00f3n + Misi\u00f3n - Right to the city","og_description":"Visi\u00f3n Ciudades, pueblos y comunidades humanas democr\u00e1ticas, diversas, solidarias y sostenibles; entendidas como bienes comunes, que todes les habitantes &#8211; presentes y futuros, permanentes y temporales &#8211; tienen derecho a habitar, usar, ocupar, producir, gobernar y disfrutar en paz y con dignidad. Concebimos comunidades que: luchan contra la colonizaci\u00f3n, el patriarcado, el racismo, la homofobia, [&hellip;]","og_url":"https:\/\/www.right2city.org\/es\/vision-mision-2\/","og_site_name":"Right to the city","article_modified_time":"2021-12-27T10:36:01+00:00","twitter_card":"summary_large_image","twitter_misc":{"Tiempo de lectura":"3 minutos"},"schema":{"@context":"https:\/\/schema.org","@graph":[{"@type":"WebPage","@id":"https:\/\/www.right2city.org\/es\/vision-mision-2\/","url":"https:\/\/www.right2city.org\/es\/vision-mision-2\/","name":"Visi\u00f3n + Misi\u00f3n - Right to the city","isPartOf":{"@id":"https:\/\/www.right2city.org\/es\/#website"},"datePublished":"2019-08-06T18:40:39+00:00","dateModified":"2021-12-27T10:36:01+00:00","breadcrumb":{"@id":"https:\/\/www.right2city.org\/es\/vision-mision-2\/#breadcrumb"},"inLanguage":"es","potentialAction":[{"@type":"ReadAction","target":["https:\/\/www.right2city.org\/es\/vision-mision-2\/"]}]},{"@type":"BreadcrumbList","@id":"https:\/\/www.right2city.org\/es\/vision-mision-2\/#breadcrumb","itemListElement":[{"@type":"ListItem","position":1,"name":"Home","item":"https:\/\/www.right2city.org\/es\/"},{"@type":"ListItem","position":2,"name":"Visi\u00f3n + Misi\u00f3n"}]},{"@type":"WebSite","@id":"https:\/\/www.right2city.org\/es\/#website","url":"https:\/\/www.right2city.org\/es\/","name":"Right to the city","description":"Global Platform for the Right to the City","potentialAction":[{"@type":"SearchAction","target":{"@type":"EntryPoint","urlTemplate":"https:\/\/www.right2city.org\/es\/?s={search_term_string}"},"query-input":{"@type":"PropertyValueSpecification","valueRequired":true,"valueName":"search_term_string"}}],"inLanguage":"es"}]}},"_links":{"self":[{"href":"https:\/\/www.right2city.org\/es\/wp-json\/wp\/v2\/pages\/49111","targetHints":{"allow":["GET"]}}],"collection":[{"href":"https:\/\/www.right2city.org\/es\/wp-json\/wp\/v2\/pages"}],"about":[{"href":"https:\/\/www.right2city.org\/es\/wp-json\/wp\/v2\/types\/page"}],"author":[{"embeddable":true,"href":"https:\/\/www.right2city.org\/es\/wp-json\/wp\/v2\/users\/4"}],"replies":[{"embeddable":true,"href":"https:\/\/www.right2city.org\/es\/wp-json\/wp\/v2\/comments?post=49111"}],"version-history":[{"count":3,"href":"https:\/\/www.right2city.org\/es\/wp-json\/wp\/v2\/pages\/49111\/revisions"}],"predecessor-version":[{"id":63651,"href":"https:\/\/www.right2city.org\/es\/wp-json\/wp\/v2\/pages\/49111\/revisions\/63651"}],"wp:attachment":[{"href":"https:\/\/www.right2city.org\/es\/wp-json\/wp\/v2\/media?parent=49111"}],"wp:term":[{"taxonomy":"themes","embeddable":true,"href":"https:\/\/www.right2city.org\/es\/wp-json\/wp\/v2\/themes?post=49111"},{"taxonomy":"agendas_globales","embeddable":true,"href":"https:\/\/www.right2city.org\/es\/wp-json\/wp\/v2\/agendas_globales?post=49111"}],"curies":[{"name":"wp","href":"https:\/\/api.w.org\/{rel}","templated":true}]}}