{"id":50380,"date":"2019-09-27T18:38:10","date_gmt":"2019-09-27T16:38:10","guid":{"rendered":"https:\/\/www.right2city.org\/?page_id=50380"},"modified":"2021-12-27T14:36:21","modified_gmt":"2021-12-27T12:36:21","slug":"nuestra-historia","status":"publish","type":"page","link":"https:\/\/www.right2city.org\/es\/nuestra-historia\/","title":{"rendered":"Nuestra Historia"},"content":{"rendered":"<h2><b>Preparando el terreno para el Derecho a la Ciudad<\/b><\/h2>\n<p><span style=\"font-weight: 400;\">La idea del <strong>\u00abDerecho a la Ciudad\u00bb<\/strong> es mucho m\u00e1s antigua que la <strong>PGDC<\/strong>, que aboga por su implementaci\u00f3n efectiva cuanto pol\u00edtica p\u00fablica. Originalmente, el concepto fue introducido por primera vez por el soci\u00f3logo franc\u00e9s <strong>Henri Lefebvre<\/strong> en el libro <em>\u00abLe Droit \u00e0 la ville\u00bb<\/em> de 1968. Durante las d\u00e9cadas siguientes, la idea se desarroll\u00f3 a\u00fan m\u00e1s a medida que fue adoptada por movimientos sociales, gobiernos locales y organismos internacionales.\u00a0<\/span><\/p>\n<p><span style=\"font-weight: 400;\">Un paso importante en ese proceso fue la convergencia, a principios de la d\u00e9cada de 1990, de activistas de derechos humanos, ambientalistas, ONGs, movimientos sociales urbanos pobres, gobiernos locales y organismos internacionales en las Conferencias Globales de las Naciones Unidas. Estos di\u00e1logos incluyeron reuniones en <strong>Eco-92<\/strong> en R\u00edo de Janeiro, la <strong>Conferencia de Asentamientos Humanos (H\u00e1bitat II)<\/strong> en 1996, Estambul. Estos primeros di\u00e1logos permitieron reunir a estos grupos, entonces dispares, introduciendo las componentes del derecho a la ciudad en la <strong>Agenda 21 (A21)<\/strong> y en la <strong>Agenda H\u00e1bitat<\/strong> mediante la definici\u00f3n de las condiciones de vida adecuadas que deber\u00edan alcanzarse en los asentamientos humanos. Esto prepar\u00f3 el terreno para un empuje para internalizar el Derecho a la Ciudad como un derecho humano, aunque, en esta primera etapa, estos componentes no se hab\u00edan cristalizado en una <strong>Agenda del Derecho a la Ciudad<\/strong>.<\/span><\/p>\n<p><span style=\"font-weight: 400;\">En los primeros a\u00f1os del siglo XXI, estos esfuerzos fueron continuados por redes y foros globales que incorporaron temas urbanos en sus debates y di\u00e1logos, especialmente el <strong>Foro Social Mundial<\/strong> y el <strong>Foro Urbano Mundial<\/strong>. De estos a\u00f1os posteriores a la A21 se destacan los documentos de referencia construidos durante estos procesos como la <strong><a href=\"https:\/\/www.right2city.org\/es\/document\/carta-mundial-de-derecho-a-la-ciudad\/\" target=\"_blank\" rel=\"noopener noreferrer\">Carta Mundial del Derecho a la Ciudad<\/a><\/strong>, en los Foros Sociales Mundiales, y la Carta de la Agenda Global de los Derechos Humanos en las ciudades, construida a trav\u00e9s de redes y organizaciones de autoridades locales como la CGLU.<\/span><\/p>\n<p><span style=\"font-weight: 400;\">Existen varios documentos que tambi\u00e9n contribuyen a la comprensi\u00f3n del derecho a la ciudad como elemento estructural para promover pol\u00edticas de desarrollo urbano orientadas a la construcci\u00f3n de ciudades justas, democr\u00e1ticas y sostenibles, como por ejemplo:<\/span><\/p>\n<ul>\n<li style=\"font-weight: 400;\"><span style=\"font-weight: 400;\">Tratado sobre ciudades y pueblos justos, democr\u00e1ticos y sostenibles (1992);<\/span><\/li>\n<li style=\"font-weight: 400;\"><span style=\"font-weight: 400;\">Carta Europea para la Salvaguarda de los Derechos Humanos en la Ciudad (Saint Denis, 2000);<\/span><\/li>\n<li style=\"font-weight: 400;\"><span style=\"font-weight: 400;\">El Estatuto de la Ciudad de Brasil (Ley n.\u00ba 10.257 de 2001).<\/span><\/li>\n<\/ul>\n<p>&nbsp;<\/p>\n<h2><b>El nacimiento de la PGDC<\/b><\/h2>\n<p><span style=\"font-weight: 400;\">La <strong>Plataforma Global por el Derecho a la Ciudad<\/strong> fue lanzada en noviembre de 2014 por iniciativa de la <a href=\"https:\/\/www.hic-net.org\/\" target=\"_blank\" rel=\"noopener noreferrer\"><strong>Coalici\u00f3n Internacional del H\u00e1bitat<\/strong><\/a> y el <a href=\"https:\/\/polis.org.br\/\" target=\"_blank\" rel=\"noopener noreferrer\"><strong>Instituto Polis<\/strong><\/a> del Brasil, en la <strong>Reuni\u00f3n Internacional sobre el Derecho a la Ciudad<\/strong> celebrada en el Brasil. Los miembros fundadores vieron la necesidad de una plataforma internacional y fuerte en la que los movimientos y organizaciones sociales -que hab\u00edan estado trabajando juntos informalmente durante d\u00e9cadas en resultados como la <strong>Carta Mundial sobre el Derecho a la Ciudad<\/strong>&#8211; pudieran unir sus esfuerzos para fortalecer la reivindicaci\u00f3n del Derecho a la Ciudad en todo el mundo. La constituci\u00f3n de la PGDC fue considerada, en ese momento, extremadamente importante para fortalecer las luchas urbanas por la justicia social y para mejorar la movilizaci\u00f3n internacional para abordar la <strong>Agenda 2030 (ODSs)<\/strong> y la <strong>Tercera Conferencia de las Naciones Unidas sobre Vivienda y Desarrollo Urbano Sostenible (H\u00e1bitat III)<\/strong>, tomando en cuenta los encuentros globales como el Foro Social Mundial y el Foro Urbano Mundial.<\/span><\/p>\n<p><span style=\"font-weight: 400;\">Este trabajo colectivo sobre el Derecho a la Ciudad ha incluido el debate y la difusi\u00f3n de su significado; la presi\u00f3n para su inclusi\u00f3n en documentos relevantes, como la Nueva Agenda Urbana (NAU); y la promoci\u00f3n de su implementaci\u00f3n a trav\u00e9s de pol\u00edticas p\u00fablicas a nivel local, nacional, regional e internacional. Esta coordinaci\u00f3n result\u00f3 exitosa, resultando en el reconocimiento del Derecho a la Ciudad dentro del proceso de negociaci\u00f3n de H\u00e1bitat III de las Naciones Unidas, y su inclusi\u00f3n como un principio\/dimensi\u00f3n central en la NAU como resultado de la campa\u00f1a de incidencia y comunicaci\u00f3n.<\/span><\/p>\n<p>&nbsp;<\/p>\n<h2><b>La trayectoria de la PGDC<\/b><\/h2>\n<p><span style=\"font-weight: 400;\">La fuerza de nuestro trabajo y <strong>visi\u00f3n compartida del Derecho a la Ciudad<\/strong> proviene de su complejidad y de la diversidad de nuestra red de miembros y simpatizantes. M\u00e1s de <strong>250 organizaciones locales, nacionales, regionales e internacionales<\/strong> han contribuido a la Plataforma. La variedad de campos de los que proceden nuestros miembros aporta valiosas contribuciones a una comprensi\u00f3n colectiva de las realidades de los diferentes entornos en todo el mundo y de los retos espec\u00edficos, enriqueciendo nuestra visi\u00f3n compartida, nuestros conceptos b\u00e1sicos y nuestra gama de iniciativas. Sin embargo, su participaci\u00f3n no s\u00f3lo es importante para traer diferentes voces al <strong>PGDC<\/strong>, sino que tambi\u00e9n ayuda a la Plataforma a transmitir su mensaje a diferentes audiencias.<\/span><\/p>\n<p><span style=\"font-weight: 400;\">La labor de promoci\u00f3n de la Plataforma se ha visto acompa\u00f1ada de una amplia producci\u00f3n de <a href=\"https:\/\/www.right2city.org\/es\/publications\/\" target=\"_blank\" rel=\"noopener noreferrer\">actividades de investigaci\u00f3n<\/a> y <a href=\"https:\/\/www.right2city.org\/es\/recursos\/\" target=\"_blank\" rel=\"noopener noreferrer\">capacitaci\u00f3n<\/a>. Esto juega un papel estrat\u00e9gico en la difusi\u00f3n del Derecho a la Ciudad y pone de relieve pr\u00e1cticas y casos interesantes, ideas exitosas ya implementadas y resultados concretos que pueden inspirar el trabajo de los gobiernos locales y fortalecer las reivindicaciones de los movimientos sociales.<\/span><\/p>\n","protected":false},"excerpt":{"rendered":"<p>Preparando el terreno para el Derecho a la Ciudad La idea del \u00abDerecho a la Ciudad\u00bb es mucho m\u00e1s antigua que la PGDC, que aboga por su implementaci\u00f3n efectiva cuanto pol\u00edtica p\u00fablica. Originalmente, el concepto fue introducido por primera vez por el soci\u00f3logo franc\u00e9s Henri Lefebvre en el libro \u00abLe Droit \u00e0 la ville\u00bb de [&hellip;]<\/p>\n","protected":false},"author":4,"featured_media":0,"parent":0,"menu_order":0,"comment_status":"closed","ping_status":"closed","template":"","meta":{"_acf_changed":false,"_et_pb_use_builder":"off","_et_pb_old_content":"","_et_gb_content_width":"","cybocfi_hide_featured_image":"","footnotes":""},"themes":[],"agendas_globales":[],"class_list":["post-50380","page","type-page","status-publish","hentry"],"acf":[],"yoast_head":"<!-- This site is optimized with the Yoast SEO plugin v27.4 - https:\/\/yoast.com\/product\/yoast-seo-wordpress\/ -->\n<title>Nuestra Historia - Right to the city<\/title>\n<meta name=\"robots\" content=\"index, follow, max-snippet:-1, max-image-preview:large, max-video-preview:-1\" \/>\n<link rel=\"canonical\" href=\"https:\/\/www.right2city.org\/es\/nuestra-historia\/\" \/>\n<meta property=\"og:locale\" content=\"es_ES\" \/>\n<meta property=\"og:type\" content=\"article\" \/>\n<meta property=\"og:title\" content=\"Nuestra Historia - Right to the city\" \/>\n<meta property=\"og:description\" content=\"Preparando el terreno para el Derecho a la Ciudad La idea del \u00abDerecho a la Ciudad\u00bb es mucho m\u00e1s antigua que la PGDC, que aboga por su implementaci\u00f3n efectiva cuanto pol\u00edtica p\u00fablica. Originalmente, el concepto fue introducido por primera vez por el soci\u00f3logo franc\u00e9s Henri Lefebvre en el libro \u00abLe Droit \u00e0 la ville\u00bb de [&hellip;]\" \/>\n<meta property=\"og:url\" content=\"https:\/\/www.right2city.org\/es\/nuestra-historia\/\" \/>\n<meta property=\"og:site_name\" content=\"Right to the city\" \/>\n<meta property=\"article:modified_time\" content=\"2021-12-27T12:36:21+00:00\" \/>\n<meta name=\"twitter:card\" content=\"summary_large_image\" \/>\n<meta name=\"twitter:label1\" content=\"Tiempo de lectura\" \/>\n\t<meta name=\"twitter:data1\" content=\"4 minutos\" \/>\n<script type=\"application\/ld+json\" class=\"yoast-schema-graph\">{\"@context\":\"https:\\\/\\\/schema.org\",\"@graph\":[{\"@type\":\"WebPage\",\"@id\":\"https:\\\/\\\/www.right2city.org\\\/es\\\/nuestra-historia\\\/\",\"url\":\"https:\\\/\\\/www.right2city.org\\\/es\\\/nuestra-historia\\\/\",\"name\":\"Nuestra Historia - Right to the city\",\"isPartOf\":{\"@id\":\"https:\\\/\\\/www.right2city.org\\\/es\\\/#website\"},\"datePublished\":\"2019-09-27T16:38:10+00:00\",\"dateModified\":\"2021-12-27T12:36:21+00:00\",\"breadcrumb\":{\"@id\":\"https:\\\/\\\/www.right2city.org\\\/es\\\/nuestra-historia\\\/#breadcrumb\"},\"inLanguage\":\"es\",\"potentialAction\":[{\"@type\":\"ReadAction\",\"target\":[\"https:\\\/\\\/www.right2city.org\\\/es\\\/nuestra-historia\\\/\"]}]},{\"@type\":\"BreadcrumbList\",\"@id\":\"https:\\\/\\\/www.right2city.org\\\/es\\\/nuestra-historia\\\/#breadcrumb\",\"itemListElement\":[{\"@type\":\"ListItem\",\"position\":1,\"name\":\"Home\",\"item\":\"https:\\\/\\\/www.right2city.org\\\/es\\\/\"},{\"@type\":\"ListItem\",\"position\":2,\"name\":\"Nuestra Historia\"}]},{\"@type\":\"WebSite\",\"@id\":\"https:\\\/\\\/www.right2city.org\\\/es\\\/#website\",\"url\":\"https:\\\/\\\/www.right2city.org\\\/es\\\/\",\"name\":\"Right to the city\",\"description\":\"Global Platform for the Right to the City\",\"potentialAction\":[{\"@type\":\"SearchAction\",\"target\":{\"@type\":\"EntryPoint\",\"urlTemplate\":\"https:\\\/\\\/www.right2city.org\\\/es\\\/?s={search_term_string}\"},\"query-input\":{\"@type\":\"PropertyValueSpecification\",\"valueRequired\":true,\"valueName\":\"search_term_string\"}}],\"inLanguage\":\"es\"}]}<\/script>\n<!-- \/ Yoast SEO plugin. -->","yoast_head_json":{"title":"Nuestra Historia - Right to the city","robots":{"index":"index","follow":"follow","max-snippet":"max-snippet:-1","max-image-preview":"max-image-preview:large","max-video-preview":"max-video-preview:-1"},"canonical":"https:\/\/www.right2city.org\/es\/nuestra-historia\/","og_locale":"es_ES","og_type":"article","og_title":"Nuestra Historia - Right to the city","og_description":"Preparando el terreno para el Derecho a la Ciudad La idea del \u00abDerecho a la Ciudad\u00bb es mucho m\u00e1s antigua que la PGDC, que aboga por su implementaci\u00f3n efectiva cuanto pol\u00edtica p\u00fablica. Originalmente, el concepto fue introducido por primera vez por el soci\u00f3logo franc\u00e9s Henri Lefebvre en el libro \u00abLe Droit \u00e0 la ville\u00bb de [&hellip;]","og_url":"https:\/\/www.right2city.org\/es\/nuestra-historia\/","og_site_name":"Right to the city","article_modified_time":"2021-12-27T12:36:21+00:00","twitter_card":"summary_large_image","twitter_misc":{"Tiempo de lectura":"4 minutos"},"schema":{"@context":"https:\/\/schema.org","@graph":[{"@type":"WebPage","@id":"https:\/\/www.right2city.org\/es\/nuestra-historia\/","url":"https:\/\/www.right2city.org\/es\/nuestra-historia\/","name":"Nuestra Historia - Right to the city","isPartOf":{"@id":"https:\/\/www.right2city.org\/es\/#website"},"datePublished":"2019-09-27T16:38:10+00:00","dateModified":"2021-12-27T12:36:21+00:00","breadcrumb":{"@id":"https:\/\/www.right2city.org\/es\/nuestra-historia\/#breadcrumb"},"inLanguage":"es","potentialAction":[{"@type":"ReadAction","target":["https:\/\/www.right2city.org\/es\/nuestra-historia\/"]}]},{"@type":"BreadcrumbList","@id":"https:\/\/www.right2city.org\/es\/nuestra-historia\/#breadcrumb","itemListElement":[{"@type":"ListItem","position":1,"name":"Home","item":"https:\/\/www.right2city.org\/es\/"},{"@type":"ListItem","position":2,"name":"Nuestra Historia"}]},{"@type":"WebSite","@id":"https:\/\/www.right2city.org\/es\/#website","url":"https:\/\/www.right2city.org\/es\/","name":"Right to the city","description":"Global Platform for the Right to the City","potentialAction":[{"@type":"SearchAction","target":{"@type":"EntryPoint","urlTemplate":"https:\/\/www.right2city.org\/es\/?s={search_term_string}"},"query-input":{"@type":"PropertyValueSpecification","valueRequired":true,"valueName":"search_term_string"}}],"inLanguage":"es"}]}},"_links":{"self":[{"href":"https:\/\/www.right2city.org\/es\/wp-json\/wp\/v2\/pages\/50380","targetHints":{"allow":["GET"]}}],"collection":[{"href":"https:\/\/www.right2city.org\/es\/wp-json\/wp\/v2\/pages"}],"about":[{"href":"https:\/\/www.right2city.org\/es\/wp-json\/wp\/v2\/types\/page"}],"author":[{"embeddable":true,"href":"https:\/\/www.right2city.org\/es\/wp-json\/wp\/v2\/users\/4"}],"replies":[{"embeddable":true,"href":"https:\/\/www.right2city.org\/es\/wp-json\/wp\/v2\/comments?post=50380"}],"version-history":[{"count":5,"href":"https:\/\/www.right2city.org\/es\/wp-json\/wp\/v2\/pages\/50380\/revisions"}],"predecessor-version":[{"id":63690,"href":"https:\/\/www.right2city.org\/es\/wp-json\/wp\/v2\/pages\/50380\/revisions\/63690"}],"wp:attachment":[{"href":"https:\/\/www.right2city.org\/es\/wp-json\/wp\/v2\/media?parent=50380"}],"wp:term":[{"taxonomy":"themes","embeddable":true,"href":"https:\/\/www.right2city.org\/es\/wp-json\/wp\/v2\/themes?post=50380"},{"taxonomy":"agendas_globales","embeddable":true,"href":"https:\/\/www.right2city.org\/es\/wp-json\/wp\/v2\/agendas_globales?post=50380"}],"curies":[{"name":"wp","href":"https:\/\/api.w.org\/{rel}","templated":true}]}}