{"id":58633,"date":"2021-04-26T09:07:55","date_gmt":"2021-04-26T07:07:55","guid":{"rendered":"https:\/\/www.right2city.org\/?page_id=58633"},"modified":"2021-05-21T11:51:43","modified_gmt":"2021-05-21T09:51:43","slug":"decoding-the-right-to-the-city-online-course","status":"publish","type":"page","link":"https:\/\/www.right2city.org\/es\/decoding-the-right-to-the-city-online-course\/","title":{"rendered":"\u00abDescrifrar el Derecho a la Ciudad\u00bb"},"content":{"rendered":"<h2><span style=\"font-size: 18pt;\"><strong><em>Curso virtual<br \/>\n<\/em><\/strong><\/span><\/h2>\n<p><em><span style=\"font-size: 12pt;\"><strong>La Plataforma Global por el Derecho a la Ciudad (PGDC) tiene como objetivo contribuir a la emergencia de nuevas utop\u00edas emancipadoras y pactos sociales para un futuro mejor en todos los asentamientos humanos, dando visibilidad y dialogando con aquellas cosmovisiones transformadoras ya existentes y creando nuevos imaginarios colectivos posibles.<\/strong><\/span><\/em><\/p>\n<p><em><span style=\"font-size: 12pt;\"><strong>Como estrategia para difundir el Derecho a la Ciudad a un p\u00fablico amplio e internacional, la PGDC pone a su disposici\u00f3n este curso online GRATUITO Y ABIERTO \u00abDescifrar el Derecho a la Ciudad\u00bb, que pretende, a trav\u00e9s de un enfoque caleidosc\u00f3pico, presentar diferentes perspectivas, e iniciativas para la realizaci\u00f3n del Derecho a la Ciudad.<\/strong><\/span><\/em><\/p>\n<p>&nbsp;<\/p>\n<h3><span style=\"font-size: 14pt;\"><strong><span class=\"style-scope yt-formatted-string\" dir=\"auto\">Sesi\u00f3n 1: El Derecho a la Ciudad como derecho humano colectivo y la Ciudad como Bien Com\u00fan (grabada el 8 de abril de 2021) &#8211; 1a parte en ESPA\u00d1OL, y 2a parte en INGL\u00c9S:<\/span><\/strong><\/span><\/h3>\n<p><iframe loading=\"lazy\" title=\"Decoding the #RightToTheCity | 1 - Collective Human Rights and the City as a Common Good\" width=\"1080\" height=\"608\" src=\"https:\/\/www.youtube.com\/embed\/LA_8elQciiU?feature=oembed\" frameborder=\"0\" allow=\"accelerometer; autoplay; clipboard-write; encrypted-media; gyroscope; picture-in-picture\" allowfullscreen><\/iframe><\/p>\n<h3><strong><span class=\"style-scope yt-formatted-string\" dir=\"auto\" style=\"font-size: 14pt;\">Sesi\u00f3n 2: Mujeres e Igualdad de G\u00e9nero en las Ciudades (15 de abril de 2021) &#8211; EN ESPA\u00d1OL:<\/span><\/strong><\/h3>\n<p><iframe loading=\"lazy\" title=\"Decoding the #RightToTheCity | 2 - Women and Gender Equality in the Cities [SPANISH]\" width=\"1080\" height=\"608\" src=\"https:\/\/www.youtube.com\/embed\/4k29a9VSGXI?feature=oembed\" frameborder=\"0\" allow=\"accelerometer; autoplay; clipboard-write; encrypted-media; gyroscope; picture-in-picture\" allowfullscreen><\/iframe><\/p>\n<h3><span style=\"font-size: 14pt;\"><strong><span class=\"style-scope yt-formatted-string\" dir=\"auto\">Sesi\u00f3n 3: Econom\u00edas inclusivas, sociales y solidarias y soberan\u00eda alimentaria (22 de abril de 2021) &#8211; EN INGL\u00c9S:<\/span><\/strong><\/span><\/h3>\n<p><iframe loading=\"lazy\" title=\"Decoding the #RightToTheCity | 3 - Inclusive, social and solidarity economies and Food Sovereignty\" width=\"1080\" height=\"608\" src=\"https:\/\/www.youtube.com\/embed\/duHMkkbnQCM?feature=oembed\" frameborder=\"0\" allow=\"accelerometer; autoplay; clipboard-write; encrypted-media; gyroscope; picture-in-picture\" allowfullscreen><\/iframe><\/p>\n<h3><strong><span class=\"style-scope yt-formatted-string\" dir=\"auto\">Sesi\u00f3n 4: Producci\u00f3n Social del H\u00e1bitat y Asentamientos Informales (grabada el 29 de abril de 2021) &#8211; EN INGL\u00c9S:<br \/>\n<\/span><\/strong><\/h3>\n<p><iframe loading=\"lazy\" title=\"Decoding the #RightToTheCity | 4 - Social Production of Habitat and Informal Settlements\" width=\"1080\" height=\"608\" src=\"https:\/\/www.youtube.com\/embed\/oKkf5ZUPDQQ?feature=oembed\" frameborder=\"0\" allow=\"accelerometer; autoplay; clipboard-write; encrypted-media; gyroscope; picture-in-picture\" allowfullscreen><\/iframe><\/p>\n<h3><strong><span class=\"style-scope yt-formatted-string\" dir=\"auto\">Sesi\u00f3n 5: V\u00ednculos rural-urbanos y dimensiones ambientales del Derecho a la Ciudad (grabada el 6 de mayo de 2021) &#8211; 1a parte en ESPA\u00d1OL, 2a parte en INGL\u00c9S:<br \/>\n<\/span><\/strong><\/h3>\n<p><iframe loading=\"lazy\" title=\"Decoding the #RightToTheCity | 5 - Rural-urban linkages &amp; environmental dimensions\" width=\"1080\" height=\"608\" src=\"https:\/\/www.youtube.com\/embed\/S4E0YQ0-9Mg?feature=oembed\" frameborder=\"0\" allow=\"accelerometer; autoplay; clipboard-write; encrypted-media; gyroscope; picture-in-picture\" allowfullscreen><\/iframe><\/p>\n<h3><strong><span class=\"style-scope yt-formatted-string\" dir=\"auto\">Sesi\u00f3n 6: Agendas internacionales y realizaci\u00f3n del Derecho a la Ciudad (grabado el 13 de mayo de 2021) &#8211; EN INGL\u00c9S:<\/span><\/strong><\/h3>\n<p><iframe loading=\"lazy\" title=\"Decoding the #RightToTheCity | 6 - International Agendas and Realization of the Right to the City\" width=\"1080\" height=\"608\" src=\"https:\/\/www.youtube.com\/embed\/sUUSxHpOJaQ?feature=oembed\" frameborder=\"0\" allow=\"accelerometer; autoplay; clipboard-write; encrypted-media; gyroscope; picture-in-picture\" allowfullscreen><\/iframe><\/p>\n<h3><strong><span class=\"style-scope yt-formatted-string\" dir=\"auto\">Sesi\u00f3n 7: Gobernanza local democr\u00e1tica y participaci\u00f3n pol\u00edtica (grabada el 20 de mayo de 2021) &#8211; EN INGL\u00c9S:<\/span><\/strong><\/h3>\n<p><iframe loading=\"lazy\" title=\"Decoding the #RightToTheCity | 7 - Democratic Local Governance and Political Participation\" width=\"1080\" height=\"608\" src=\"https:\/\/www.youtube.com\/embed\/d7odxwY8QYk?feature=oembed\" frameborder=\"0\" allow=\"accelerometer; autoplay; clipboard-write; encrypted-media; gyroscope; picture-in-picture\" allowfullscreen><\/iframe><\/p>\n","protected":false},"excerpt":{"rendered":"<p>Curso virtual La Plataforma Global por el Derecho a la Ciudad (PGDC) tiene como objetivo contribuir a la emergencia de nuevas utop\u00edas emancipadoras y pactos sociales para un futuro mejor en todos los asentamientos humanos, dando visibilidad y dialogando con aquellas cosmovisiones transformadoras ya existentes y creando nuevos imaginarios colectivos posibles. Como estrategia para difundir [&hellip;]<\/p>\n","protected":false},"author":4,"featured_media":58615,"parent":0,"menu_order":0,"comment_status":"closed","ping_status":"closed","template":"","meta":{"_acf_changed":false,"_et_pb_use_builder":"","_et_pb_old_content":"","_et_gb_content_width":"","cybocfi_hide_featured_image":"","footnotes":""},"themes":[122,125,121,126,127,114,123,124],"agendas_globales":[],"class_list":["post-58633","page","type-page","status-publish","has-post-thumbnail","hentry","themes-calidad-de-espacios-publicos-y-servicios","themes-ciudadania-inclusiva","themes-economias-diversas-e-inclusivas","themes-funcion-social","themes-igualdad-de-genero","themes-mayor-participacion-politica","themes-no-discriminacion","themes-vinculos-rurales-locales"],"acf":[],"yoast_head":"<!-- This site is optimized with the Yoast SEO plugin v27.4 - https:\/\/yoast.com\/product\/yoast-seo-wordpress\/ -->\n<title>&quot;Descrifrar el Derecho a la Ciudad&quot; - Right to the city<\/title>\n<meta name=\"robots\" content=\"index, follow, max-snippet:-1, max-image-preview:large, max-video-preview:-1\" \/>\n<link rel=\"canonical\" href=\"https:\/\/www.right2city.org\/es\/decoding-the-right-to-the-city-online-course\/\" \/>\n<meta property=\"og:locale\" content=\"es_ES\" \/>\n<meta property=\"og:type\" content=\"article\" \/>\n<meta property=\"og:title\" content=\"&quot;Descrifrar el Derecho a la Ciudad&quot; - Right to the city\" \/>\n<meta property=\"og:description\" content=\"Curso virtual La Plataforma Global por el Derecho a la Ciudad (PGDC) tiene como objetivo contribuir a la emergencia de nuevas utop\u00edas emancipadoras y pactos sociales para un futuro mejor en todos los asentamientos humanos, dando visibilidad y dialogando con aquellas cosmovisiones transformadoras ya existentes y creando nuevos imaginarios colectivos posibles. Como estrategia para difundir [&hellip;]\" \/>\n<meta property=\"og:url\" content=\"https:\/\/www.right2city.org\/es\/decoding-the-right-to-the-city-online-course\/\" \/>\n<meta property=\"og:site_name\" content=\"Right to the city\" \/>\n<meta property=\"article:modified_time\" content=\"2021-05-21T09:51:43+00:00\" \/>\n<meta property=\"og:image\" content=\"https:\/\/www.right2city.org\/wp-content\/uploads\/2021\/04\/Waiting-Room_Decoding-the-Right-to-the-City.png\" \/>\n\t<meta property=\"og:image:width\" content=\"1920\" \/>\n\t<meta property=\"og:image:height\" content=\"1080\" \/>\n\t<meta property=\"og:image:type\" content=\"image\/png\" \/>\n<meta name=\"twitter:card\" content=\"summary_large_image\" \/>\n<meta name=\"twitter:label1\" content=\"Tiempo de lectura\" \/>\n\t<meta name=\"twitter:data1\" content=\"2 minutos\" \/>\n<script type=\"application\/ld+json\" class=\"yoast-schema-graph\">{\"@context\":\"https:\\\/\\\/schema.org\",\"@graph\":[{\"@type\":\"WebPage\",\"@id\":\"https:\\\/\\\/www.right2city.org\\\/es\\\/decoding-the-right-to-the-city-online-course\\\/\",\"url\":\"https:\\\/\\\/www.right2city.org\\\/es\\\/decoding-the-right-to-the-city-online-course\\\/\",\"name\":\"\\\"Descrifrar el Derecho a la Ciudad\\\" - Right to the city\",\"isPartOf\":{\"@id\":\"https:\\\/\\\/www.right2city.org\\\/es\\\/#website\"},\"primaryImageOfPage\":{\"@id\":\"https:\\\/\\\/www.right2city.org\\\/es\\\/decoding-the-right-to-the-city-online-course\\\/#primaryimage\"},\"image\":{\"@id\":\"https:\\\/\\\/www.right2city.org\\\/es\\\/decoding-the-right-to-the-city-online-course\\\/#primaryimage\"},\"thumbnailUrl\":\"https:\\\/\\\/www.right2city.org\\\/wp-content\\\/uploads\\\/2021\\\/04\\\/Waiting-Room_Decoding-the-Right-to-the-City.png\",\"datePublished\":\"2021-04-26T07:07:55+00:00\",\"dateModified\":\"2021-05-21T09:51:43+00:00\",\"breadcrumb\":{\"@id\":\"https:\\\/\\\/www.right2city.org\\\/es\\\/decoding-the-right-to-the-city-online-course\\\/#breadcrumb\"},\"inLanguage\":\"es\",\"potentialAction\":[{\"@type\":\"ReadAction\",\"target\":[\"https:\\\/\\\/www.right2city.org\\\/es\\\/decoding-the-right-to-the-city-online-course\\\/\"]}]},{\"@type\":\"ImageObject\",\"inLanguage\":\"es\",\"@id\":\"https:\\\/\\\/www.right2city.org\\\/es\\\/decoding-the-right-to-the-city-online-course\\\/#primaryimage\",\"url\":\"https:\\\/\\\/www.right2city.org\\\/wp-content\\\/uploads\\\/2021\\\/04\\\/Waiting-Room_Decoding-the-Right-to-the-City.png\",\"contentUrl\":\"https:\\\/\\\/www.right2city.org\\\/wp-content\\\/uploads\\\/2021\\\/04\\\/Waiting-Room_Decoding-the-Right-to-the-City.png\",\"width\":1920,\"height\":1080},{\"@type\":\"BreadcrumbList\",\"@id\":\"https:\\\/\\\/www.right2city.org\\\/es\\\/decoding-the-right-to-the-city-online-course\\\/#breadcrumb\",\"itemListElement\":[{\"@type\":\"ListItem\",\"position\":1,\"name\":\"Home\",\"item\":\"https:\\\/\\\/www.right2city.org\\\/es\\\/\"},{\"@type\":\"ListItem\",\"position\":2,\"name\":\"\u00abDescrifrar el Derecho a la Ciudad\u00bb\"}]},{\"@type\":\"WebSite\",\"@id\":\"https:\\\/\\\/www.right2city.org\\\/es\\\/#website\",\"url\":\"https:\\\/\\\/www.right2city.org\\\/es\\\/\",\"name\":\"Right to the city\",\"description\":\"Global Platform for the Right to the City\",\"potentialAction\":[{\"@type\":\"SearchAction\",\"target\":{\"@type\":\"EntryPoint\",\"urlTemplate\":\"https:\\\/\\\/www.right2city.org\\\/es\\\/?s={search_term_string}\"},\"query-input\":{\"@type\":\"PropertyValueSpecification\",\"valueRequired\":true,\"valueName\":\"search_term_string\"}}],\"inLanguage\":\"es\"}]}<\/script>\n<!-- \/ Yoast SEO plugin. -->","yoast_head_json":{"title":"\"Descrifrar el Derecho a la Ciudad\" - Right to the city","robots":{"index":"index","follow":"follow","max-snippet":"max-snippet:-1","max-image-preview":"max-image-preview:large","max-video-preview":"max-video-preview:-1"},"canonical":"https:\/\/www.right2city.org\/es\/decoding-the-right-to-the-city-online-course\/","og_locale":"es_ES","og_type":"article","og_title":"\"Descrifrar el Derecho a la Ciudad\" - Right to the city","og_description":"Curso virtual La Plataforma Global por el Derecho a la Ciudad (PGDC) tiene como objetivo contribuir a la emergencia de nuevas utop\u00edas emancipadoras y pactos sociales para un futuro mejor en todos los asentamientos humanos, dando visibilidad y dialogando con aquellas cosmovisiones transformadoras ya existentes y creando nuevos imaginarios colectivos posibles. Como estrategia para difundir [&hellip;]","og_url":"https:\/\/www.right2city.org\/es\/decoding-the-right-to-the-city-online-course\/","og_site_name":"Right to the city","article_modified_time":"2021-05-21T09:51:43+00:00","og_image":[{"width":1920,"height":1080,"url":"https:\/\/www.right2city.org\/wp-content\/uploads\/2021\/04\/Waiting-Room_Decoding-the-Right-to-the-City.png","type":"image\/png"}],"twitter_card":"summary_large_image","twitter_misc":{"Tiempo de lectura":"2 minutos"},"schema":{"@context":"https:\/\/schema.org","@graph":[{"@type":"WebPage","@id":"https:\/\/www.right2city.org\/es\/decoding-the-right-to-the-city-online-course\/","url":"https:\/\/www.right2city.org\/es\/decoding-the-right-to-the-city-online-course\/","name":"\"Descrifrar el Derecho a la Ciudad\" - Right to the city","isPartOf":{"@id":"https:\/\/www.right2city.org\/es\/#website"},"primaryImageOfPage":{"@id":"https:\/\/www.right2city.org\/es\/decoding-the-right-to-the-city-online-course\/#primaryimage"},"image":{"@id":"https:\/\/www.right2city.org\/es\/decoding-the-right-to-the-city-online-course\/#primaryimage"},"thumbnailUrl":"https:\/\/www.right2city.org\/wp-content\/uploads\/2021\/04\/Waiting-Room_Decoding-the-Right-to-the-City.png","datePublished":"2021-04-26T07:07:55+00:00","dateModified":"2021-05-21T09:51:43+00:00","breadcrumb":{"@id":"https:\/\/www.right2city.org\/es\/decoding-the-right-to-the-city-online-course\/#breadcrumb"},"inLanguage":"es","potentialAction":[{"@type":"ReadAction","target":["https:\/\/www.right2city.org\/es\/decoding-the-right-to-the-city-online-course\/"]}]},{"@type":"ImageObject","inLanguage":"es","@id":"https:\/\/www.right2city.org\/es\/decoding-the-right-to-the-city-online-course\/#primaryimage","url":"https:\/\/www.right2city.org\/wp-content\/uploads\/2021\/04\/Waiting-Room_Decoding-the-Right-to-the-City.png","contentUrl":"https:\/\/www.right2city.org\/wp-content\/uploads\/2021\/04\/Waiting-Room_Decoding-the-Right-to-the-City.png","width":1920,"height":1080},{"@type":"BreadcrumbList","@id":"https:\/\/www.right2city.org\/es\/decoding-the-right-to-the-city-online-course\/#breadcrumb","itemListElement":[{"@type":"ListItem","position":1,"name":"Home","item":"https:\/\/www.right2city.org\/es\/"},{"@type":"ListItem","position":2,"name":"\u00abDescrifrar el Derecho a la Ciudad\u00bb"}]},{"@type":"WebSite","@id":"https:\/\/www.right2city.org\/es\/#website","url":"https:\/\/www.right2city.org\/es\/","name":"Right to the city","description":"Global Platform for the Right to the City","potentialAction":[{"@type":"SearchAction","target":{"@type":"EntryPoint","urlTemplate":"https:\/\/www.right2city.org\/es\/?s={search_term_string}"},"query-input":{"@type":"PropertyValueSpecification","valueRequired":true,"valueName":"search_term_string"}}],"inLanguage":"es"}]}},"_links":{"self":[{"href":"https:\/\/www.right2city.org\/es\/wp-json\/wp\/v2\/pages\/58633","targetHints":{"allow":["GET"]}}],"collection":[{"href":"https:\/\/www.right2city.org\/es\/wp-json\/wp\/v2\/pages"}],"about":[{"href":"https:\/\/www.right2city.org\/es\/wp-json\/wp\/v2\/types\/page"}],"author":[{"embeddable":true,"href":"https:\/\/www.right2city.org\/es\/wp-json\/wp\/v2\/users\/4"}],"replies":[{"embeddable":true,"href":"https:\/\/www.right2city.org\/es\/wp-json\/wp\/v2\/comments?post=58633"}],"version-history":[{"count":9,"href":"https:\/\/www.right2city.org\/es\/wp-json\/wp\/v2\/pages\/58633\/revisions"}],"predecessor-version":[{"id":58915,"href":"https:\/\/www.right2city.org\/es\/wp-json\/wp\/v2\/pages\/58633\/revisions\/58915"}],"wp:featuredmedia":[{"embeddable":true,"href":"https:\/\/www.right2city.org\/es\/wp-json\/wp\/v2\/media\/58615"}],"wp:attachment":[{"href":"https:\/\/www.right2city.org\/es\/wp-json\/wp\/v2\/media?parent=58633"}],"wp:term":[{"taxonomy":"themes","embeddable":true,"href":"https:\/\/www.right2city.org\/es\/wp-json\/wp\/v2\/themes?post=58633"},{"taxonomy":"agendas_globales","embeddable":true,"href":"https:\/\/www.right2city.org\/es\/wp-json\/wp\/v2\/agendas_globales?post=58633"}],"curies":[{"name":"wp","href":"https:\/\/api.w.org\/{rel}","templated":true}]}}