{"id":68000,"date":"2023-05-11T13:41:08","date_gmt":"2023-05-11T11:41:08","guid":{"rendered":"https:\/\/www.right2city.org\/quarterly-newsletter-2-june-202\/"},"modified":"2023-05-11T13:53:02","modified_gmt":"2023-05-11T11:53:02","slug":"quarterly-newsletter-2-june-202","status":"publish","type":"page","link":"https:\/\/www.right2city.org\/es\/quarterly-newsletter-2-june-202\/","title":{"rendered":"Boletin trimestral \/ Junio 2022"},"content":{"rendered":"<table class=\"wrapper\" role=\"module\" border=\"0\" width=\"100%\" cellspacing=\"0\" cellpadding=\"0\" data-type=\"image\" data-muid=\"2b38c2f5-87ca-461e-911f-6b7fabb79968\">\n<tbody>\n<tr>\n<td align=\"center\" valign=\"top\"><img decoding=\"async\" class=\"max-width\" src=\"http:\/\/cdn.mcauto-images-production.sendgrid.net\/56fdef3ccd71496a\/8ca0f850-4260-4994-9cbb-29c54b28a5aa\/8192x1876.png\" alt=\"\" width=\"600\" border=\"0\" data-proportionally-constrained=\"true\" data-responsive=\"true\" \/><\/td>\n<\/tr>\n<\/tbody>\n<\/table>\n<table class=\"wrapper\" role=\"module\" border=\"0\" width=\"100%\" cellspacing=\"0\" cellpadding=\"0\" data-type=\"image\" data-muid=\"74494a27-8661-4627-a1cb-e770f3ed5ae5\">\n<tbody>\n<tr>\n<td style=\"text-align: right;\"><span style=\"color: #691950;\"><strong>Boletin trimestral \/ Junio 2022<\/strong><\/span><\/td>\n<\/tr>\n<tr>\n<td align=\"center\" valign=\"top\"><img decoding=\"async\" class=\"max-width\" src=\"http:\/\/cdn.mcauto-images-production.sendgrid.net\/56fdef3ccd71496a\/6bc8ab62-051f-4230-baca-10ab3e773159\/3000x1200.png\" alt=\"\" width=\"600\" border=\"0\" data-proportionally-constrained=\"true\" data-responsive=\"true\" \/><\/td>\n<\/tr>\n<\/tbody>\n<\/table>\n<table class=\"module\" role=\"module\" border=\"0\" width=\"100%\" cellspacing=\"0\" cellpadding=\"0\" data-type=\"text\" data-muid=\"26ba4129-ebe8-49c7-a509-c3764079f728\" data-mc-module-version=\"2019-10-22\">\n<tbody>\n<tr>\n<td role=\"module-content\" valign=\"top\" bgcolor=\"\" height=\"100%\">\n<div>\n<div><span style=\"color: #691950;\"><strong>La implementaci\u00f3n de la Nueva agenda Urbana requiere un esfuerzo sistem\u00e1tico y multiactoral, poniendo en el centro los compromisos de los derechos humanos y el derecho a la ciudad.<\/strong><\/span><\/p>\n<p>La Plataforma Global por el Derecho a la Ciudad (PGDC) y sus miembros participar\u00e1n activamente en el 11\u00ba Foro Urbano Mundial, que se celebrar\u00e1 en Katowice, Polonia, del 26 al 30 de junio. La delegaci\u00f3n de la PGDC llevar\u00e1 a cabo y participar\u00e1 en una serie de eventos y actividades, que van desde sesiones oficiales hasta eventos paralelos y actividades paralelas.<\/p>\n<p><a href=\"https:\/\/www.right2city.org\/es\/the-gpr2c-at-the-world-urban-forum-11\/\" target=\"_blank\" rel=\"noopener\">Haga clic aqu\u00ed para obtener informaci\u00f3n sobre nuestras actividades, as\u00ed como algunos de los mensajes clave que difundiremos durante el FUM11 &gt;<\/a><\/div>\n<div><\/div>\n<\/div>\n<\/td>\n<\/tr>\n<\/tbody>\n<\/table>\n<table class=\"wrapper\" role=\"module\" border=\"0\" width=\"100%\" cellspacing=\"0\" cellpadding=\"0\" data-type=\"image\" data-muid=\"74494a27-8661-4627-a1cb-e770f3ed5ae5.1\">\n<tbody>\n<tr>\n<td align=\"center\" valign=\"top\"><img decoding=\"async\" class=\"max-width\" src=\"http:\/\/cdn.mcauto-images-production.sendgrid.net\/56fdef3ccd71496a\/3bda6959-5a4b-4e5a-9f7a-1e5f80e4108c\/1600x900.png\" alt=\"\" width=\"600\" border=\"0\" data-proportionally-constrained=\"true\" data-responsive=\"true\" \/><\/td>\n<\/tr>\n<\/tbody>\n<\/table>\n<table class=\"module\" role=\"module\" border=\"0\" width=\"100%\" cellspacing=\"0\" cellpadding=\"0\" data-type=\"text\" data-muid=\"d52c7e45-07bb-487c-b089-c5ee2a6f5483\" data-mc-module-version=\"2019-10-22\">\n<tbody>\n<tr>\n<td role=\"module-content\" valign=\"top\" bgcolor=\"\" height=\"100%\">\n<div>\n<div><span style=\"color: #691950;\"><strong>Balance de la Reuni\u00f3n de Alto Nivel sobre los cinco a\u00f1os de implementaci\u00f3n de la Nueva Agenda Urbana.<\/strong><\/span><\/div>\n<div><\/div>\n<div>La Coalici\u00f3n Internacional del H\u00e1bitat (HIC, por sus siglas en ingl\u00e9s), la Plataforma Global por el Derecho a la Ciudad (PGDC) y sus miembros, en colaboraci\u00f3n con Ciudades y Gobiernos Locales Unidos (CGLU), se han implicado activamente en este proceso, pidiendo un mayor compromiso por parte de los Estados miembros y de las principales agencias de la ONU para acelerar la implementaci\u00f3n de la Nueva Agenda Urbana a trav\u00e9s del Derecho a la Ciudad, como motor para promover la justicia social, territorial y medioambiental, a trav\u00e9s de pol\u00edticas progresistas y el cumplimiento de las obligaciones en materia de derechos humanos. Este documento presenta la reacci\u00f3n general de HIC y de la PGDC a la Reuni\u00f3n de Alto Nivel (RAN) y al proceso que la rodea.<\/div>\n<div><\/div>\n<div><a href=\"https:\/\/www.right2city.org\/es\/news\/takeaways-from-the-high-level-meeting-on-the-five-years-of-implementation-of-the-new-urban-agenda\/\" target=\"_blank\" rel=\"noopener\">Haga clic aqu\u00ed para saber m\u00e1s sobrel el balance del RAN &gt;<\/a><\/div>\n<div><\/div>\n<\/div>\n<\/td>\n<\/tr>\n<\/tbody>\n<\/table>\n<table class=\"wrapper\" role=\"module\" border=\"0\" width=\"100%\" cellspacing=\"0\" cellpadding=\"0\" data-type=\"image\" data-muid=\"30344406-d64e-450e-89e0-7e419ae51ad9\">\n<tbody>\n<tr>\n<td align=\"center\" valign=\"top\"><img decoding=\"async\" class=\"max-width\" src=\"http:\/\/cdn.mcauto-images-production.sendgrid.net\/56fdef3ccd71496a\/2c670944-2e89-492f-bdaa-c932caa45d49\/1600x900.png\" alt=\"\" width=\"600\" border=\"0\" data-proportionally-constrained=\"true\" data-responsive=\"true\" \/><\/td>\n<\/tr>\n<\/tbody>\n<\/table>\n<table class=\"module\" role=\"module\" border=\"0\" width=\"100%\" cellspacing=\"0\" cellpadding=\"0\" data-type=\"text\" data-muid=\"d683b9f1-9236-4ab5-9165-403bbd6c4957\" data-mc-module-version=\"2019-10-22\">\n<tbody>\n<tr>\n<td role=\"module-content\" valign=\"top\" bgcolor=\"\" height=\"100%\">\n<div>\n<div><span style=\"color: #691950;\"><strong>La Plataforma Global por el Derecho a la Ciudad (PGDC) publica el documento tem\u00e1tico \u00abCiudades y asentamientos humanos con espacios p\u00fablicos de calidad\u00bb, con motivo del 11\u00ba Foro Urbano Mundial.<\/strong><\/span><\/div>\n<div><\/div>\n<div>Este documento explora la complejidad del espacio p\u00fablico en diferentes dimensiones: urbana, cultural, art\u00edstica y esc\u00e9nica, pol\u00edtica, medioambiental y virtual. El espacio p\u00fablico no es simplemente un espacio f\u00edsico bien dise\u00f1ado para el disfrute p\u00fablico; es principalmente una forma de repensar las ciudades y los asentamientos humanos para que puedan contribuir a la implementaci\u00f3n efectiva de los principales pilares del derecho a la ciudad.<\/div>\n<div><\/div>\n<div><a href=\"https:\/\/www.right2city.org\/es\/ciudades-y-asentamientos-humanos-con-espacios-publicos-de-calidad\/\" target=\"_blank\" rel=\"noopener\">Haga clic aqu\u00ed par asaber m\u00e1s sobre el documento tem\u00e1tico del derecho a la ciudad &gt;<\/a><\/div>\n<div><\/div>\n<\/div>\n<\/td>\n<\/tr>\n<\/tbody>\n<\/table>\n<table class=\"module\" role=\"module\" border=\"0\" width=\"100%\" cellspacing=\"0\" cellpadding=\"0\" data-type=\"text\" data-muid=\"c2476e46-e5d7-4685-8e07-ac4de5b3490b\" data-mc-module-version=\"2019-10-22\">\n<tbody>\n<tr>\n<td role=\"module-content\" valign=\"top\" bgcolor=\"#691950\" height=\"100%\">\n<div>\n<div style=\"text-align: center;\"><span style=\"color: #ffffff;\">\u00abEl derecho a la ciudad es el derecho de todas-os las-os habitantes, presentes y futuras-os,\u00a0<\/span><span style=\"color: #ffffff;\">permanentes y temporales,<\/span><\/div>\n<div style=\"text-align: center;\"><span style=\"color: #ffffff;\">a habitar, utilizar, ocupar, producir, gobernar y disfrutar ciudades, pueblos y asentamientos humanos justos, inclusivos,<\/span><\/div>\n<div style=\"text-align: center;\"><span style=\"color: #ffffff;\">seguros y sostenibles, definidos como bienes comunes esenciales para una vida plena y digna\u00bb<\/span><br \/>\n<span style=\"color: #ffffff;\"><a style=\"text-decoration: none; color: #ffffff;\" title=\"&lt;span style=&quot;color: rgb(251, 250, 250); font-family: helvetica, sans-serif; font-size: 14px;&quot;&gt;contact@right2city.org&lt;span&gt;&amp;nbsp;&lt;\/span&gt;&lt;\/span&gt;\" href=\"http:\/\/contact@right2city.org\/\" target=\"_blank\" rel=\"noopener\">contact@right2city.org\u00a0<\/a>\u00a0<a style=\"text-decoration: none; color: #ffffff;\" title=\"&lt;span style=&quot;color: rgb(251, 250, 250); font-family: helvetica, sans-serif; font-size: 14px;&quot;&gt;www.right2city.org&amp;nbsp;&lt;\/span&gt;\" href=\"http:\/\/www.right2city.org\/\" target=\"_blank\" rel=\"noopener\">www.right2city.org\u00a0<\/a>\u00a0<\/span><\/div>\n<div><\/div>\n<\/div>\n<\/td>\n<\/tr>\n<\/tbody>\n<\/table>\n<div class=\"module\" role=\"module\" data-role=\"module-unsubscribe\" data-type=\"unsubscribe\" data-muid=\"4e838cf3-9892-4a6d-94d6-170e474d21e5\">\n<div class=\"Unsubscribe--addressLine\"><\/div>\n<p>&nbsp;<\/p>\n<\/div>\n","protected":false},"excerpt":{"rendered":"<p>Boletin trimestral \/ Junio 2022 La implementaci\u00f3n de la Nueva agenda Urbana requiere un esfuerzo sistem\u00e1tico y multiactoral, poniendo en el centro los compromisos de los derechos humanos y el derecho a la ciudad. La Plataforma Global por el Derecho a la Ciudad (PGDC) y sus miembros participar\u00e1n activamente en el 11\u00ba Foro Urbano Mundial, [&hellip;]<\/p>\n","protected":false},"author":4,"featured_media":67938,"parent":0,"menu_order":0,"comment_status":"closed","ping_status":"closed","template":"","meta":{"_acf_changed":false,"_et_pb_use_builder":"","_et_pb_old_content":"","_et_gb_content_width":"","cybocfi_hide_featured_image":"","footnotes":""},"themes":[1047,122,1021,125,121,126,127,1022,114,123,124],"agendas_globales":[],"class_list":["post-68000","page","type-page","status-publish","has-post-thumbnail","hentry","themes-commons-es","themes-calidad-de-espacios-publicos-y-servicios","themes-city-as-a-common-good-es","themes-ciudadania-inclusiva","themes-economias-diversas-e-inclusivas","themes-funcion-social","themes-igualdad-de-genero","themes-climate-justice-es","themes-mayor-participacion-politica","themes-no-discriminacion","themes-vinculos-rurales-locales"],"acf":[],"yoast_head":"<!-- This site is optimized with the Yoast SEO plugin v27.3 - https:\/\/yoast.com\/product\/yoast-seo-wordpress\/ -->\n<title>Boletin trimestral \/ Junio 2022 - Right to the city<\/title>\n<meta name=\"robots\" content=\"index, follow, max-snippet:-1, max-image-preview:large, max-video-preview:-1\" \/>\n<link rel=\"canonical\" href=\"https:\/\/www.right2city.org\/es\/quarterly-newsletter-2-june-202\/\" \/>\n<meta property=\"og:locale\" content=\"es_ES\" \/>\n<meta property=\"og:type\" content=\"article\" \/>\n<meta property=\"og:title\" content=\"Boletin trimestral \/ Junio 2022 - Right to the city\" \/>\n<meta property=\"og:description\" content=\"Boletin trimestral \/ Junio 2022 La implementaci\u00f3n de la Nueva agenda Urbana requiere un esfuerzo sistem\u00e1tico y multiactoral, poniendo en el centro los compromisos de los derechos humanos y el derecho a la ciudad. La Plataforma Global por el Derecho a la Ciudad (PGDC) y sus miembros participar\u00e1n activamente en el 11\u00ba Foro Urbano Mundial, [&hellip;]\" \/>\n<meta property=\"og:url\" content=\"https:\/\/www.right2city.org\/es\/quarterly-newsletter-2-june-202\/\" \/>\n<meta property=\"og:site_name\" content=\"Right to the city\" \/>\n<meta property=\"article:modified_time\" content=\"2023-05-11T11:53:02+00:00\" \/>\n<meta property=\"og:image\" content=\"https:\/\/www.right2city.org\/wp-content\/uploads\/2022\/04\/HLM2022-imagepost-1024x576.png\" \/>\n\t<meta property=\"og:image:width\" content=\"1024\" \/>\n\t<meta property=\"og:image:height\" content=\"576\" \/>\n\t<meta property=\"og:image:type\" content=\"image\/png\" \/>\n<meta name=\"twitter:card\" content=\"summary_large_image\" \/>\n<meta name=\"twitter:label1\" content=\"Tiempo de lectura\" \/>\n\t<meta name=\"twitter:data1\" content=\"3 minutos\" \/>\n<script type=\"application\/ld+json\" class=\"yoast-schema-graph\">{\"@context\":\"https:\\\/\\\/schema.org\",\"@graph\":[{\"@type\":\"WebPage\",\"@id\":\"https:\\\/\\\/www.right2city.org\\\/es\\\/quarterly-newsletter-2-june-202\\\/\",\"url\":\"https:\\\/\\\/www.right2city.org\\\/es\\\/quarterly-newsletter-2-june-202\\\/\",\"name\":\"Boletin trimestral \\\/ Junio 2022 - Right to the city\",\"isPartOf\":{\"@id\":\"https:\\\/\\\/www.right2city.org\\\/es\\\/#website\"},\"primaryImageOfPage\":{\"@id\":\"https:\\\/\\\/www.right2city.org\\\/es\\\/quarterly-newsletter-2-june-202\\\/#primaryimage\"},\"image\":{\"@id\":\"https:\\\/\\\/www.right2city.org\\\/es\\\/quarterly-newsletter-2-june-202\\\/#primaryimage\"},\"thumbnailUrl\":\"https:\\\/\\\/www.right2city.org\\\/wp-content\\\/uploads\\\/2022\\\/04\\\/HLM2022-imagepost.png\",\"datePublished\":\"2023-05-11T11:41:08+00:00\",\"dateModified\":\"2023-05-11T11:53:02+00:00\",\"breadcrumb\":{\"@id\":\"https:\\\/\\\/www.right2city.org\\\/es\\\/quarterly-newsletter-2-june-202\\\/#breadcrumb\"},\"inLanguage\":\"es\",\"potentialAction\":[{\"@type\":\"ReadAction\",\"target\":[\"https:\\\/\\\/www.right2city.org\\\/es\\\/quarterly-newsletter-2-june-202\\\/\"]}]},{\"@type\":\"ImageObject\",\"inLanguage\":\"es\",\"@id\":\"https:\\\/\\\/www.right2city.org\\\/es\\\/quarterly-newsletter-2-june-202\\\/#primaryimage\",\"url\":\"https:\\\/\\\/www.right2city.org\\\/wp-content\\\/uploads\\\/2022\\\/04\\\/HLM2022-imagepost.png\",\"contentUrl\":\"https:\\\/\\\/www.right2city.org\\\/wp-content\\\/uploads\\\/2022\\\/04\\\/HLM2022-imagepost.png\",\"width\":1600,\"height\":900},{\"@type\":\"BreadcrumbList\",\"@id\":\"https:\\\/\\\/www.right2city.org\\\/es\\\/quarterly-newsletter-2-june-202\\\/#breadcrumb\",\"itemListElement\":[{\"@type\":\"ListItem\",\"position\":1,\"name\":\"Home\",\"item\":\"https:\\\/\\\/www.right2city.org\\\/es\\\/\"},{\"@type\":\"ListItem\",\"position\":2,\"name\":\"Boletin trimestral \\\/ Junio 2022\"}]},{\"@type\":\"WebSite\",\"@id\":\"https:\\\/\\\/www.right2city.org\\\/es\\\/#website\",\"url\":\"https:\\\/\\\/www.right2city.org\\\/es\\\/\",\"name\":\"Right to the city\",\"description\":\"Global Platform for the Right to the City\",\"potentialAction\":[{\"@type\":\"SearchAction\",\"target\":{\"@type\":\"EntryPoint\",\"urlTemplate\":\"https:\\\/\\\/www.right2city.org\\\/es\\\/?s={search_term_string}\"},\"query-input\":{\"@type\":\"PropertyValueSpecification\",\"valueRequired\":true,\"valueName\":\"search_term_string\"}}],\"inLanguage\":\"es\"}]}<\/script>\n<!-- \/ Yoast SEO plugin. -->","yoast_head_json":{"title":"Boletin trimestral \/ Junio 2022 - Right to the city","robots":{"index":"index","follow":"follow","max-snippet":"max-snippet:-1","max-image-preview":"max-image-preview:large","max-video-preview":"max-video-preview:-1"},"canonical":"https:\/\/www.right2city.org\/es\/quarterly-newsletter-2-june-202\/","og_locale":"es_ES","og_type":"article","og_title":"Boletin trimestral \/ Junio 2022 - Right to the city","og_description":"Boletin trimestral \/ Junio 2022 La implementaci\u00f3n de la Nueva agenda Urbana requiere un esfuerzo sistem\u00e1tico y multiactoral, poniendo en el centro los compromisos de los derechos humanos y el derecho a la ciudad. La Plataforma Global por el Derecho a la Ciudad (PGDC) y sus miembros participar\u00e1n activamente en el 11\u00ba Foro Urbano Mundial, [&hellip;]","og_url":"https:\/\/www.right2city.org\/es\/quarterly-newsletter-2-june-202\/","og_site_name":"Right to the city","article_modified_time":"2023-05-11T11:53:02+00:00","og_image":[{"width":1024,"height":576,"url":"https:\/\/www.right2city.org\/wp-content\/uploads\/2022\/04\/HLM2022-imagepost-1024x576.png","type":"image\/png"}],"twitter_card":"summary_large_image","twitter_misc":{"Tiempo de lectura":"3 minutos"},"schema":{"@context":"https:\/\/schema.org","@graph":[{"@type":"WebPage","@id":"https:\/\/www.right2city.org\/es\/quarterly-newsletter-2-june-202\/","url":"https:\/\/www.right2city.org\/es\/quarterly-newsletter-2-june-202\/","name":"Boletin trimestral \/ Junio 2022 - Right to the city","isPartOf":{"@id":"https:\/\/www.right2city.org\/es\/#website"},"primaryImageOfPage":{"@id":"https:\/\/www.right2city.org\/es\/quarterly-newsletter-2-june-202\/#primaryimage"},"image":{"@id":"https:\/\/www.right2city.org\/es\/quarterly-newsletter-2-june-202\/#primaryimage"},"thumbnailUrl":"https:\/\/www.right2city.org\/wp-content\/uploads\/2022\/04\/HLM2022-imagepost.png","datePublished":"2023-05-11T11:41:08+00:00","dateModified":"2023-05-11T11:53:02+00:00","breadcrumb":{"@id":"https:\/\/www.right2city.org\/es\/quarterly-newsletter-2-june-202\/#breadcrumb"},"inLanguage":"es","potentialAction":[{"@type":"ReadAction","target":["https:\/\/www.right2city.org\/es\/quarterly-newsletter-2-june-202\/"]}]},{"@type":"ImageObject","inLanguage":"es","@id":"https:\/\/www.right2city.org\/es\/quarterly-newsletter-2-june-202\/#primaryimage","url":"https:\/\/www.right2city.org\/wp-content\/uploads\/2022\/04\/HLM2022-imagepost.png","contentUrl":"https:\/\/www.right2city.org\/wp-content\/uploads\/2022\/04\/HLM2022-imagepost.png","width":1600,"height":900},{"@type":"BreadcrumbList","@id":"https:\/\/www.right2city.org\/es\/quarterly-newsletter-2-june-202\/#breadcrumb","itemListElement":[{"@type":"ListItem","position":1,"name":"Home","item":"https:\/\/www.right2city.org\/es\/"},{"@type":"ListItem","position":2,"name":"Boletin trimestral \/ Junio 2022"}]},{"@type":"WebSite","@id":"https:\/\/www.right2city.org\/es\/#website","url":"https:\/\/www.right2city.org\/es\/","name":"Right to the city","description":"Global Platform for the Right to the City","potentialAction":[{"@type":"SearchAction","target":{"@type":"EntryPoint","urlTemplate":"https:\/\/www.right2city.org\/es\/?s={search_term_string}"},"query-input":{"@type":"PropertyValueSpecification","valueRequired":true,"valueName":"search_term_string"}}],"inLanguage":"es"}]}},"_links":{"self":[{"href":"https:\/\/www.right2city.org\/es\/wp-json\/wp\/v2\/pages\/68000","targetHints":{"allow":["GET"]}}],"collection":[{"href":"https:\/\/www.right2city.org\/es\/wp-json\/wp\/v2\/pages"}],"about":[{"href":"https:\/\/www.right2city.org\/es\/wp-json\/wp\/v2\/types\/page"}],"author":[{"embeddable":true,"href":"https:\/\/www.right2city.org\/es\/wp-json\/wp\/v2\/users\/4"}],"replies":[{"embeddable":true,"href":"https:\/\/www.right2city.org\/es\/wp-json\/wp\/v2\/comments?post=68000"}],"version-history":[{"count":2,"href":"https:\/\/www.right2city.org\/es\/wp-json\/wp\/v2\/pages\/68000\/revisions"}],"predecessor-version":[{"id":68002,"href":"https:\/\/www.right2city.org\/es\/wp-json\/wp\/v2\/pages\/68000\/revisions\/68002"}],"wp:featuredmedia":[{"embeddable":true,"href":"https:\/\/www.right2city.org\/es\/wp-json\/wp\/v2\/media\/67938"}],"wp:attachment":[{"href":"https:\/\/www.right2city.org\/es\/wp-json\/wp\/v2\/media?parent=68000"}],"wp:term":[{"taxonomy":"themes","embeddable":true,"href":"https:\/\/www.right2city.org\/es\/wp-json\/wp\/v2\/themes?post=68000"},{"taxonomy":"agendas_globales","embeddable":true,"href":"https:\/\/www.right2city.org\/es\/wp-json\/wp\/v2\/agendas_globales?post=68000"}],"curies":[{"name":"wp","href":"https:\/\/api.w.org\/{rel}","templated":true}]}}