{"id":68432,"date":"2023-06-21T14:00:29","date_gmt":"2023-06-21T12:00:29","guid":{"rendered":"https:\/\/www.right2city.org\/?page_id=68432"},"modified":"2023-06-21T14:00:29","modified_gmt":"2023-06-21T12:00:29","slug":"boletin-1-2022-marzo","status":"publish","type":"page","link":"https:\/\/www.right2city.org\/es\/boletin-1-2022-marzo\/","title":{"rendered":"Boletin 1 \/ 2022 &#8211; marzo"},"content":{"rendered":"<table border=\"0\" width=\"100%\" cellspacing=\"0\" cellpadding=\"0\" align=\"center\">\n<tbody>\n<tr>\n<td role=\"modules-container\" align=\"left\" bgcolor=\"#FFFFFF\" width=\"100%\">\n<table class=\"wrapper\" role=\"module\" border=\"0\" width=\"100%\" cellspacing=\"0\" cellpadding=\"0\" data-type=\"image\" data-muid=\"2b38c2f5-87ca-461e-911f-6b7fabb79968\">\n<tbody>\n<tr>\n<td align=\"center\" valign=\"top\"><img decoding=\"async\" class=\"max-width\" src=\"http:\/\/cdn.mcauto-images-production.sendgrid.net\/56fdef3ccd71496a\/8ca0f850-4260-4994-9cbb-29c54b28a5aa\/8192x1876.png\" alt=\"\" width=\"600\" border=\"0\" data-proportionally-constrained=\"true\" data-responsive=\"true\" \/><\/td>\n<\/tr>\n<\/tbody>\n<\/table>\n<table class=\"wrapper\" role=\"module\" border=\"0\" width=\"100%\" cellspacing=\"0\" cellpadding=\"0\" data-type=\"image\" data-muid=\"963144d2-f415-4784-9c5d-7d0dceeeccc2\">\n<tbody>\n<tr>\n<td style=\"text-align: right;\"><span style=\"color: #691950;\"><strong>Bolet\u00edn\u00a0 1 \/ 2022 &#8211; Marzo<\/strong><\/span><\/td>\n<\/tr>\n<tr>\n<td align=\"center\" valign=\"top\"><img decoding=\"async\" class=\"max-width\" src=\"http:\/\/cdn.mcauto-images-production.sendgrid.net\/56fdef3ccd71496a\/58e1eac9-904e-4e7f-bf25-3e7ef4284f53\/1587x151.png\" alt=\"\" width=\"600\" border=\"0\" data-proportionally-constrained=\"true\" data-responsive=\"true\" \/><\/td>\n<\/tr>\n<\/tbody>\n<\/table>\n<table class=\"wrapper\" role=\"module\" border=\"0\" width=\"100%\" cellspacing=\"0\" cellpadding=\"0\" data-type=\"image\" data-muid=\"74494a27-8661-4627-a1cb-e770f3ed5ae5\">\n<tbody>\n<tr>\n<td align=\"center\" valign=\"top\"><img decoding=\"async\" class=\"max-width\" src=\"http:\/\/cdn.mcauto-images-production.sendgrid.net\/56fdef3ccd71496a\/f045d66b-3ba5-4cab-96cf-006e855c917a\/2317x1293.png\" alt=\"\" width=\"600\" border=\"0\" data-proportionally-constrained=\"true\" data-responsive=\"true\" \/><\/td>\n<\/tr>\n<\/tbody>\n<\/table>\n<table class=\"module\" role=\"module\" border=\"0\" width=\"100%\" cellspacing=\"0\" cellpadding=\"0\" data-type=\"text\" data-muid=\"26ba4129-ebe8-49c7-a509-c3764079f728\" data-mc-module-version=\"2019-10-22\">\n<tbody>\n<tr>\n<td role=\"module-content\" valign=\"top\" bgcolor=\"\" height=\"100%\">\n<div>\n<div>\n<p><strong>En torno al D\u00eda Internacional de la Mujer (8 de marzo), la Plataforma Global por el Derecho a la Ciudad (PGDC) lanz\u00f3 una campa\u00f1a<\/strong>\u00a0para:<\/p>\n<p>i) exigir ciudades y asentamientos humanos libres de discriminaci\u00f3n<br \/>\nii) destacar el papel esencial de las ciudades en la lucha contra la discriminaci\u00f3n<br \/>\niii) lanzar el documento tem\u00e1tico \u00abCiudades y asentamientos humanos libres de discriminaci\u00f3n\u00bb.<\/p>\n<\/div>\n<div><\/div>\n<div><strong>\u00a1No puede haber Derecho a la Ciudad\u00a0<\/strong><strong>sin ciudades libres de discriminaci\u00f3n!<\/strong><br \/>\n<a href=\"https:\/\/www.right2city.org\/es\/8m-2022-derecho-a-la-ciudad-significa-ciudades-libres-de-discriminacion\/\" target=\"_blank\" rel=\"noopener\"><strong><br \/>\nLeer m\u00e1s &gt;\u00a0<\/strong><\/a><\/div>\n<div><\/div>\n<\/div>\n<\/td>\n<\/tr>\n<\/tbody>\n<\/table>\n<table class=\"wrapper\" role=\"module\" border=\"0\" width=\"100%\" cellspacing=\"0\" cellpadding=\"0\" data-type=\"image\" data-muid=\"8829ffba-c851-4f68-88db-54577aea3127\">\n<tbody>\n<tr>\n<td align=\"center\" valign=\"top\"><img decoding=\"async\" class=\"max-width\" src=\"http:\/\/cdn.mcauto-images-production.sendgrid.net\/56fdef3ccd71496a\/e3a2cd50-abf0-4fb4-99c6-91fa339c6be4\/2000x190.jpg\" alt=\"\" width=\"600\" border=\"0\" data-proportionally-constrained=\"true\" data-responsive=\"true\" \/><\/p>\n<table style=\"border-collapse: collapse; width: 100%; height: 46px;\">\n<tbody>\n<tr style=\"height: 23px;\">\n<td style=\"width: 50%; height: 23px;\"><a href=\"https:\/\/www.right2city.org\/es\/news\/gpr2c-collaborates-with-uclg-on-global-commons\/\" target=\"_blank\" rel=\"noopener\">La sociedad civil y los gobiernos locales y regionales trabajan juntos para fortalecer los bienes comunes<\/a><\/td>\n<td style=\"width: 50%; height: 23px;\"><a href=\"https:\/\/www.right2city.org\/es\/news\/advancing-on-the-right-to-the-city-trough-municipal-policies-the-right-to-the-city-indicators\/\" target=\"_blank\" rel=\"noopener\">Avanzando en el derecho a la ciudad a trav\u00e9s de las pol\u00edticas municipales: los indicadores del derecho a la ciudad<\/a><\/td>\n<\/tr>\n<tr style=\"height: 23px;\">\n<td style=\"width: 50%; height: 23px;\"><a href=\"https:\/\/www.right2city.org\/es\/news\/critica-urbana-23-urbanismo-feminista\/\" target=\"_blank\" rel=\"noopener\">Cr\u00edtica Urbana n\u00ba 23:<\/a>\u00a0<a href=\"https:\/\/www.right2city.org\/es\/news\/critica-urbana-23-urbanismo-feminista\/\" target=\"_blank\" rel=\"noopener\">Urbanismo Feminista<\/a><\/td>\n<td style=\"width: 50%; height: 23px;\"><a href=\"https:\/\/www.right2city.org\/es\/news\/entrevista-a-lorena-zarate-en-el-podcast-sobre-ciudades\/\" target=\"_blank\" rel=\"noopener\">Entrevista a Lorena Z\u00e1rate en el Podcast sobre ciudades\u00a0<\/a><\/td>\n<\/tr>\n<\/tbody>\n<\/table>\n<\/td>\n<\/tr>\n<\/tbody>\n<\/table>\n<table class=\"wrapper\" role=\"module\" border=\"0\" width=\"100%\" cellspacing=\"0\" cellpadding=\"0\" data-type=\"image\" data-muid=\"1e659213-07ea-4960-b6a0-b87bf6ace51b\">\n<tbody>\n<tr>\n<td align=\"center\" valign=\"top\"><img decoding=\"async\" class=\"max-width\" src=\"http:\/\/cdn.mcauto-images-production.sendgrid.net\/56fdef3ccd71496a\/74beed7e-bab7-4c9e-9c87-58133ab121ba\/2000x190.jpg\" alt=\"\" width=\"600\" border=\"0\" data-proportionally-constrained=\"true\" data-responsive=\"true\" \/><\/p>\n<table style=\"border-collapse: collapse; width: 100%;\">\n<tbody>\n<tr>\n<td style=\"width: 50%;\"><img decoding=\"async\" class=\"max-width\" style=\"text-align: -webkit-center;\" src=\"http:\/\/cdn.mcauto-images-production.sendgrid.net\/56fdef3ccd71496a\/c1c3fe82-b853-4d4a-8eaa-e34ec218c1f2\/2362x1697.jpg\" alt=\"\" width=\"290\" border=\"0\" data-proportionally-constrained=\"true\" data-responsive=\"true\" \/><\/td>\n<td style=\"width: 50%;\"><img decoding=\"async\" class=\"max-width\" src=\"http:\/\/cdn.mcauto-images-production.sendgrid.net\/56fdef3ccd71496a\/edde0364-7d84-4543-8d3a-6f3156a5fa5c\/1254x906.jpg\" alt=\"\" width=\"290\" border=\"0\" data-proportionally-constrained=\"true\" data-responsive=\"true\" \/><\/td>\n<\/tr>\n<tr>\n<td style=\"width: 50%;\"><a href=\"https:\/\/www.right2city.org\/es\/news\/advancing-on-the-right-to-the-city-trough-municipal-policies-the-right-to-the-city-indicators\/\" target=\"_blank\" rel=\"noopener\">Avanzando en el derecho a la ciudad a trav\u00e9s de las pol\u00edticas municipales: los indicadores del derecho a la ciudad<\/a><\/td>\n<td style=\"width: 50%;\"><a href=\"https:\/\/www.right2city.org\/es\/decoding-the-right-to-the-city-online-course\/\" target=\"_blank\" rel=\"noopener\">Sesiones abiertas del curso online \u00abDescifrar el derecho a la ciudad\u00bb\u00a0<\/a><\/td>\n<\/tr>\n<\/tbody>\n<\/table>\n<\/td>\n<\/tr>\n<\/tbody>\n<\/table>\n<table class=\"wrapper\" role=\"module\" border=\"0\" width=\"100%\" cellspacing=\"0\" cellpadding=\"0\" data-type=\"image\" data-muid=\"f2fbbf5a-6a83-4ae6-812a-0d410c70aaa0\">\n<tbody>\n<tr>\n<td align=\"center\" valign=\"top\"><img decoding=\"async\" class=\"max-width\" src=\"http:\/\/cdn.mcauto-images-production.sendgrid.net\/56fdef3ccd71496a\/9d81ef22-4788-460f-80f5-188e677104b7\/2000x190.jpg\" alt=\"\" width=\"600\" border=\"0\" data-proportionally-constrained=\"true\" data-responsive=\"true\" \/><\/p>\n<table style=\"border-collapse: collapse; width: 100%;\">\n<tbody>\n<tr>\n<td class=\"outer-td\" style=\"width: 21.8539%;\" align=\"center\" bgcolor=\"\">\n<table class=\"wrapper-mobile\" style=\"width: 100.7%;\" border=\"0\" cellspacing=\"0\" cellpadding=\"0\">\n<tbody>\n<tr>\n<td class=\"inner-td\" style=\"width: 100%;\" align=\"center\" bgcolor=\"#691950\"><a href=\"https:\/\/www.right2city.org\/es\/events\/joining-forces-around-common-actions-on-the-right-to-housing-in-europe\/\" target=\"_blank\" rel=\"noopener\">31 Mar<\/a><\/td>\n<\/tr>\n<\/tbody>\n<\/table>\n<\/td>\n<td style=\"width: 78.0688%;\"><span style=\"font-size: 10pt;\"><a href=\"https:\/\/www.right2city.org\/es\/events\/joining-forces-around-common-actions-on-the-right-to-housing-in-europe\/\" target=\"_blank\" rel=\"noopener\"><strong>Uniendo fuerzas en torno a acciones comunes sobre el Derecho a la Vivienda en Europa<\/strong><\/a><strong>.\u00a0<\/strong>En<strong>\u00a0<\/strong>linea<\/span>.<\/td>\n<\/tr>\n<tr>\n<td class=\"outer-td\" style=\"width: 21.8539%;\" align=\"center\" bgcolor=\"\">\n<table class=\"wrapper-mobile\" style=\"width: 93.9424%;\" border=\"0\" cellspacing=\"0\" cellpadding=\"0\">\n<tbody>\n<tr>\n<td class=\"inner-td\" style=\"width: 100%;\" align=\"center\" bgcolor=\"#691950\"><a href=\"https:\/\/www.right2city.org\/es\/events\/the-high-level-meeting-of-the-general-assembly-on-the-progress-in-the-implementation-of-the-new-urban-agenda\/\" target=\"_blank\" rel=\"noopener\">28 Abr<\/a><\/td>\n<\/tr>\n<\/tbody>\n<\/table>\n<\/td>\n<td style=\"width: 78.0688%;\"><a href=\"https:\/\/www.right2city.org\/es\/events\/the-high-level-meeting-of-the-general-assembly-on-the-progress-in-the-implementation-of-the-new-urban-agenda\/\" target=\"_blank\" rel=\"noopener\"><strong>Reuni\u00f3n de Alto Nivel de la Asamblea General sobre los avances en la implementaci\u00f3n de la NAU<\/strong><\/a><a href=\"https:\/\/www.right2city.org\/events\/the-high-level-meeting-of-the-general-assembly-on-the-progress-in-the-implementation-of-the-new-urban-agenda\/\" target=\"_blank\" rel=\"noopener\"><strong>.\u00a0<\/strong><\/a>Nueva York.<\/td>\n<\/tr>\n<tr>\n<td class=\"inner-td\" style=\"width: 21.8539%;\" align=\"center\" bgcolor=\"#691950\"><a href=\"https:\/\/www.right2city.org\/es\/events\/foro-social-mundial-2022\/\" target=\"_blank\" rel=\"noopener\">01 May<\/a><\/td>\n<td style=\"width: 78.0688%;\"><a href=\"https:\/\/www.right2city.org\/es\/events\/foro-social-mundial-2022\/\" target=\"_blank\" rel=\"noopener\"><strong>Foro Social Mundial 2022<\/strong><\/a>.\u00a01-6 Mayo. Ciudad de M\u00e9xico.<\/td>\n<\/tr>\n<tr>\n<td class=\"inner-td\" style=\"width: 21.8539%;\" align=\"center\" bgcolor=\"#691950\"><a href=\"https:\/\/www.right2city.org\/es\/events\/international-social-housing-festival-2022\/\" target=\"_blank\" rel=\"noopener\">14 Jun<\/a><\/td>\n<td style=\"width: 78.0688%;\"><a href=\"https:\/\/www.right2city.org\/es\/events\/international-social-housing-festival-2022\/\" target=\"_blank\" rel=\"noopener\"><strong>Festival Internacional de la Vivienda Social 2022<\/strong><\/a><a href=\"https:\/\/www.right2city.org\/events\/international-social-housing-festival-2022\/\" target=\"_blank\" rel=\"noopener\">.<\/a>\u00a014-17 Junio. Helsinki<\/td>\n<\/tr>\n<tr>\n<td class=\"outer-td\" style=\"width: 21.8539%;\" align=\"center\" bgcolor=\"\">\n<table class=\"wrapper-mobile\" style=\"width: 93.2088%;\" border=\"0\" cellspacing=\"0\" cellpadding=\"0\">\n<tbody>\n<tr>\n<td class=\"inner-td\" style=\"width: 100%;\" align=\"center\" bgcolor=\"#691950\"><a href=\"https:\/\/www.right2city.org\/events\/world-urban-forum-11\/\" target=\"_blank\" rel=\"noopener\">26 Jun<\/a><\/td>\n<\/tr>\n<\/tbody>\n<\/table>\n<\/td>\n<td style=\"width: 78.0688%;\"><a href=\"https:\/\/www.right2city.org\/es\/events\/world-urban-forum-11\/\" target=\"_blank\" rel=\"noopener\"><strong>Foro Urbano Mundial 11<\/strong><\/a>.\u00a026-30 Junio. Katowice<\/td>\n<\/tr>\n<\/tbody>\n<\/table>\n<\/td>\n<\/tr>\n<\/tbody>\n<\/table>\n<table role=\"module\" border=\"0\" width=\"100%\" cellspacing=\"0\" cellpadding=\"0\" align=\"center\" bgcolor=\"#FFFFFF\" data-type=\"columns\" data-distribution=\"1,2\">\n<tbody>\n<tr role=\"module-content\">\n<td valign=\"top\" height=\"100%\"><\/td>\n<\/tr>\n<\/tbody>\n<\/table>\n<table class=\"module\" role=\"module\" border=\"0\" width=\"100%\" cellspacing=\"0\" cellpadding=\"0\" data-type=\"text\" data-muid=\"c2476e46-e5d7-4685-8e07-ac4de5b3490b\" data-mc-module-version=\"2019-10-22\">\n<tbody>\n<tr>\n<td role=\"module-content\" valign=\"top\" bgcolor=\"#691950\" height=\"100%\">\n<div>\n<div>\n<p style=\"text-align: center;\"><span style=\"color: #ffffff; font-size: 10pt;\">\u00abEl derecho a la ciudad es el derecho de todas-os las-os habitantes, presentes y futuras-os, permanentes y temporales, a habitar, utilizar, ocupar, producir, gobernar y disfrutar ciudades, pueblos y asentamientos humanos justos, inclusivos, seguros y sostenibles, definidos como bienes comunes esenciales para una vida plena y digna\u00bb<\/span><\/p>\n<p style=\"text-align: center;\"><span style=\"color: #ffffff; font-size: 10pt;\"><a style=\"color: #ffffff; text-decoration: none;\" title=\"&lt;span style=&quot;color: rgb(251, 250, 250); font-family: helvetica, sans-serif; font-size: 14px;&quot;&gt;contact@right2city.org&lt;span&gt;&amp;nbsp;&lt;\/span&gt;&lt;\/span&gt;\" href=\"http:\/\/contact@right2city.org\/\" target=\"_blank\" rel=\"noopener\">contact@right2city.org\u00a0<\/a>\u00a0<a style=\"color: #ffffff; text-decoration: none;\" title=\"&lt;span style=&quot;color: rgb(251, 250, 250); font-family: helvetica, sans-serif; font-size: 14px;&quot;&gt;www.right2city.org&amp;nbsp;&lt;\/span&gt;\" href=\"http:\/\/www.right2city.org\/\" target=\"_blank\" rel=\"noopener\">www.right2city.org\u00a0<\/a><\/span><\/p>\n<\/div>\n<div><\/div>\n<\/div>\n<\/td>\n<\/tr>\n<\/tbody>\n<\/table>\n<div class=\"module\" role=\"module\" data-role=\"module-unsubscribe\" data-type=\"unsubscribe\" data-muid=\"4e838cf3-9892-4a6d-94d6-170e474d21e5\">\n<div class=\"Unsubscribe--addressLine\"><\/div>\n<p><a class=\"Unsubscribe--unsubscribeLink\" href=\"https:\/\/mc.sendgrid.com\/single-sends\/3674507c-af59-11ec-90d3-fa9142f61981\/stats\/preview\" target=\"_blank\" rel=\"noopener\">Unsubscribe<\/a>\u00a0&#8211;\u00a0<a class=\"Unsubscribe--unsubscribePreferences\" href=\"https:\/\/mc.sendgrid.com\/single-sends\/3674507c-af59-11ec-90d3-fa9142f61981\/stats\/preview\" target=\"_blank\" rel=\"noopener\">Unsubscribe Preferences<\/a><\/p>\n<\/div>\n<\/td>\n<\/tr>\n<\/tbody>\n<\/table>\n","protected":false},"excerpt":{"rendered":"<p>Bolet\u00edn\u00a0 1 \/ 2022 &#8211; Marzo En torno al D\u00eda Internacional de la Mujer (8 de marzo), la Plataforma Global por el Derecho a la Ciudad (PGDC) lanz\u00f3 una campa\u00f1a\u00a0para: i) exigir ciudades y asentamientos humanos libres de discriminaci\u00f3n ii) destacar el papel esencial de las ciudades en la lucha contra la discriminaci\u00f3n iii) lanzar [&hellip;]<\/p>\n","protected":false},"author":4,"featured_media":0,"parent":0,"menu_order":0,"comment_status":"closed","ping_status":"closed","template":"","meta":{"_acf_changed":false,"_et_pb_use_builder":"","_et_pb_old_content":"","_et_gb_content_width":"","cybocfi_hide_featured_image":"","footnotes":""},"themes":[],"agendas_globales":[],"class_list":["post-68432","page","type-page","status-publish","hentry"],"acf":[],"yoast_head":"<!-- This site is optimized with the Yoast SEO plugin v27.4 - https:\/\/yoast.com\/product\/yoast-seo-wordpress\/ -->\n<title>Boletin 1 \/ 2022 - marzo - Right to the city<\/title>\n<meta name=\"robots\" content=\"index, follow, max-snippet:-1, max-image-preview:large, max-video-preview:-1\" \/>\n<link rel=\"canonical\" href=\"https:\/\/www.right2city.org\/es\/boletin-1-2022-marzo\/\" \/>\n<meta property=\"og:locale\" content=\"es_ES\" \/>\n<meta property=\"og:type\" content=\"article\" \/>\n<meta property=\"og:title\" content=\"Boletin 1 \/ 2022 - marzo - Right to the city\" \/>\n<meta property=\"og:description\" content=\"Bolet\u00edn\u00a0 1 \/ 2022 &#8211; Marzo En torno al D\u00eda Internacional de la Mujer (8 de marzo), la Plataforma Global por el Derecho a la Ciudad (PGDC) lanz\u00f3 una campa\u00f1a\u00a0para: i) exigir ciudades y asentamientos humanos libres de discriminaci\u00f3n ii) destacar el papel esencial de las ciudades en la lucha contra la discriminaci\u00f3n iii) lanzar [&hellip;]\" \/>\n<meta property=\"og:url\" content=\"https:\/\/www.right2city.org\/es\/boletin-1-2022-marzo\/\" \/>\n<meta property=\"og:site_name\" content=\"Right to the city\" \/>\n<meta property=\"og:image\" content=\"http:\/\/cdn.mcauto-images-production.sendgrid.net\/56fdef3ccd71496a\/8ca0f850-4260-4994-9cbb-29c54b28a5aa\/8192x1876.png\" \/>\n<meta name=\"twitter:card\" content=\"summary_large_image\" \/>\n<meta name=\"twitter:label1\" content=\"Tiempo de lectura\" \/>\n\t<meta name=\"twitter:data1\" content=\"3 minutos\" \/>\n<script type=\"application\/ld+json\" class=\"yoast-schema-graph\">{\"@context\":\"https:\\\/\\\/schema.org\",\"@graph\":[{\"@type\":\"WebPage\",\"@id\":\"https:\\\/\\\/www.right2city.org\\\/es\\\/boletin-1-2022-marzo\\\/\",\"url\":\"https:\\\/\\\/www.right2city.org\\\/es\\\/boletin-1-2022-marzo\\\/\",\"name\":\"Boletin 1 \\\/ 2022 - marzo - Right to the city\",\"isPartOf\":{\"@id\":\"https:\\\/\\\/www.right2city.org\\\/es\\\/#website\"},\"primaryImageOfPage\":{\"@id\":\"https:\\\/\\\/www.right2city.org\\\/es\\\/boletin-1-2022-marzo\\\/#primaryimage\"},\"image\":{\"@id\":\"https:\\\/\\\/www.right2city.org\\\/es\\\/boletin-1-2022-marzo\\\/#primaryimage\"},\"thumbnailUrl\":\"http:\\\/\\\/cdn.mcauto-images-production.sendgrid.net\\\/56fdef3ccd71496a\\\/8ca0f850-4260-4994-9cbb-29c54b28a5aa\\\/8192x1876.png\",\"datePublished\":\"2023-06-21T12:00:29+00:00\",\"breadcrumb\":{\"@id\":\"https:\\\/\\\/www.right2city.org\\\/es\\\/boletin-1-2022-marzo\\\/#breadcrumb\"},\"inLanguage\":\"es\",\"potentialAction\":[{\"@type\":\"ReadAction\",\"target\":[\"https:\\\/\\\/www.right2city.org\\\/es\\\/boletin-1-2022-marzo\\\/\"]}]},{\"@type\":\"ImageObject\",\"inLanguage\":\"es\",\"@id\":\"https:\\\/\\\/www.right2city.org\\\/es\\\/boletin-1-2022-marzo\\\/#primaryimage\",\"url\":\"http:\\\/\\\/cdn.mcauto-images-production.sendgrid.net\\\/56fdef3ccd71496a\\\/8ca0f850-4260-4994-9cbb-29c54b28a5aa\\\/8192x1876.png\",\"contentUrl\":\"http:\\\/\\\/cdn.mcauto-images-production.sendgrid.net\\\/56fdef3ccd71496a\\\/8ca0f850-4260-4994-9cbb-29c54b28a5aa\\\/8192x1876.png\"},{\"@type\":\"BreadcrumbList\",\"@id\":\"https:\\\/\\\/www.right2city.org\\\/es\\\/boletin-1-2022-marzo\\\/#breadcrumb\",\"itemListElement\":[{\"@type\":\"ListItem\",\"position\":1,\"name\":\"Home\",\"item\":\"https:\\\/\\\/www.right2city.org\\\/es\\\/\"},{\"@type\":\"ListItem\",\"position\":2,\"name\":\"Boletin 1 \\\/ 2022 &#8211; marzo\"}]},{\"@type\":\"WebSite\",\"@id\":\"https:\\\/\\\/www.right2city.org\\\/es\\\/#website\",\"url\":\"https:\\\/\\\/www.right2city.org\\\/es\\\/\",\"name\":\"Right to the city\",\"description\":\"Global Platform for the Right to the City\",\"potentialAction\":[{\"@type\":\"SearchAction\",\"target\":{\"@type\":\"EntryPoint\",\"urlTemplate\":\"https:\\\/\\\/www.right2city.org\\\/es\\\/?s={search_term_string}\"},\"query-input\":{\"@type\":\"PropertyValueSpecification\",\"valueRequired\":true,\"valueName\":\"search_term_string\"}}],\"inLanguage\":\"es\"}]}<\/script>\n<!-- \/ Yoast SEO plugin. -->","yoast_head_json":{"title":"Boletin 1 \/ 2022 - marzo - Right to the city","robots":{"index":"index","follow":"follow","max-snippet":"max-snippet:-1","max-image-preview":"max-image-preview:large","max-video-preview":"max-video-preview:-1"},"canonical":"https:\/\/www.right2city.org\/es\/boletin-1-2022-marzo\/","og_locale":"es_ES","og_type":"article","og_title":"Boletin 1 \/ 2022 - marzo - Right to the city","og_description":"Bolet\u00edn\u00a0 1 \/ 2022 &#8211; Marzo En torno al D\u00eda Internacional de la Mujer (8 de marzo), la Plataforma Global por el Derecho a la Ciudad (PGDC) lanz\u00f3 una campa\u00f1a\u00a0para: i) exigir ciudades y asentamientos humanos libres de discriminaci\u00f3n ii) destacar el papel esencial de las ciudades en la lucha contra la discriminaci\u00f3n iii) lanzar [&hellip;]","og_url":"https:\/\/www.right2city.org\/es\/boletin-1-2022-marzo\/","og_site_name":"Right to the city","og_image":[{"url":"http:\/\/cdn.mcauto-images-production.sendgrid.net\/56fdef3ccd71496a\/8ca0f850-4260-4994-9cbb-29c54b28a5aa\/8192x1876.png","type":"","width":"","height":""}],"twitter_card":"summary_large_image","twitter_misc":{"Tiempo de lectura":"3 minutos"},"schema":{"@context":"https:\/\/schema.org","@graph":[{"@type":"WebPage","@id":"https:\/\/www.right2city.org\/es\/boletin-1-2022-marzo\/","url":"https:\/\/www.right2city.org\/es\/boletin-1-2022-marzo\/","name":"Boletin 1 \/ 2022 - marzo - Right to the city","isPartOf":{"@id":"https:\/\/www.right2city.org\/es\/#website"},"primaryImageOfPage":{"@id":"https:\/\/www.right2city.org\/es\/boletin-1-2022-marzo\/#primaryimage"},"image":{"@id":"https:\/\/www.right2city.org\/es\/boletin-1-2022-marzo\/#primaryimage"},"thumbnailUrl":"http:\/\/cdn.mcauto-images-production.sendgrid.net\/56fdef3ccd71496a\/8ca0f850-4260-4994-9cbb-29c54b28a5aa\/8192x1876.png","datePublished":"2023-06-21T12:00:29+00:00","breadcrumb":{"@id":"https:\/\/www.right2city.org\/es\/boletin-1-2022-marzo\/#breadcrumb"},"inLanguage":"es","potentialAction":[{"@type":"ReadAction","target":["https:\/\/www.right2city.org\/es\/boletin-1-2022-marzo\/"]}]},{"@type":"ImageObject","inLanguage":"es","@id":"https:\/\/www.right2city.org\/es\/boletin-1-2022-marzo\/#primaryimage","url":"http:\/\/cdn.mcauto-images-production.sendgrid.net\/56fdef3ccd71496a\/8ca0f850-4260-4994-9cbb-29c54b28a5aa\/8192x1876.png","contentUrl":"http:\/\/cdn.mcauto-images-production.sendgrid.net\/56fdef3ccd71496a\/8ca0f850-4260-4994-9cbb-29c54b28a5aa\/8192x1876.png"},{"@type":"BreadcrumbList","@id":"https:\/\/www.right2city.org\/es\/boletin-1-2022-marzo\/#breadcrumb","itemListElement":[{"@type":"ListItem","position":1,"name":"Home","item":"https:\/\/www.right2city.org\/es\/"},{"@type":"ListItem","position":2,"name":"Boletin 1 \/ 2022 &#8211; marzo"}]},{"@type":"WebSite","@id":"https:\/\/www.right2city.org\/es\/#website","url":"https:\/\/www.right2city.org\/es\/","name":"Right to the city","description":"Global Platform for the Right to the City","potentialAction":[{"@type":"SearchAction","target":{"@type":"EntryPoint","urlTemplate":"https:\/\/www.right2city.org\/es\/?s={search_term_string}"},"query-input":{"@type":"PropertyValueSpecification","valueRequired":true,"valueName":"search_term_string"}}],"inLanguage":"es"}]}},"_links":{"self":[{"href":"https:\/\/www.right2city.org\/es\/wp-json\/wp\/v2\/pages\/68432","targetHints":{"allow":["GET"]}}],"collection":[{"href":"https:\/\/www.right2city.org\/es\/wp-json\/wp\/v2\/pages"}],"about":[{"href":"https:\/\/www.right2city.org\/es\/wp-json\/wp\/v2\/types\/page"}],"author":[{"embeddable":true,"href":"https:\/\/www.right2city.org\/es\/wp-json\/wp\/v2\/users\/4"}],"replies":[{"embeddable":true,"href":"https:\/\/www.right2city.org\/es\/wp-json\/wp\/v2\/comments?post=68432"}],"version-history":[{"count":5,"href":"https:\/\/www.right2city.org\/es\/wp-json\/wp\/v2\/pages\/68432\/revisions"}],"predecessor-version":[{"id":68437,"href":"https:\/\/www.right2city.org\/es\/wp-json\/wp\/v2\/pages\/68432\/revisions\/68437"}],"wp:attachment":[{"href":"https:\/\/www.right2city.org\/es\/wp-json\/wp\/v2\/media?parent=68432"}],"wp:term":[{"taxonomy":"themes","embeddable":true,"href":"https:\/\/www.right2city.org\/es\/wp-json\/wp\/v2\/themes?post=68432"},{"taxonomy":"agendas_globales","embeddable":true,"href":"https:\/\/www.right2city.org\/es\/wp-json\/wp\/v2\/agendas_globales?post=68432"}],"curies":[{"name":"wp","href":"https:\/\/api.w.org\/{rel}","templated":true}]}}