{"id":48864,"date":"2019-07-26T10:35:00","date_gmt":"2019-07-26T08:35:00","guid":{"rendered":"http:\/\/righttothecity.puntzero.cat\/?page_id=48864"},"modified":"2021-12-27T12:14:10","modified_gmt":"2021-12-27T10:14:10","slug":"la-plateforme","status":"publish","type":"page","link":"https:\/\/www.right2city.org\/fr\/la-plateforme\/","title":{"rendered":"La Plateforme"},"content":{"rendered":"[et_pb_section fb_built=\u00a0\u00bb1&Prime; admin_label=\u00a0\u00bbsection\u00a0\u00bb _builder_version=\u00a0\u00bb3.22&Prime;][et_pb_row admin_label=\u00a0\u00bbrow\u00a0\u00bb _builder_version=\u00a0\u00bb3.25&Prime; background_size=\u00a0\u00bbinitial\u00a0\u00bb background_position=\u00a0\u00bbtop_left\u00a0\u00bb background_repeat=\u00a0\u00bbrepeat\u00a0\u00bb][et_pb_column type=\u00a0\u00bb4_4&Prime; _builder_version=\u00a0\u00bb3.25&Prime; custom_padding=\u00a0\u00bb|||\u00a0\u00bb custom_padding__hover=\u00a0\u00bb|||\u00a0\u00bb][et_pb_text admin_label=\u00a0\u00bbText\u00a0\u00bb _builder_version=\u00a0\u00bb4.3.2&Prime; background_size=\u00a0\u00bbinitial\u00a0\u00bb background_position=\u00a0\u00bbtop_left\u00a0\u00bb background_repeat=\u00a0\u00bbrepeat\u00a0\u00bb]\n<h2><span style=\"color: #800080;\"><strong>Qu\u2019est-ce que la Plateforme Globale pour le Droit \u00e0 la Ville?<\/strong><\/span><\/h2>\n<p><span style=\"font-weight: 400;\"><\/span><\/p>\n<p><span style=\"font-weight: 400;\">La <strong>Plateforme Globale pour le Droit \u00e0 la Ville (PGDV)<\/strong> aspire \u00e0 promouvoir un avenir meilleur dans l\u2019ensemble des \u00e9tablissements humains. La PGDV est un r\u00e9seau <strong>ouvert, flexible et pluriel<\/strong> d&rsquo;organisations de la soci\u00e9t\u00e9 civile et de gouvernements locaux engag\u00e9s dans l&rsquo;action politique et le changement social. Elle promet la d\u00e9fense et la r\u00e9alisation du Droit \u00e0 la Ville \u00e0 tous les niveaux, avec une attention particuli\u00e8re port\u00e9e aux personnes et aux communaut\u00e9s en situation d\u2019exclusion et de marginalisation.<\/span><\/p>\n<p><span style=\"font-weight: 400;\">Le PGDV rassemble, entre autres, des organisations et <strong>mouvements sociaux, des universit\u00e9s, des r\u00e9seaux internationaux, des d\u00e9fenseurs des droits humains, des ONGs, des gouvernements locaux<\/strong>, qui tous contribuent \u00e0 l&rsquo;\u00e9mergence, dans nos soci\u00e9t\u00e9s, de nouvelles utopies \u00e9mancipatrices et pactes sociaux. Ensemble, nous donnons de la visibilit\u00e9 et faisons dialoguer entre elles les diff\u00e9rentes visions du monde existantes, afin de cr\u00e9er de nouveaux imaginaires collectifs possibles.<\/span><\/p>\n<p><span style=\"font-weight: 400;\">Dans la constitution<\/span> <span style=\"font-weight: 400;\">de nouvelles communaut\u00e9s d&rsquo;\u00e9motion et d&rsquo;action, l\u2019action de la PGDV est r\u00e9gie par les valeurs suivantes: <strong>la coop\u00e9ration, la collaboration, l&rsquo;horizontalit\u00e9, la transparence, la redevabilit\u00e9,\u00a0 l&rsquo;\u00e9quit\u00e9, la participation, l&rsquo;autonomisation des personnes et la solidarit\u00e9.<\/strong><\/span><\/p>\n[\/et_pb_text][et_pb_gallery gallery_ids=\u00a0\u00bb56777,56773,56747,56743,56751,56717,56755,55800,53990&Prime; gallery_orderby=\u00a0\u00bbrand\u00a0\u00bb posts_number=\u00a0\u00bb8&Prime; show_title_and_caption=\u00a0\u00bboff\u00a0\u00bb show_pagination=\u00a0\u00bboff\u00a0\u00bb _builder_version=\u00a0\u00bb4.3.2&Prime;][\/et_pb_gallery][et_pb_text _builder_version=\u00a0\u00bb4.3.2&Prime;]\n<h2><strong><span style=\"color: #800080;\">Comment fonctionne la PGDV?<\/span><\/strong><\/h2>\n<p><span style=\"font-weight: 400;\">La <strong>PGDV<\/strong> est un forum o\u00f9 les membres de la Plateforme et le grand public peuvent se r\u00e9unir avec des organisations de toutes tailles, pour partager leurs connaissances et strat\u00e9gies respectives sous une banni\u00e8re commune, celle du Droit \u00e0 la Ville.<\/span><\/p>\n<p><strong>La Plateforme est organis\u00e9e en diff\u00e9rents groupes: le Groupe de Facilitation\u00a0; trois principaux groupes de travail (Plaidoyer, Communication et Recherche et Formation)\u00a0; des Groupes Th\u00e9matiques et R\u00e9gionaux\u00a0; les sympathisant-e-s\u00a0; et l\u2019\u00c9quipe de Soutien.<\/strong><\/p>\n[\/et_pb_text][\/et_pb_column][\/et_pb_row][\/et_pb_section]\n","protected":false},"excerpt":{"rendered":"<p>Qu\u2019est-ce que la Plateforme Globale pour le Droit \u00e0 la Ville? La Plateforme Globale pour le Droit \u00e0 la Ville (PGDV) aspire \u00e0 promouvoir un avenir meilleur dans l\u2019ensemble des \u00e9tablissements humains. La PGDV est un r\u00e9seau ouvert, flexible et pluriel d&rsquo;organisations de la soci\u00e9t\u00e9 civile et de gouvernements locaux engag\u00e9s dans l&rsquo;action politique et [&hellip;]<\/p>\n","protected":false},"author":1,"featured_media":0,"parent":0,"menu_order":0,"comment_status":"closed","ping_status":"closed","template":"","meta":{"_acf_changed":false,"_et_pb_use_builder":"on","_et_pb_old_content":"","_et_gb_content_width":"","cybocfi_hide_featured_image":"","footnotes":""},"themes":[],"agendas_globales":[],"class_list":["post-48864","page","type-page","status-publish","hentry"],"acf":[],"yoast_head":"<!-- This site is optimized with the Yoast SEO plugin v27.3 - https:\/\/yoast.com\/product\/yoast-seo-wordpress\/ -->\n<title>La Plateforme - Right to the city<\/title>\n<meta name=\"robots\" content=\"index, follow, max-snippet:-1, max-image-preview:large, max-video-preview:-1\" \/>\n<link rel=\"canonical\" href=\"https:\/\/www.right2city.org\/fr\/la-plateforme\/\" \/>\n<meta property=\"og:locale\" content=\"fr_FR\" \/>\n<meta property=\"og:type\" content=\"article\" \/>\n<meta property=\"og:title\" content=\"La Plateforme - Right to the city\" \/>\n<meta property=\"og:description\" content=\"Qu\u2019est-ce que la Plateforme Globale pour le Droit \u00e0 la Ville? La Plateforme Globale pour le Droit \u00e0 la Ville (PGDV) aspire \u00e0 promouvoir un avenir meilleur dans l\u2019ensemble des \u00e9tablissements humains. La PGDV est un r\u00e9seau ouvert, flexible et pluriel d&#039;organisations de la soci\u00e9t\u00e9 civile et de gouvernements locaux engag\u00e9s dans l&#039;action politique et [&hellip;]\" \/>\n<meta property=\"og:url\" content=\"https:\/\/www.right2city.org\/fr\/la-plateforme\/\" \/>\n<meta property=\"og:site_name\" content=\"Right to the city\" \/>\n<meta property=\"article:modified_time\" content=\"2021-12-27T10:14:10+00:00\" \/>\n<meta name=\"twitter:card\" content=\"summary_large_image\" \/>\n<meta name=\"twitter:label1\" content=\"Dur\u00e9e de lecture estim\u00e9e\" \/>\n\t<meta name=\"twitter:data1\" content=\"2 minutes\" \/>\n<script type=\"application\/ld+json\" class=\"yoast-schema-graph\">{\"@context\":\"https:\\\/\\\/schema.org\",\"@graph\":[{\"@type\":\"WebPage\",\"@id\":\"https:\\\/\\\/www.right2city.org\\\/fr\\\/la-plateforme\\\/\",\"url\":\"https:\\\/\\\/www.right2city.org\\\/fr\\\/la-plateforme\\\/\",\"name\":\"La Plateforme - Right to the city\",\"isPartOf\":{\"@id\":\"https:\\\/\\\/www.right2city.org\\\/fr\\\/#website\"},\"datePublished\":\"2019-07-26T08:35:00+00:00\",\"dateModified\":\"2021-12-27T10:14:10+00:00\",\"breadcrumb\":{\"@id\":\"https:\\\/\\\/www.right2city.org\\\/fr\\\/la-plateforme\\\/#breadcrumb\"},\"inLanguage\":\"fr-FR\",\"potentialAction\":[{\"@type\":\"ReadAction\",\"target\":[\"https:\\\/\\\/www.right2city.org\\\/fr\\\/la-plateforme\\\/\"]}]},{\"@type\":\"BreadcrumbList\",\"@id\":\"https:\\\/\\\/www.right2city.org\\\/fr\\\/la-plateforme\\\/#breadcrumb\",\"itemListElement\":[{\"@type\":\"ListItem\",\"position\":1,\"name\":\"Home\",\"item\":\"https:\\\/\\\/www.right2city.org\\\/fr\\\/\"},{\"@type\":\"ListItem\",\"position\":2,\"name\":\"La Plateforme\"}]},{\"@type\":\"WebSite\",\"@id\":\"https:\\\/\\\/www.right2city.org\\\/fr\\\/#website\",\"url\":\"https:\\\/\\\/www.right2city.org\\\/fr\\\/\",\"name\":\"Right to the city\",\"description\":\"Global Platform for the Right to the City\",\"potentialAction\":[{\"@type\":\"SearchAction\",\"target\":{\"@type\":\"EntryPoint\",\"urlTemplate\":\"https:\\\/\\\/www.right2city.org\\\/fr\\\/?s={search_term_string}\"},\"query-input\":{\"@type\":\"PropertyValueSpecification\",\"valueRequired\":true,\"valueName\":\"search_term_string\"}}],\"inLanguage\":\"fr-FR\"}]}<\/script>\n<!-- \/ Yoast SEO plugin. -->","yoast_head_json":{"title":"La Plateforme - Right to the city","robots":{"index":"index","follow":"follow","max-snippet":"max-snippet:-1","max-image-preview":"max-image-preview:large","max-video-preview":"max-video-preview:-1"},"canonical":"https:\/\/www.right2city.org\/fr\/la-plateforme\/","og_locale":"fr_FR","og_type":"article","og_title":"La Plateforme - Right to the city","og_description":"Qu\u2019est-ce que la Plateforme Globale pour le Droit \u00e0 la Ville? La Plateforme Globale pour le Droit \u00e0 la Ville (PGDV) aspire \u00e0 promouvoir un avenir meilleur dans l\u2019ensemble des \u00e9tablissements humains. La PGDV est un r\u00e9seau ouvert, flexible et pluriel d'organisations de la soci\u00e9t\u00e9 civile et de gouvernements locaux engag\u00e9s dans l'action politique et [&hellip;]","og_url":"https:\/\/www.right2city.org\/fr\/la-plateforme\/","og_site_name":"Right to the city","article_modified_time":"2021-12-27T10:14:10+00:00","twitter_card":"summary_large_image","twitter_misc":{"Dur\u00e9e de lecture estim\u00e9e":"2 minutes"},"schema":{"@context":"https:\/\/schema.org","@graph":[{"@type":"WebPage","@id":"https:\/\/www.right2city.org\/fr\/la-plateforme\/","url":"https:\/\/www.right2city.org\/fr\/la-plateforme\/","name":"La Plateforme - Right to the city","isPartOf":{"@id":"https:\/\/www.right2city.org\/fr\/#website"},"datePublished":"2019-07-26T08:35:00+00:00","dateModified":"2021-12-27T10:14:10+00:00","breadcrumb":{"@id":"https:\/\/www.right2city.org\/fr\/la-plateforme\/#breadcrumb"},"inLanguage":"fr-FR","potentialAction":[{"@type":"ReadAction","target":["https:\/\/www.right2city.org\/fr\/la-plateforme\/"]}]},{"@type":"BreadcrumbList","@id":"https:\/\/www.right2city.org\/fr\/la-plateforme\/#breadcrumb","itemListElement":[{"@type":"ListItem","position":1,"name":"Home","item":"https:\/\/www.right2city.org\/fr\/"},{"@type":"ListItem","position":2,"name":"La Plateforme"}]},{"@type":"WebSite","@id":"https:\/\/www.right2city.org\/fr\/#website","url":"https:\/\/www.right2city.org\/fr\/","name":"Right to the city","description":"Global Platform for the Right to the City","potentialAction":[{"@type":"SearchAction","target":{"@type":"EntryPoint","urlTemplate":"https:\/\/www.right2city.org\/fr\/?s={search_term_string}"},"query-input":{"@type":"PropertyValueSpecification","valueRequired":true,"valueName":"search_term_string"}}],"inLanguage":"fr-FR"}]}},"_links":{"self":[{"href":"https:\/\/www.right2city.org\/fr\/wp-json\/wp\/v2\/pages\/48864","targetHints":{"allow":["GET"]}}],"collection":[{"href":"https:\/\/www.right2city.org\/fr\/wp-json\/wp\/v2\/pages"}],"about":[{"href":"https:\/\/www.right2city.org\/fr\/wp-json\/wp\/v2\/types\/page"}],"author":[{"embeddable":true,"href":"https:\/\/www.right2city.org\/fr\/wp-json\/wp\/v2\/users\/1"}],"replies":[{"embeddable":true,"href":"https:\/\/www.right2city.org\/fr\/wp-json\/wp\/v2\/comments?post=48864"}],"version-history":[{"count":7,"href":"https:\/\/www.right2city.org\/fr\/wp-json\/wp\/v2\/pages\/48864\/revisions"}],"predecessor-version":[{"id":63643,"href":"https:\/\/www.right2city.org\/fr\/wp-json\/wp\/v2\/pages\/48864\/revisions\/63643"}],"wp:attachment":[{"href":"https:\/\/www.right2city.org\/fr\/wp-json\/wp\/v2\/media?parent=48864"}],"wp:term":[{"taxonomy":"themes","embeddable":true,"href":"https:\/\/www.right2city.org\/fr\/wp-json\/wp\/v2\/themes?post=48864"},{"taxonomy":"agendas_globales","embeddable":true,"href":"https:\/\/www.right2city.org\/fr\/wp-json\/wp\/v2\/agendas_globales?post=48864"}],"curies":[{"name":"wp","href":"https:\/\/api.w.org\/{rel}","templated":true}]}}