{"id":49633,"date":"2019-08-09T08:56:49","date_gmt":"2019-08-09T06:56:49","guid":{"rendered":"https:\/\/www.right2city.org\/?page_id=49633"},"modified":"2021-07-14T13:46:20","modified_gmt":"2021-07-14T11:46:20","slug":"composantes-du-droit-a-la-ville","status":"publish","type":"page","link":"https:\/\/www.right2city.org\/fr\/composantes-du-droit-a-la-ville\/","title":{"rendered":"Composantes du droit \u00e0 la ville"},"content":{"rendered":"[et_pb_section fb_built=\u00a0\u00bb1&Prime; admin_label=\u00a0\u00bbsection\u00a0\u00bb _builder_version=\u00a0\u00bb3.22&Prime;][et_pb_row admin_label=\u00a0\u00bbrow\u00a0\u00bb _builder_version=\u00a0\u00bb3.25&Prime; background_size=\u00a0\u00bbinitial\u00a0\u00bb background_position=\u00a0\u00bbtop_left\u00a0\u00bb background_repeat=\u00a0\u00bbrepeat\u00a0\u00bb][et_pb_column type=\u00a0\u00bb4_4&Prime; _builder_version=\u00a0\u00bb3.25&Prime; custom_padding=\u00a0\u00bb|||\u00a0\u00bb custom_padding__hover=\u00a0\u00bb|||\u00a0\u00bb][et_pb_text admin_label=\u00a0\u00bbText\u00a0\u00bb _builder_version=\u00a0\u00bb4.3.2&Prime; background_size=\u00a0\u00bbinitial\u00a0\u00bb background_position=\u00a0\u00bbtop_left\u00a0\u00bb background_repeat=\u00a0\u00bbrepeat\u00a0\u00bb]\n<p style=\"text-align: center;\"><span style=\"color: #800080; font-size: 18pt;\"><strong>Composantes du droit \u00e0 la ville<\/strong><\/span><\/p>\n<p style=\"text-align: center;\"><span style=\"font-weight: 400;\"><strong>L<\/strong><span style=\"font-size: 12pt;\"><strong>e droit \u00e0 la ville con\u00e7oit les villes et les \u00e9tablissements humains comme des biens communs qui devraient \u00eatre partag\u00e9s afin de b\u00e9n\u00e9ficier \u00e0 l\u2019ensemble des membres de la communaut\u00e9. Ce principe se cristallise dans un certain nombre de composantes, list\u00e9es ci-dessous, qui doivent ensuite \u00eatre transpos\u00e9es en politiques et en actions concr\u00e8tes, afin que le droit \u00e0 la ville soit pleinement mis en \u0153uvre.<\/strong><\/span><\/span><\/p>\n[\/et_pb_text][et_pb_text _builder_version=\u00a0\u00bb4.3.2&Prime; custom_margin=\u00a0\u00bb50px|||||\u00a0\u00bb]\n<p><a href=\"https:\/\/www.right2city.org\/fr\/themes\/non-discrimination\/\"><strong><img loading=\"lazy\" decoding=\"async\" class=\"alignleft wp-image-56675 size-thumbnail\" src=\"https:\/\/www.right2city.org\/wp-content\/uploads\/2020\/09\/POLIS_red_esp-25-150x150.png\" alt=\"\" width=\"150\" height=\"150\" \/><\/strong><\/a><\/p>\n<p style=\"text-align: justify;\"><span style=\"font-size: 12pt;\"><strong>Une ville\/\u00e9tablissement humain <a href=\"https:\/\/www.right2city.org\/fr\/themes\/non-discrimination\/\">exempt de discrimination<\/a><\/strong> fond\u00e9e sur le genre, l&rsquo;\u00e2ge, l&rsquo;\u00e9tat de sant\u00e9, le revenu, la nationalit\u00e9, l&rsquo;appartenance ethnique, le statut migratoire ou encore l&rsquo;orientation politique, religieuse ou sexuelle. Une ville\/\u00e9tablissement humain inclusif vis-\u00e0-vis des diversit\u00e9s et des minorit\u00e9s ethnique, raciale, sexuelle et culturelle, et qui respecte, prot\u00e8ge et promeuve sans discrimination l\u2019ensemble des traditions, m\u00e9moires, identit\u00e9s, langues et expressions artistiques et culturelles de ses habitants.<\/span><\/p>\n[\/et_pb_text][et_pb_text admin_label=\u00a0\u00bbTexte\u00a0\u00bb _builder_version=\u00a0\u00bb4.3.2&Prime; text_orientation=\u00a0\u00bbjustified\u00a0\u00bb custom_margin=\u00a0\u00bb60px|||||\u00a0\u00bb]\n<p><span style=\"font-size: 12pt;\"><a href=\"https:\/\/www.right2city.org\/fr\/themes\/egalite-de-genre\/\"><span style=\"font-weight: 400;\"><strong><img loading=\"lazy\" decoding=\"async\" class=\"wp-image-56437 alignleft size-thumbnail\" src=\"https:\/\/www.right2city.org\/wp-content\/uploads\/2020\/08\/POLIS_red_fr-26-150x150.png\" alt=\"\" width=\"150\" height=\"150\" \/><\/strong><\/span><\/a><\/span><\/p>\n<p><span style=\"font-weight: 400; font-size: 12pt;\"><strong>Une ville\/\u00e9tablissement humain qui <a href=\"https:\/\/www.right2city.org\/fr\/themes\/egalite-de-genre\/\">garantisse l\u2019\u00e9galit\u00e9 de genre,<\/a><\/strong> et qui adopte les mesures n\u00e9cessaires pour combattre toutes les formes de discrimination \u00e0 l&rsquo;\u00e9gard des femmes et des filles ; une ville\/\u00e9tablissement humain qui prenne toutes les mesures appropri\u00e9es pour assurer le plein \u00e9panouissement des femmes et des filles et leur garantir une vie sans violence, ainsi que l&rsquo;\u00e9galit\u00e9 dans l&rsquo;exercice et la r\u00e9alisation de leurs droits humains.<\/span><\/p>\n[\/et_pb_text][et_pb_text admin_label=\u00a0\u00bbTexte\u00a0\u00bb _builder_version=\u00a0\u00bb4.3.2&Prime; text_orientation=\u00a0\u00bbjustified\u00a0\u00bb custom_margin=\u00a0\u00bb60px|||||\u00a0\u00bb]\n<p><a href=\"https:\/\/www.right2city.org\/fr\/themes\/citoyennete-inclusive\/\"><strong><img loading=\"lazy\" decoding=\"async\" class=\"wp-image-56441 alignleft size-thumbnail\" src=\"https:\/\/www.right2city.org\/wp-content\/uploads\/2020\/08\/POLIS_red_fr-27-150x150.png\" alt=\"\" width=\"150\" height=\"150\" \/><\/strong><\/a><\/p>\n<p><strong>Une ville\/\u00e9tablissement humain fond\u00e9 sur une <a href=\"https:\/\/www.right2city.org\/fr\/themes\/citoyennete-inclusive\/\">citoyennet\u00e9 inclusive<\/a>,<\/strong> dans laquelle tous les habitants (qu&rsquo;ils soient permanents ou temporaires) sont consid\u00e9r\u00e9s comme des citoyens et sont trait\u00e9s \u00e0 \u00e9galit\u00e9 des droits (notamment les femmes, les personnes vivant dans la pauvret\u00e9 ou en situation de risque environnemental, les travailleurs de l&rsquo;\u00e9conomie informelle, les groupes ethniques et religieux, les personnes LGBT, les personnes handicap\u00e9es, les enfants, les jeunes, les personnes \u00e2g\u00e9es, les migrants, les r\u00e9fugi\u00e9s, les habitants des rues, les victimes de violence, et les peuples indig\u00e8nes).<\/p>\n[\/et_pb_text][et_pb_text _builder_version=\u00a0\u00bb4.3.2&Prime; custom_margin=\u00a0\u00bb22px|||||\u00a0\u00bb]\n<p style=\"text-align: justify;\"><span style=\"font-weight: 400; font-size: 12pt;\"><strong><a href=\"https:\/\/www.right2city.org\/fr\/themes\/participation-politique\/\"><img loading=\"lazy\" decoding=\"async\" class=\"alignleft wp-image-56445 size-thumbnail\" src=\"https:\/\/www.right2city.org\/wp-content\/uploads\/2020\/08\/POLIS_red_fr-28-150x150.png\" alt=\"\" width=\"150\" height=\"150\" \/><\/a><br \/>Une ville\/\u00e9tablissement humain avec une <a href=\"https:\/\/www.right2city.org\/fr\/themes\/participation-politique\/\">plus forte participation politique<\/a><\/strong> au niveau de la d\u00e9finition, de la mise en \u0153uvre, du suivi et de la budg\u00e9tisation des politiques urbaines et d&rsquo;am\u00e9nagement du territoire, afin de renforcer la transparence, l&rsquo;efficacit\u00e9 et l&rsquo;inclusion de l\u2019ensemble de ses habitants et organisations. Pour ce faire, le droit \u00e0 la ville implique pour les diff\u00e9rentes sph\u00e8res de gouvernement mais aussi pour les citoyens, une responsabilit\u00e9 accrue en terme d\u2019exercice, de revendications, de d\u00e9fense et de promotion d\u2019une gouvernance \u00e9quitable, ainsi que de la fonction sociale des \u00e9tablissements humains, dans le cadre d\u2019un habitat prot\u00e9g\u00e9 par les droits humains.<\/span><\/p>\n[\/et_pb_text][et_pb_text _builder_version=\u00a0\u00bb4.3.2&Prime;]\n<p><span style=\"font-size: 12pt;\"><a href=\"https:\/\/www.right2city.org\/fr\/themes\/fonctions-sociales-remplies\/\"><strong><img loading=\"lazy\" decoding=\"async\" class=\"alignleft wp-image-56449 size-thumbnail\" src=\"https:\/\/www.right2city.org\/wp-content\/uploads\/2020\/08\/POLIS_red_fr-29-150x150.png\" alt=\"\" width=\"150\" height=\"150\" \/><\/strong><\/a><\/span><\/p>\n<p style=\"text-align: justify;\"><span style=\"font-size: 12pt;\"><strong>Une ville\/\u00e9tablissement humain remplissant ses <a href=\"https:\/\/www.right2city.org\/fr\/themes\/fonctions-sociales-remplies\/\">fonctions sociales<\/a>,<\/strong> c&rsquo;est-\u00e0-dire assurant \u00e0 tous, et en particulier aux femmes, aux populations marginalis\u00e9es et aux personnes aux besoins sp\u00e9cifiques, un acc\u00e8s \u00e9quitable et abordable au logement, aux biens, aux services et aux opportunit\u00e9s offertes par la vie urbaine; une ville\/ \u00e9tablissement humain qui consid\u00e8re avant tout l&rsquo;int\u00e9r\u00eat public et social d\u00e9fini collectivement, garantissant une gestion juste et \u00e9quitable des espaces urbains et ruraux, et qui reconnaisse et soutienne la production sociale de l&rsquo;habitat.<\/span><\/p>\n[\/et_pb_text][et_pb_text _builder_version=\u00a0\u00bb4.3.2&Prime;]\n<p><a href=\"https:\/\/www.right2city.org\/fr\/themes\/espaces-publics-de-qualite\/\"><img loading=\"lazy\" decoding=\"async\" class=\"alignleft wp-image-56453 size-thumbnail\" src=\"https:\/\/www.right2city.org\/wp-content\/uploads\/2020\/08\/POLIS_red_fr-30-150x150.png\" alt=\"\" width=\"150\" height=\"150\" \/><\/a><\/p>\n<p style=\"text-align: justify;\"><strong>Une ville\/\u00e9tablissement humain dot\u00e9 de <a href=\"https:\/\/www.right2city.org\/fr\/themes\/espaces-publics-de-qualite\/\">services et d\u2019espaces publics de qualit\u00e9<\/a><\/strong>, qui renforcent les interactions sociales et la participation politique, encouragent les manifestations socioculturelles, favorisent la diversit\u00e9 et la coh\u00e9sion sociale; une ville\/\u00e9tablissement humain o\u00f9 les espaces et services publics contribuent \u00e0 rendre les villes plus s\u00fbres (surtout pour les femmes et les filles) et \u00e0 r\u00e9pondre aux besoins des habitants (surtout ceux qui ont trait \u00e0 leurs moyens de subsistance).<\/p>\n[\/et_pb_text][et_pb_text _builder_version=\u00a0\u00bb4.3.2&Prime; custom_margin=\u00a0\u00bb60px|||||\u00a0\u00bb]\n<p><a href=\"https:\/\/www.right2city.org\/fr\/themes\/economies-diversifiees-et-inclusives\/\"><strong><img loading=\"lazy\" decoding=\"async\" class=\"wp-image-56457 alignleft size-thumbnail\" src=\"https:\/\/www.right2city.org\/wp-content\/uploads\/2020\/08\/POLIS_red_fr-31-150x150.png\" alt=\"\" width=\"150\" height=\"150\" \/><\/strong><\/a><\/p>\n<p style=\"text-align: justify;\"><strong>Une ville\/\u00e9tablissement humain avec des <a href=\"https:\/\/www.right2city.org\/fr\/themes\/economies-diversifiees-et-inclusives\/\">\u00e9conomies diversifi\u00e9es et inclusives<\/a>,<\/strong> pour pr\u00e9server et garantir l&rsquo;acc\u00e8s de tous les habitants \u00e0 une source de revenues s\u00fbre et \u00e0 un travail d\u00e9cent, et qui laissent de la place pour le d\u00e9veloppement d&rsquo;autres \u00e9conomies (l\u2019\u00e9conomie sociale et solidaire, l\u2019\u00e9conomie du partage) ; une ville\/\u00e9tablissement humain qui reconnaisse et valorise le travail domestique et communautaire, r\u00e9alis\u00e9 essentiellement par les femmes, et garantisse l\u2019\u00e9panouissement des femmes et des filles.<\/p>\n[\/et_pb_text][et_pb_text _builder_version=\u00a0\u00bb4.3.2&Prime; custom_margin=\u00a0\u00bb60px|||||\u00a0\u00bb]\n<p><a href=\"https:\/\/www.right2city.org\/fr\/themes\/liens-urbains-ruraux\/\"><span style=\"font-weight: 400;\"><strong><img loading=\"lazy\" decoding=\"async\" class=\"wp-image-56461 alignleft size-thumbnail\" src=\"https:\/\/www.right2city.org\/wp-content\/uploads\/2020\/08\/POLIS_red_fr-32-150x150.png\" alt=\"\" width=\"150\" height=\"150\" \/><\/strong><\/span><\/a><\/p>\n<p style=\"text-align: justify;\"><span style=\"font-weight: 400;\"><strong>Une ville\/\u00e9tablissement urbain durable et inclusif, o\u00f9 les<a href=\"https:\/\/www.right2city.org\/fr\/themes\/liens-urbains-ruraux\/\"> interactions entre les zones rurales et urbaines<\/a><\/strong> b\u00e9n\u00e9ficient aux populations les plus pauvres, tant dans les zones rurales qu&rsquo;urbaines, et assurent la souverainet\u00e9 alimentaire; une ville\/\u00e9tablissement urbain protecteur de la biodiversit\u00e9, des habitats naturels et des \u00e9cosyst\u00e8mes environnants.<\/span><\/p>\n[\/et_pb_text][\/et_pb_column][\/et_pb_row][\/et_pb_section]\n","protected":false},"excerpt":{"rendered":"<p>Composantes du droit \u00e0 la ville Le droit \u00e0 la ville con\u00e7oit les villes et les \u00e9tablissements humains comme des biens communs qui devraient \u00eatre partag\u00e9s afin de b\u00e9n\u00e9ficier \u00e0 l\u2019ensemble des membres de la communaut\u00e9. Ce principe se cristallise dans un certain nombre de composantes, list\u00e9es ci-dessous, qui doivent ensuite \u00eatre transpos\u00e9es en politiques [&hellip;]<\/p>\n","protected":false},"author":4,"featured_media":0,"parent":0,"menu_order":0,"comment_status":"closed","ping_status":"closed","template":"","meta":{"_acf_changed":false,"_et_pb_use_builder":"on","_et_pb_old_content":"","_et_gb_content_width":"","cybocfi_hide_featured_image":"","footnotes":""},"themes":[],"agendas_globales":[],"class_list":["post-49633","page","type-page","status-publish","hentry"],"acf":[],"yoast_head":"<!-- This site is optimized with the Yoast SEO plugin v27.3 - https:\/\/yoast.com\/product\/yoast-seo-wordpress\/ -->\n<title>Composantes du droit \u00e0 la ville - Right to the city<\/title>\n<meta name=\"robots\" content=\"index, follow, max-snippet:-1, max-image-preview:large, max-video-preview:-1\" \/>\n<link rel=\"canonical\" href=\"https:\/\/www.right2city.org\/fr\/composantes-du-droit-a-la-ville\/\" \/>\n<meta property=\"og:locale\" content=\"fr_FR\" \/>\n<meta property=\"og:type\" content=\"article\" \/>\n<meta property=\"og:title\" content=\"Composantes du droit \u00e0 la ville - Right to the city\" \/>\n<meta property=\"og:description\" content=\"Composantes du droit \u00e0 la ville Le droit \u00e0 la ville con\u00e7oit les villes et les \u00e9tablissements humains comme des biens communs qui devraient \u00eatre partag\u00e9s afin de b\u00e9n\u00e9ficier \u00e0 l\u2019ensemble des membres de la communaut\u00e9. Ce principe se cristallise dans un certain nombre de composantes, list\u00e9es ci-dessous, qui doivent ensuite \u00eatre transpos\u00e9es en politiques [&hellip;]\" \/>\n<meta property=\"og:url\" content=\"https:\/\/www.right2city.org\/fr\/composantes-du-droit-a-la-ville\/\" \/>\n<meta property=\"og:site_name\" content=\"Right to the city\" \/>\n<meta property=\"article:modified_time\" content=\"2021-07-14T11:46:20+00:00\" \/>\n<meta property=\"og:image\" content=\"https:\/\/www.right2city.org\/wp-content\/uploads\/2020\/09\/POLIS_red_esp-25-150x150.png\" \/>\n<meta name=\"twitter:card\" content=\"summary_large_image\" \/>\n<meta name=\"twitter:label1\" content=\"Dur\u00e9e de lecture estim\u00e9e\" \/>\n\t<meta name=\"twitter:data1\" content=\"4 minutes\" \/>\n<script type=\"application\/ld+json\" class=\"yoast-schema-graph\">{\"@context\":\"https:\\\/\\\/schema.org\",\"@graph\":[{\"@type\":\"WebPage\",\"@id\":\"https:\\\/\\\/www.right2city.org\\\/fr\\\/composantes-du-droit-a-la-ville\\\/\",\"url\":\"https:\\\/\\\/www.right2city.org\\\/fr\\\/composantes-du-droit-a-la-ville\\\/\",\"name\":\"Composantes du droit \u00e0 la ville - Right to the city\",\"isPartOf\":{\"@id\":\"https:\\\/\\\/www.right2city.org\\\/fr\\\/#website\"},\"primaryImageOfPage\":{\"@id\":\"https:\\\/\\\/www.right2city.org\\\/fr\\\/composantes-du-droit-a-la-ville\\\/#primaryimage\"},\"image\":{\"@id\":\"https:\\\/\\\/www.right2city.org\\\/fr\\\/composantes-du-droit-a-la-ville\\\/#primaryimage\"},\"thumbnailUrl\":\"https:\\\/\\\/www.right2city.org\\\/wp-content\\\/uploads\\\/2020\\\/09\\\/POLIS_red_esp-25-150x150.png\",\"datePublished\":\"2019-08-09T06:56:49+00:00\",\"dateModified\":\"2021-07-14T11:46:20+00:00\",\"breadcrumb\":{\"@id\":\"https:\\\/\\\/www.right2city.org\\\/fr\\\/composantes-du-droit-a-la-ville\\\/#breadcrumb\"},\"inLanguage\":\"fr-FR\",\"potentialAction\":[{\"@type\":\"ReadAction\",\"target\":[\"https:\\\/\\\/www.right2city.org\\\/fr\\\/composantes-du-droit-a-la-ville\\\/\"]}]},{\"@type\":\"ImageObject\",\"inLanguage\":\"fr-FR\",\"@id\":\"https:\\\/\\\/www.right2city.org\\\/fr\\\/composantes-du-droit-a-la-ville\\\/#primaryimage\",\"url\":\"https:\\\/\\\/www.right2city.org\\\/wp-content\\\/uploads\\\/2020\\\/09\\\/POLIS_red_esp-25-150x150.png\",\"contentUrl\":\"https:\\\/\\\/www.right2city.org\\\/wp-content\\\/uploads\\\/2020\\\/09\\\/POLIS_red_esp-25-150x150.png\"},{\"@type\":\"BreadcrumbList\",\"@id\":\"https:\\\/\\\/www.right2city.org\\\/fr\\\/composantes-du-droit-a-la-ville\\\/#breadcrumb\",\"itemListElement\":[{\"@type\":\"ListItem\",\"position\":1,\"name\":\"Home\",\"item\":\"https:\\\/\\\/www.right2city.org\\\/fr\\\/\"},{\"@type\":\"ListItem\",\"position\":2,\"name\":\"Composantes du droit \u00e0 la ville\"}]},{\"@type\":\"WebSite\",\"@id\":\"https:\\\/\\\/www.right2city.org\\\/fr\\\/#website\",\"url\":\"https:\\\/\\\/www.right2city.org\\\/fr\\\/\",\"name\":\"Right to the city\",\"description\":\"Global Platform for the Right to the City\",\"potentialAction\":[{\"@type\":\"SearchAction\",\"target\":{\"@type\":\"EntryPoint\",\"urlTemplate\":\"https:\\\/\\\/www.right2city.org\\\/fr\\\/?s={search_term_string}\"},\"query-input\":{\"@type\":\"PropertyValueSpecification\",\"valueRequired\":true,\"valueName\":\"search_term_string\"}}],\"inLanguage\":\"fr-FR\"}]}<\/script>\n<!-- \/ Yoast SEO plugin. -->","yoast_head_json":{"title":"Composantes du droit \u00e0 la ville - Right to the city","robots":{"index":"index","follow":"follow","max-snippet":"max-snippet:-1","max-image-preview":"max-image-preview:large","max-video-preview":"max-video-preview:-1"},"canonical":"https:\/\/www.right2city.org\/fr\/composantes-du-droit-a-la-ville\/","og_locale":"fr_FR","og_type":"article","og_title":"Composantes du droit \u00e0 la ville - Right to the city","og_description":"Composantes du droit \u00e0 la ville Le droit \u00e0 la ville con\u00e7oit les villes et les \u00e9tablissements humains comme des biens communs qui devraient \u00eatre partag\u00e9s afin de b\u00e9n\u00e9ficier \u00e0 l\u2019ensemble des membres de la communaut\u00e9. Ce principe se cristallise dans un certain nombre de composantes, list\u00e9es ci-dessous, qui doivent ensuite \u00eatre transpos\u00e9es en politiques [&hellip;]","og_url":"https:\/\/www.right2city.org\/fr\/composantes-du-droit-a-la-ville\/","og_site_name":"Right to the city","article_modified_time":"2021-07-14T11:46:20+00:00","og_image":[{"url":"https:\/\/www.right2city.org\/wp-content\/uploads\/2020\/09\/POLIS_red_esp-25-150x150.png","type":"","width":"","height":""}],"twitter_card":"summary_large_image","twitter_misc":{"Dur\u00e9e de lecture estim\u00e9e":"4 minutes"},"schema":{"@context":"https:\/\/schema.org","@graph":[{"@type":"WebPage","@id":"https:\/\/www.right2city.org\/fr\/composantes-du-droit-a-la-ville\/","url":"https:\/\/www.right2city.org\/fr\/composantes-du-droit-a-la-ville\/","name":"Composantes du droit \u00e0 la ville - Right to the city","isPartOf":{"@id":"https:\/\/www.right2city.org\/fr\/#website"},"primaryImageOfPage":{"@id":"https:\/\/www.right2city.org\/fr\/composantes-du-droit-a-la-ville\/#primaryimage"},"image":{"@id":"https:\/\/www.right2city.org\/fr\/composantes-du-droit-a-la-ville\/#primaryimage"},"thumbnailUrl":"https:\/\/www.right2city.org\/wp-content\/uploads\/2020\/09\/POLIS_red_esp-25-150x150.png","datePublished":"2019-08-09T06:56:49+00:00","dateModified":"2021-07-14T11:46:20+00:00","breadcrumb":{"@id":"https:\/\/www.right2city.org\/fr\/composantes-du-droit-a-la-ville\/#breadcrumb"},"inLanguage":"fr-FR","potentialAction":[{"@type":"ReadAction","target":["https:\/\/www.right2city.org\/fr\/composantes-du-droit-a-la-ville\/"]}]},{"@type":"ImageObject","inLanguage":"fr-FR","@id":"https:\/\/www.right2city.org\/fr\/composantes-du-droit-a-la-ville\/#primaryimage","url":"https:\/\/www.right2city.org\/wp-content\/uploads\/2020\/09\/POLIS_red_esp-25-150x150.png","contentUrl":"https:\/\/www.right2city.org\/wp-content\/uploads\/2020\/09\/POLIS_red_esp-25-150x150.png"},{"@type":"BreadcrumbList","@id":"https:\/\/www.right2city.org\/fr\/composantes-du-droit-a-la-ville\/#breadcrumb","itemListElement":[{"@type":"ListItem","position":1,"name":"Home","item":"https:\/\/www.right2city.org\/fr\/"},{"@type":"ListItem","position":2,"name":"Composantes du droit \u00e0 la ville"}]},{"@type":"WebSite","@id":"https:\/\/www.right2city.org\/fr\/#website","url":"https:\/\/www.right2city.org\/fr\/","name":"Right to the city","description":"Global Platform for the Right to the City","potentialAction":[{"@type":"SearchAction","target":{"@type":"EntryPoint","urlTemplate":"https:\/\/www.right2city.org\/fr\/?s={search_term_string}"},"query-input":{"@type":"PropertyValueSpecification","valueRequired":true,"valueName":"search_term_string"}}],"inLanguage":"fr-FR"}]}},"_links":{"self":[{"href":"https:\/\/www.right2city.org\/fr\/wp-json\/wp\/v2\/pages\/49633","targetHints":{"allow":["GET"]}}],"collection":[{"href":"https:\/\/www.right2city.org\/fr\/wp-json\/wp\/v2\/pages"}],"about":[{"href":"https:\/\/www.right2city.org\/fr\/wp-json\/wp\/v2\/types\/page"}],"author":[{"embeddable":true,"href":"https:\/\/www.right2city.org\/fr\/wp-json\/wp\/v2\/users\/4"}],"replies":[{"embeddable":true,"href":"https:\/\/www.right2city.org\/fr\/wp-json\/wp\/v2\/comments?post=49633"}],"version-history":[{"count":5,"href":"https:\/\/www.right2city.org\/fr\/wp-json\/wp\/v2\/pages\/49633\/revisions"}],"predecessor-version":[{"id":60423,"href":"https:\/\/www.right2city.org\/fr\/wp-json\/wp\/v2\/pages\/49633\/revisions\/60423"}],"wp:attachment":[{"href":"https:\/\/www.right2city.org\/fr\/wp-json\/wp\/v2\/media?parent=49633"}],"wp:term":[{"taxonomy":"themes","embeddable":true,"href":"https:\/\/www.right2city.org\/fr\/wp-json\/wp\/v2\/themes?post=49633"},{"taxonomy":"agendas_globales","embeddable":true,"href":"https:\/\/www.right2city.org\/fr\/wp-json\/wp\/v2\/agendas_globales?post=49633"}],"curies":[{"name":"wp","href":"https:\/\/api.w.org\/{rel}","templated":true}]}}