{"id":49761,"date":"2019-08-09T19:52:52","date_gmt":"2019-08-09T17:52:52","guid":{"rendered":"https:\/\/www.right2city.org\/?page_id=49761"},"modified":"2021-03-01T09:59:00","modified_gmt":"2021-03-01T07:59:00","slug":"adhesion","status":"publish","type":"page","link":"https:\/\/www.right2city.org\/fr\/adhesion\/","title":{"rendered":"Adh\u00e9sion"},"content":{"rendered":"<p><span style=\"font-weight: 400;\">La Plateforme Globale pour le Droit \u00e0 la Ville (PGDV) est r\u00e9gie par deux grands principes, la confiance mutuelle et la participation active. L&rsquo;adh\u00e9sion est ouverte \u00e0 tous les acteurs partageant la vision et la mission de la PGDV, quelles que soient leur taille, leur contribution ou leur localisation.<\/span><\/p>\n<p><b>Membres:<\/b><span style=\"font-weight: 400;\"> Sont consid\u00e9r\u00e9s comme membres toutes les organisations, r\u00e9seaux, entit\u00e9s ou collectifs qui ont particip\u00e9 r\u00e9guli\u00e8rement \u00e0 des r\u00e9unions ou activit\u00e9s th\u00e9matiques ou r\u00e9gionales de la Plateforme. \u00c0 partir de 2019, tous les membres seront invit\u00e9s, au moyen d&rsquo;un <a href=\"https:\/\/docs.google.com\/forms\/d\/1PlGEdCsyeXbM7yi4pmmTT2RNqU9mGzSkV64kIiVbA7k\/edit?usp=drive_web\" target=\"_blank\" rel=\"noopener noreferrer\">formulaire d&rsquo;adh\u00e9sion en ligne<\/a>, \u00e0 officialiser leur adh\u00e9sion en souscrivant au plan strat\u00e9gique (incluant la vision, la mission et les valeurs de la PGDV), en rejoignant au moins un groupe de travail et\/ou en pr\u00e9sentant au moins une de leur propres initiatives directement li\u00e9e \u00e0 la mise en \u0153uvre du plan strat\u00e9gique et de la mission de la PGDV. Les nouveaux membres seront \u00e9galement invit\u00e9s \u00e0 remplir le formulaire d&rsquo;adh\u00e9sion.<\/span><\/p>\n<p><span style=\"font-weight: 400;\">Les membres de la PGDV peuvent \u00eatre affili\u00e9s aux groupes suivants:<\/span><\/p>\n<p style=\"padding-left: 40px;\"><b>a) Groupe de Facilitation: <\/b><span style=\"font-weight: 400;\">Organe de coordination et de prise de d\u00e9cision qui rassemble tous les membres ayant accompagn\u00e9 la PGDV depuis sa cr\u00e9ation, qui sont actifs au sein de l\u2019un des groupes de travail depuis au moins un an. Ce Groupe se r\u00e9unit 4 fois par an (une fois en personne et 3 fois virtuellement). D&rsquo;autres membres pourront \u00eatre invit\u00e9s\/autoris\u00e9s \u00e0 rejoindre ce groupe \u00e0 condition qu\u2019ils puissent d\u00e9montrer d\u2019un fort niveau d&rsquo;engagement, et dans la perspective affich\u00e9e d\u2019accro\u00eetre la diversit\u00e9 r\u00e9gionale, de genre et raciale au sein du groupe.<\/span><\/p>\n<p style=\"padding-left: 40px;\"><b>b) Groupes de Travail:<\/b><span style=\"font-weight: 400;\"> Ces groupes r\u00e9pondent \u00e0 un ou plusieurs des objectifs de la PGDV et fournissent un cadre de coordination, de discussion et de coproduction aux membres de la PGDV. Tous les Groupes de Travail sont compos\u00e9s de membres et de partenaires de la PGDV, y compris au moins un membre du Groupe de Facilitation et un membre de l&rsquo;\u00c9quipe de Soutien. Chaque Groupe de Travail se r\u00e9unira virtuellement au moins quatre fois par an et d\u00e9signera au moins deux personnes (dont le repr\u00e9sentant du Groupe de Facilitation) pour coordonner leur travail et assurer la liaison avec les autres groupes. Chaque Groupe de Travail se verra allou\u00e9 une part sp\u00e9cifique du budget de la PGDV. <\/span><span style=\"font-weight: 400;\">La PGDV s\u2019organise actuellement autour de<strong> trois Groupes de Travail:<\/strong> 1) Plaidoyer ; 2) Recherche et Formation ; et 3) Communication. Des fonds sp\u00e9cifiques seront collect\u00e9s et allou\u00e9s pour promouvoir et mettre en \u0153uvre les initiatives propres \u00e0 chaque Groupe de Travail.<\/span><\/p>\n<p style=\"padding-left: 40px;\"><b>c) Groupes Th\u00e9matiques et R\u00e9gionaux:<\/b><span style=\"font-weight: 400;\"> Il s&rsquo;agit de groupes auto-organis\u00e9s, cr\u00e9\u00e9s par les membres en fonction de leurs besoins et de leurs objectifs sp\u00e9cifiques. Ils interagiront avec les Groupes de Travail et recevront leur soutien en fonction des diff\u00e9rentes activit\u00e9s qu&rsquo;ils souhaitent organiser, tout en se coordonnant avec le Groupe de Facilitation afin d&rsquo;aligner leurs strat\u00e9gies sur celles de la plate-forme. Des fonds sp\u00e9cifiques seront collect\u00e9s et allou\u00e9s pour stimuler l&rsquo;organisation d&rsquo;\u00e9v\u00e9nements et activit\u00e9s r\u00e9gionales, qui contribueront \u00e0 consolider les groupes r\u00e9gionaux et favoriser leur interaction avec les Groupes de Travail.<\/span><\/p>\n<p style=\"padding-left: 40px;\"><b>d) Sympathisants: <\/b><span style=\"font-weight: 400;\">Ensemble des individus, fondations, gouvernements, autorit\u00e9s publiques et autres organisations qui, de par leur nature, ne sont pas membres de la Plateforme mais souhaitent manifester leur soutien et leur engagement envers celle-ci.<\/span><\/p>\n<p style=\"padding-left: 40px;\"><span style=\"font-weight: 400;\"><br \/>\n<\/span><b>e) \u00c9quipe de Soutien:<\/b><span style=\"font-weight: 400;\"> Groupe d\u2019individus qui fournissent des conseils et une assistance technique \u00e0 la Plateforme, aupr\u00e8s de laquelle ils sont directement employ\u00e9s. Cette \u00e9quipe est actuellement compos\u00e9e de 2 personnes de l&rsquo;Institut P\u00f3lis et 2 personnes de la Coalition Internationale pour l\u2019Habitat. Elle pourrait s\u2019\u00e9largir \u00e0 l\u2019avenir \u00e0 des membres de diff\u00e9rentes organisations.<\/span><\/p>\n","protected":false},"excerpt":{"rendered":"<p>La Plateforme Globale pour le Droit \u00e0 la Ville (PGDV) est r\u00e9gie par deux grands principes, la confiance mutuelle et la participation active. L&rsquo;adh\u00e9sion est ouverte \u00e0 tous les acteurs partageant la vision et la mission de la PGDV, quelles que soient leur taille, leur contribution ou leur localisation. Membres: Sont consid\u00e9r\u00e9s comme membres toutes [&hellip;]<\/p>\n","protected":false},"author":4,"featured_media":0,"parent":0,"menu_order":0,"comment_status":"closed","ping_status":"closed","template":"","meta":{"_acf_changed":false,"_et_pb_use_builder":"","_et_pb_old_content":"","_et_gb_content_width":"","cybocfi_hide_featured_image":"","footnotes":""},"themes":[],"agendas_globales":[],"class_list":["post-49761","page","type-page","status-publish","hentry"],"acf":[],"yoast_head":"<!-- This site is optimized with the Yoast SEO plugin v27.4 - https:\/\/yoast.com\/product\/yoast-seo-wordpress\/ -->\n<title>Adh\u00e9sion - Right to the city<\/title>\n<meta name=\"robots\" content=\"index, follow, max-snippet:-1, max-image-preview:large, max-video-preview:-1\" \/>\n<link rel=\"canonical\" href=\"https:\/\/www.right2city.org\/fr\/adhesion\/\" \/>\n<meta property=\"og:locale\" content=\"fr_FR\" \/>\n<meta property=\"og:type\" content=\"article\" \/>\n<meta property=\"og:title\" content=\"Adh\u00e9sion - Right to the city\" \/>\n<meta property=\"og:description\" content=\"La Plateforme Globale pour le Droit \u00e0 la Ville (PGDV) est r\u00e9gie par deux grands principes, la confiance mutuelle et la participation active. L&rsquo;adh\u00e9sion est ouverte \u00e0 tous les acteurs partageant la vision et la mission de la PGDV, quelles que soient leur taille, leur contribution ou leur localisation. Membres: Sont consid\u00e9r\u00e9s comme membres toutes [&hellip;]\" \/>\n<meta property=\"og:url\" content=\"https:\/\/www.right2city.org\/fr\/adhesion\/\" \/>\n<meta property=\"og:site_name\" content=\"Right to the city\" \/>\n<meta property=\"article:modified_time\" content=\"2021-03-01T07:59:00+00:00\" \/>\n<meta name=\"twitter:card\" content=\"summary_large_image\" \/>\n<meta name=\"twitter:label1\" content=\"Dur\u00e9e de lecture estim\u00e9e\" \/>\n\t<meta name=\"twitter:data1\" content=\"3 minutes\" \/>\n<script type=\"application\/ld+json\" class=\"yoast-schema-graph\">{\"@context\":\"https:\\\/\\\/schema.org\",\"@graph\":[{\"@type\":\"WebPage\",\"@id\":\"https:\\\/\\\/www.right2city.org\\\/fr\\\/adhesion\\\/\",\"url\":\"https:\\\/\\\/www.right2city.org\\\/fr\\\/adhesion\\\/\",\"name\":\"Adh\u00e9sion - Right to the city\",\"isPartOf\":{\"@id\":\"https:\\\/\\\/www.right2city.org\\\/fr\\\/#website\"},\"datePublished\":\"2019-08-09T17:52:52+00:00\",\"dateModified\":\"2021-03-01T07:59:00+00:00\",\"breadcrumb\":{\"@id\":\"https:\\\/\\\/www.right2city.org\\\/fr\\\/adhesion\\\/#breadcrumb\"},\"inLanguage\":\"fr-FR\",\"potentialAction\":[{\"@type\":\"ReadAction\",\"target\":[\"https:\\\/\\\/www.right2city.org\\\/fr\\\/adhesion\\\/\"]}]},{\"@type\":\"BreadcrumbList\",\"@id\":\"https:\\\/\\\/www.right2city.org\\\/fr\\\/adhesion\\\/#breadcrumb\",\"itemListElement\":[{\"@type\":\"ListItem\",\"position\":1,\"name\":\"Home\",\"item\":\"https:\\\/\\\/www.right2city.org\\\/fr\\\/\"},{\"@type\":\"ListItem\",\"position\":2,\"name\":\"Adh\u00e9sion\"}]},{\"@type\":\"WebSite\",\"@id\":\"https:\\\/\\\/www.right2city.org\\\/fr\\\/#website\",\"url\":\"https:\\\/\\\/www.right2city.org\\\/fr\\\/\",\"name\":\"Right to the city\",\"description\":\"Global Platform for the Right to the City\",\"potentialAction\":[{\"@type\":\"SearchAction\",\"target\":{\"@type\":\"EntryPoint\",\"urlTemplate\":\"https:\\\/\\\/www.right2city.org\\\/fr\\\/?s={search_term_string}\"},\"query-input\":{\"@type\":\"PropertyValueSpecification\",\"valueRequired\":true,\"valueName\":\"search_term_string\"}}],\"inLanguage\":\"fr-FR\"}]}<\/script>\n<!-- \/ Yoast SEO plugin. -->","yoast_head_json":{"title":"Adh\u00e9sion - Right to the city","robots":{"index":"index","follow":"follow","max-snippet":"max-snippet:-1","max-image-preview":"max-image-preview:large","max-video-preview":"max-video-preview:-1"},"canonical":"https:\/\/www.right2city.org\/fr\/adhesion\/","og_locale":"fr_FR","og_type":"article","og_title":"Adh\u00e9sion - Right to the city","og_description":"La Plateforme Globale pour le Droit \u00e0 la Ville (PGDV) est r\u00e9gie par deux grands principes, la confiance mutuelle et la participation active. L&rsquo;adh\u00e9sion est ouverte \u00e0 tous les acteurs partageant la vision et la mission de la PGDV, quelles que soient leur taille, leur contribution ou leur localisation. Membres: Sont consid\u00e9r\u00e9s comme membres toutes [&hellip;]","og_url":"https:\/\/www.right2city.org\/fr\/adhesion\/","og_site_name":"Right to the city","article_modified_time":"2021-03-01T07:59:00+00:00","twitter_card":"summary_large_image","twitter_misc":{"Dur\u00e9e de lecture estim\u00e9e":"3 minutes"},"schema":{"@context":"https:\/\/schema.org","@graph":[{"@type":"WebPage","@id":"https:\/\/www.right2city.org\/fr\/adhesion\/","url":"https:\/\/www.right2city.org\/fr\/adhesion\/","name":"Adh\u00e9sion - Right to the city","isPartOf":{"@id":"https:\/\/www.right2city.org\/fr\/#website"},"datePublished":"2019-08-09T17:52:52+00:00","dateModified":"2021-03-01T07:59:00+00:00","breadcrumb":{"@id":"https:\/\/www.right2city.org\/fr\/adhesion\/#breadcrumb"},"inLanguage":"fr-FR","potentialAction":[{"@type":"ReadAction","target":["https:\/\/www.right2city.org\/fr\/adhesion\/"]}]},{"@type":"BreadcrumbList","@id":"https:\/\/www.right2city.org\/fr\/adhesion\/#breadcrumb","itemListElement":[{"@type":"ListItem","position":1,"name":"Home","item":"https:\/\/www.right2city.org\/fr\/"},{"@type":"ListItem","position":2,"name":"Adh\u00e9sion"}]},{"@type":"WebSite","@id":"https:\/\/www.right2city.org\/fr\/#website","url":"https:\/\/www.right2city.org\/fr\/","name":"Right to the city","description":"Global Platform for the Right to the City","potentialAction":[{"@type":"SearchAction","target":{"@type":"EntryPoint","urlTemplate":"https:\/\/www.right2city.org\/fr\/?s={search_term_string}"},"query-input":{"@type":"PropertyValueSpecification","valueRequired":true,"valueName":"search_term_string"}}],"inLanguage":"fr-FR"}]}},"_links":{"self":[{"href":"https:\/\/www.right2city.org\/fr\/wp-json\/wp\/v2\/pages\/49761","targetHints":{"allow":["GET"]}}],"collection":[{"href":"https:\/\/www.right2city.org\/fr\/wp-json\/wp\/v2\/pages"}],"about":[{"href":"https:\/\/www.right2city.org\/fr\/wp-json\/wp\/v2\/types\/page"}],"author":[{"embeddable":true,"href":"https:\/\/www.right2city.org\/fr\/wp-json\/wp\/v2\/users\/4"}],"replies":[{"embeddable":true,"href":"https:\/\/www.right2city.org\/fr\/wp-json\/wp\/v2\/comments?post=49761"}],"version-history":[{"count":3,"href":"https:\/\/www.right2city.org\/fr\/wp-json\/wp\/v2\/pages\/49761\/revisions"}],"predecessor-version":[{"id":58196,"href":"https:\/\/www.right2city.org\/fr\/wp-json\/wp\/v2\/pages\/49761\/revisions\/58196"}],"wp:attachment":[{"href":"https:\/\/www.right2city.org\/fr\/wp-json\/wp\/v2\/media?parent=49761"}],"wp:term":[{"taxonomy":"themes","embeddable":true,"href":"https:\/\/www.right2city.org\/fr\/wp-json\/wp\/v2\/themes?post=49761"},{"taxonomy":"agendas_globales","embeddable":true,"href":"https:\/\/www.right2city.org\/fr\/wp-json\/wp\/v2\/agendas_globales?post=49761"}],"curies":[{"name":"wp","href":"https:\/\/api.w.org\/{rel}","templated":true}]}}