{"id":49767,"date":"2019-08-09T20:18:16","date_gmt":"2019-08-09T18:18:16","guid":{"rendered":"https:\/\/www.right2city.org\/?page_id=49767"},"modified":"2020-09-03T08:57:06","modified_gmt":"2020-09-03T06:57:06","slug":"le-droit-a-la-ville","status":"publish","type":"page","link":"https:\/\/www.right2city.org\/fr\/le-droit-a-la-ville\/","title":{"rendered":"Le Droit \u00e0 la Ville"},"content":{"rendered":"[et_pb_section fb_built=\u00a0\u00bb1&Prime; admin_label=\u00a0\u00bbsection\u00a0\u00bb _builder_version=\u00a0\u00bb3.22&Prime;][et_pb_row admin_label=\u00a0\u00bbrow\u00a0\u00bb _builder_version=\u00a0\u00bb3.25&Prime; background_size=\u00a0\u00bbinitial\u00a0\u00bb background_position=\u00a0\u00bbtop_left\u00a0\u00bb background_repeat=\u00a0\u00bbrepeat\u00a0\u00bb][et_pb_column type=\u00a0\u00bb4_4&Prime; _builder_version=\u00a0\u00bb3.25&Prime; custom_padding=\u00a0\u00bb|||\u00a0\u00bb custom_padding__hover=\u00a0\u00bb|||\u00a0\u00bb][et_pb_accordion _builder_version=\u00a0\u00bb4.3.2&Prime; text_orientation=\u00a0\u00bbjustified\u00a0\u00bb open_toggle_text_color=\u00a0\u00bb#800080&Prime; toggle_font=\u00a0\u00bb|800|||||||\u00a0\u00bb toggle_font_size=\u00a0\u00bb24px\u00a0\u00bb closed_toggle_text_color=\u00a0\u00bb#ffa129&Prime; closed_toggle_font=\u00a0\u00bb|700|||||||\u00a0\u00bb hover_enabled=\u00a0\u00bb0&Prime;][et_pb_accordion_item _builder_version=\u00a0\u00bb4.3.2&Prime; open=\u00a0\u00bboff\u00a0\u00bb title=\u00a0\u00bbQu&rsquo;est-ce que le droit \u00e0 la ville ?\u00a0\u00bb hover_enabled=\u00a0\u00bb0&Prime;]\n<p style=\"text-align: center;\"><span style=\"font-size: 14pt; color: #800080;\"><strong><img loading=\"lazy\" decoding=\"async\" class=\"alignright wp-image-56767 \" src=\"https:\/\/www.right2city.org\/wp-content\/uploads\/2020\/09\/COVER3-298x300.jpg\" alt=\"\" width=\"250\" height=\"252\" srcset=\"https:\/\/www.right2city.org\/wp-content\/uploads\/2020\/09\/COVER3-298x300.jpg 298w, https:\/\/www.right2city.org\/wp-content\/uploads\/2020\/09\/COVER3-150x150.jpg 150w, https:\/\/www.right2city.org\/wp-content\/uploads\/2020\/09\/COVER3.jpg 428w\" sizes=\"(max-width: 250px) 100vw, 250px\" \/><\/strong><\/span><\/p>\n<p style=\"text-align: center;\"><span style=\"font-size: 14pt; color: #800080;\"><strong>Le droit \u00e0 la ville est le droit de tous les habitants, pr\u00e9sents et futurs, permanents et temporaires, d&rsquo;habiter, d&rsquo;utiliser, d&rsquo;occuper, de produire, de gouverner et de disposer de villes, villages et \u00e9tablissements humains justes, inclusifs, s\u00fbrs et durables, d\u00e9finis comme des biens essentiels \u00e0 une vie pleine et d\u00e9cente.<\/strong><\/span><\/p>\n<p>&nbsp;<\/p>\n<p>Le droit \u00e0 la ville est un droit collectif qui souligne \u00e0 la fois le caract\u00e8re global et interd\u00e9pendant des droits civils, politiques, \u00e9conomiques, sociaux, culturels et environnementaux internationalement reconnus, tels qu&rsquo;ils sont r\u00e9glement\u00e9s dans les trait\u00e9s internationaux relatifs aux droits humains, tout en leur conf\u00e9rant une dimension territoriale et en portant une attention particuli\u00e8re \u00e0 l\u2019atteinte de niveaux de vie ad\u00e9quats.\u00a0<\/p>\n[\/et_pb_accordion_item][et_pb_accordion_item _builder_version=\u00a0\u00bb4.3.2&Prime; title=\u00a0\u00bbPourquoi le droit \u00e0 la ville?\u00a0\u00bb hover_enabled=\u00a0\u00bb0&Prime; open=\u00a0\u00bboff\u00a0\u00bb]\n<p style=\"text-align: justify;\"><img loading=\"lazy\" decoding=\"async\" class=\"wp-image-56717 size-full alignleft\" src=\"https:\/\/www.right2city.org\/wp-content\/uploads\/2020\/09\/R2C-for-all.png\" alt=\"\" width=\"679\" height=\"505\" srcset=\"https:\/\/www.right2city.org\/wp-content\/uploads\/2020\/09\/R2C-for-all.png 679w, https:\/\/www.right2city.org\/wp-content\/uploads\/2020\/09\/R2C-for-all-480x357.png 480w\" sizes=\"(min-width: 0px) and (max-width: 480px) 480px, (min-width: 481px) 679px, 100vw\" \/>Le concept de droit \u00e0 la ville est b\u00e2ti autour de la notion de villes et \u00e9tablissements humains <strong>d\u00e9centralis\u00e9s, inclusifs et durables, riches d\u2019opportunit\u00e9s en termes d&#8217;emploi, de sant\u00e9, d&rsquo;\u00e9ducation, de loisirs et de culture accessibles \u00e0 tous les habitants.\u00a0<\/strong><\/p>\n<p>Dans le cadre du mod\u00e8le\u00a0 actuel de d\u00e9veloppement urbain au niveau mondial, fortement influenc\u00e9 par les id\u00e9ologies et les institutions n\u00e9olib\u00e9rales, qui privil\u00e9gient les int\u00e9r\u00eats \u00e9conomiques au d\u00e9triment de ceux des communaut\u00e9s et de la coh\u00e9sion sociale, nous assistons \u00e0 l\u2019\u00e9mergence de plusieurs crises interd\u00e9pendantes\u00a0: la marchandisation des terres urbaines, qui sont subtilis\u00e9es au public et aux communaut\u00e9s; la gentrification des quartiers traditionnels et populaires; la privatisation des espaces communs; et l\u2019usage de fonds publics pour b\u00e2tir de grandes infrastructures \u00e0 destination des populations les plus riches.\u00a0<\/p>\n<p>Le droit \u00e0 la ville red\u00e9finit nos villes, afin que celles-ci cessent d\u2019\u00eatre des terrains de jeu pour le capital et le profit, pour en faire de entit\u00e9s sociales, politiques et \u00e9conomiques en perp\u00e9tuelle mutation. Ainsi, la reconqu\u00eate des espaces urbains pour en faire des lieux de vie communs,\u00a0 par et pour les habitants, peut mettre un frein \u00e0 la marginalisation, \u00e0 la criminalisation et \u00e0 l&rsquo;expulsion de larges pans de la population de nos villes.\u00a0<\/p>\n[\/et_pb_accordion_item][et_pb_accordion_item _builder_version=\u00a0\u00bb4.3.2&Prime; title=\u00a0\u00bbQuelles sont les principales id\u00e9es derri\u00e8re le droit \u00e0 la ville?\u00a0\u00bb hover_enabled=\u00a0\u00bb0&Prime; open=\u00a0\u00bbon\u00a0\u00bb]\n<p><img loading=\"lazy\" decoding=\"async\" class=\"alignright wp-image-56806 \" src=\"https:\/\/www.right2city.org\/wp-content\/uploads\/2020\/09\/PilliersDAV-300x300.png\" alt=\"\" width=\"289\" height=\"289\" \/><\/p>\n<p>Les villes et les \u00e9tablissements humains sont des entit\u00e9s aux dimensions multiples, qui ne peuvent \u00eatre r\u00e9duites \u00e0 leur dimension mat\u00e9rielle (c&rsquo;est-\u00e0-dire aux \u00e9l\u00e9ments physiques comme les b\u00e2timents, les rues, les infrastructures, etc.) Elles sont \u00e9galement l\u2019\u00e9manation d&rsquo;id\u00e9es (\u00ab\u00a0dimension politique\u00a0\u00bb) et de valeurs sociales (\u00ab\u00a0dimension symbolique\u00a0\u00bb).\u00a0<\/p>\n<p>Consid\u00e9rant les villes et les \u00e9tablissements humains comme des r\u00e9alit\u00e9s complexes, le Droit \u00e0 la Ville s&rsquo;appuie sur trois id\u00e9es interd\u00e9pendantes, ou \u00a0\u00bb piliers \u00ab\u00a0.\u00a0<\/p>\n[\/et_pb_accordion_item][\/et_pb_accordion][\/et_pb_column][\/et_pb_row][\/et_pb_section]\n","protected":false},"excerpt":{"rendered":"<p>Le droit \u00e0 la ville est le droit de tous les habitants, pr\u00e9sents et futurs, permanents et temporaires, d&rsquo;habiter, d&rsquo;utiliser, d&rsquo;occuper, de produire, de gouverner et de disposer de villes, villages et \u00e9tablissements humains justes, inclusifs, s\u00fbrs et durables, d\u00e9finis comme des biens essentiels \u00e0 une vie pleine et d\u00e9cente. &nbsp; Le droit \u00e0 la [&hellip;]<\/p>\n","protected":false},"author":4,"featured_media":48460,"parent":0,"menu_order":0,"comment_status":"closed","ping_status":"closed","template":"","meta":{"_acf_changed":false,"_et_pb_use_builder":"on","_et_pb_old_content":"","_et_gb_content_width":"","cybocfi_hide_featured_image":"","footnotes":""},"themes":[],"agendas_globales":[],"class_list":["post-49767","page","type-page","status-publish","has-post-thumbnail","hentry"],"acf":[],"yoast_head":"<!-- This site is optimized with the Yoast SEO plugin v27.4 - https:\/\/yoast.com\/product\/yoast-seo-wordpress\/ -->\n<title>Le Droit \u00e0 la Ville - Right to the city<\/title>\n<meta name=\"robots\" content=\"index, follow, max-snippet:-1, max-image-preview:large, max-video-preview:-1\" \/>\n<link rel=\"canonical\" href=\"https:\/\/www.right2city.org\/fr\/le-droit-a-la-ville\/\" \/>\n<meta property=\"og:locale\" content=\"fr_FR\" \/>\n<meta property=\"og:type\" content=\"article\" \/>\n<meta property=\"og:title\" content=\"Le Droit \u00e0 la Ville - Right to the city\" \/>\n<meta property=\"og:description\" content=\"Le droit \u00e0 la ville est le droit de tous les habitants, pr\u00e9sents et futurs, permanents et temporaires, d&#039;habiter, d&#039;utiliser, d&#039;occuper, de produire, de gouverner et de disposer de villes, villages et \u00e9tablissements humains justes, inclusifs, s\u00fbrs et durables, d\u00e9finis comme des biens essentiels \u00e0 une vie pleine et d\u00e9cente. &nbsp; Le droit \u00e0 la [&hellip;]\" \/>\n<meta property=\"og:url\" content=\"https:\/\/www.right2city.org\/fr\/le-droit-a-la-ville\/\" \/>\n<meta property=\"og:site_name\" content=\"Right to the city\" \/>\n<meta property=\"article:modified_time\" content=\"2020-09-03T06:57:06+00:00\" \/>\n<meta property=\"og:image\" content=\"https:\/\/www.right2city.org\/wp-content\/uploads\/2019\/05\/vonecia-carswell-613625-unsplash.jpg\" \/>\n\t<meta property=\"og:image:width\" content=\"2736\" \/>\n\t<meta property=\"og:image:height\" content=\"1824\" \/>\n\t<meta property=\"og:image:type\" content=\"image\/jpeg\" \/>\n<meta name=\"twitter:card\" content=\"summary_large_image\" \/>\n<meta name=\"twitter:label1\" content=\"Dur\u00e9e de lecture estim\u00e9e\" \/>\n\t<meta name=\"twitter:data1\" content=\"3 minutes\" \/>\n<script type=\"application\/ld+json\" class=\"yoast-schema-graph\">{\"@context\":\"https:\\\/\\\/schema.org\",\"@graph\":[{\"@type\":\"WebPage\",\"@id\":\"https:\\\/\\\/www.right2city.org\\\/fr\\\/le-droit-a-la-ville\\\/\",\"url\":\"https:\\\/\\\/www.right2city.org\\\/fr\\\/le-droit-a-la-ville\\\/\",\"name\":\"Le Droit \u00e0 la Ville - Right to the city\",\"isPartOf\":{\"@id\":\"https:\\\/\\\/www.right2city.org\\\/fr\\\/#website\"},\"primaryImageOfPage\":{\"@id\":\"https:\\\/\\\/www.right2city.org\\\/fr\\\/le-droit-a-la-ville\\\/#primaryimage\"},\"image\":{\"@id\":\"https:\\\/\\\/www.right2city.org\\\/fr\\\/le-droit-a-la-ville\\\/#primaryimage\"},\"thumbnailUrl\":\"https:\\\/\\\/www.right2city.org\\\/wp-content\\\/uploads\\\/2019\\\/05\\\/vonecia-carswell-613625-unsplash.jpg\",\"datePublished\":\"2019-08-09T18:18:16+00:00\",\"dateModified\":\"2020-09-03T06:57:06+00:00\",\"breadcrumb\":{\"@id\":\"https:\\\/\\\/www.right2city.org\\\/fr\\\/le-droit-a-la-ville\\\/#breadcrumb\"},\"inLanguage\":\"fr-FR\",\"potentialAction\":[{\"@type\":\"ReadAction\",\"target\":[\"https:\\\/\\\/www.right2city.org\\\/fr\\\/le-droit-a-la-ville\\\/\"]}]},{\"@type\":\"ImageObject\",\"inLanguage\":\"fr-FR\",\"@id\":\"https:\\\/\\\/www.right2city.org\\\/fr\\\/le-droit-a-la-ville\\\/#primaryimage\",\"url\":\"https:\\\/\\\/www.right2city.org\\\/wp-content\\\/uploads\\\/2019\\\/05\\\/vonecia-carswell-613625-unsplash.jpg\",\"contentUrl\":\"https:\\\/\\\/www.right2city.org\\\/wp-content\\\/uploads\\\/2019\\\/05\\\/vonecia-carswell-613625-unsplash.jpg\",\"width\":2736,\"height\":1824},{\"@type\":\"BreadcrumbList\",\"@id\":\"https:\\\/\\\/www.right2city.org\\\/fr\\\/le-droit-a-la-ville\\\/#breadcrumb\",\"itemListElement\":[{\"@type\":\"ListItem\",\"position\":1,\"name\":\"Home\",\"item\":\"https:\\\/\\\/www.right2city.org\\\/fr\\\/\"},{\"@type\":\"ListItem\",\"position\":2,\"name\":\"Le Droit \u00e0 la Ville\"}]},{\"@type\":\"WebSite\",\"@id\":\"https:\\\/\\\/www.right2city.org\\\/fr\\\/#website\",\"url\":\"https:\\\/\\\/www.right2city.org\\\/fr\\\/\",\"name\":\"Right to the city\",\"description\":\"Global Platform for the Right to the City\",\"potentialAction\":[{\"@type\":\"SearchAction\",\"target\":{\"@type\":\"EntryPoint\",\"urlTemplate\":\"https:\\\/\\\/www.right2city.org\\\/fr\\\/?s={search_term_string}\"},\"query-input\":{\"@type\":\"PropertyValueSpecification\",\"valueRequired\":true,\"valueName\":\"search_term_string\"}}],\"inLanguage\":\"fr-FR\"}]}<\/script>\n<!-- \/ Yoast SEO plugin. -->","yoast_head_json":{"title":"Le Droit \u00e0 la Ville - Right to the city","robots":{"index":"index","follow":"follow","max-snippet":"max-snippet:-1","max-image-preview":"max-image-preview:large","max-video-preview":"max-video-preview:-1"},"canonical":"https:\/\/www.right2city.org\/fr\/le-droit-a-la-ville\/","og_locale":"fr_FR","og_type":"article","og_title":"Le Droit \u00e0 la Ville - Right to the city","og_description":"Le droit \u00e0 la ville est le droit de tous les habitants, pr\u00e9sents et futurs, permanents et temporaires, d'habiter, d'utiliser, d'occuper, de produire, de gouverner et de disposer de villes, villages et \u00e9tablissements humains justes, inclusifs, s\u00fbrs et durables, d\u00e9finis comme des biens essentiels \u00e0 une vie pleine et d\u00e9cente. &nbsp; Le droit \u00e0 la [&hellip;]","og_url":"https:\/\/www.right2city.org\/fr\/le-droit-a-la-ville\/","og_site_name":"Right to the city","article_modified_time":"2020-09-03T06:57:06+00:00","og_image":[{"width":2736,"height":1824,"url":"https:\/\/www.right2city.org\/wp-content\/uploads\/2019\/05\/vonecia-carswell-613625-unsplash.jpg","type":"image\/jpeg"}],"twitter_card":"summary_large_image","twitter_misc":{"Dur\u00e9e de lecture estim\u00e9e":"3 minutes"},"schema":{"@context":"https:\/\/schema.org","@graph":[{"@type":"WebPage","@id":"https:\/\/www.right2city.org\/fr\/le-droit-a-la-ville\/","url":"https:\/\/www.right2city.org\/fr\/le-droit-a-la-ville\/","name":"Le Droit \u00e0 la Ville - Right to the city","isPartOf":{"@id":"https:\/\/www.right2city.org\/fr\/#website"},"primaryImageOfPage":{"@id":"https:\/\/www.right2city.org\/fr\/le-droit-a-la-ville\/#primaryimage"},"image":{"@id":"https:\/\/www.right2city.org\/fr\/le-droit-a-la-ville\/#primaryimage"},"thumbnailUrl":"https:\/\/www.right2city.org\/wp-content\/uploads\/2019\/05\/vonecia-carswell-613625-unsplash.jpg","datePublished":"2019-08-09T18:18:16+00:00","dateModified":"2020-09-03T06:57:06+00:00","breadcrumb":{"@id":"https:\/\/www.right2city.org\/fr\/le-droit-a-la-ville\/#breadcrumb"},"inLanguage":"fr-FR","potentialAction":[{"@type":"ReadAction","target":["https:\/\/www.right2city.org\/fr\/le-droit-a-la-ville\/"]}]},{"@type":"ImageObject","inLanguage":"fr-FR","@id":"https:\/\/www.right2city.org\/fr\/le-droit-a-la-ville\/#primaryimage","url":"https:\/\/www.right2city.org\/wp-content\/uploads\/2019\/05\/vonecia-carswell-613625-unsplash.jpg","contentUrl":"https:\/\/www.right2city.org\/wp-content\/uploads\/2019\/05\/vonecia-carswell-613625-unsplash.jpg","width":2736,"height":1824},{"@type":"BreadcrumbList","@id":"https:\/\/www.right2city.org\/fr\/le-droit-a-la-ville\/#breadcrumb","itemListElement":[{"@type":"ListItem","position":1,"name":"Home","item":"https:\/\/www.right2city.org\/fr\/"},{"@type":"ListItem","position":2,"name":"Le Droit \u00e0 la Ville"}]},{"@type":"WebSite","@id":"https:\/\/www.right2city.org\/fr\/#website","url":"https:\/\/www.right2city.org\/fr\/","name":"Right to the city","description":"Global Platform for the Right to the City","potentialAction":[{"@type":"SearchAction","target":{"@type":"EntryPoint","urlTemplate":"https:\/\/www.right2city.org\/fr\/?s={search_term_string}"},"query-input":{"@type":"PropertyValueSpecification","valueRequired":true,"valueName":"search_term_string"}}],"inLanguage":"fr-FR"}]}},"_links":{"self":[{"href":"https:\/\/www.right2city.org\/fr\/wp-json\/wp\/v2\/pages\/49767","targetHints":{"allow":["GET"]}}],"collection":[{"href":"https:\/\/www.right2city.org\/fr\/wp-json\/wp\/v2\/pages"}],"about":[{"href":"https:\/\/www.right2city.org\/fr\/wp-json\/wp\/v2\/types\/page"}],"author":[{"embeddable":true,"href":"https:\/\/www.right2city.org\/fr\/wp-json\/wp\/v2\/users\/4"}],"replies":[{"embeddable":true,"href":"https:\/\/www.right2city.org\/fr\/wp-json\/wp\/v2\/comments?post=49767"}],"version-history":[{"count":2,"href":"https:\/\/www.right2city.org\/fr\/wp-json\/wp\/v2\/pages\/49767\/revisions"}],"predecessor-version":[{"id":56810,"href":"https:\/\/www.right2city.org\/fr\/wp-json\/wp\/v2\/pages\/49767\/revisions\/56810"}],"wp:featuredmedia":[{"embeddable":true,"href":"https:\/\/www.right2city.org\/fr\/wp-json\/wp\/v2\/media\/48460"}],"wp:attachment":[{"href":"https:\/\/www.right2city.org\/fr\/wp-json\/wp\/v2\/media?parent=49767"}],"wp:term":[{"taxonomy":"themes","embeddable":true,"href":"https:\/\/www.right2city.org\/fr\/wp-json\/wp\/v2\/themes?post=49767"},{"taxonomy":"agendas_globales","embeddable":true,"href":"https:\/\/www.right2city.org\/fr\/wp-json\/wp\/v2\/agendas_globales?post=49767"}],"curies":[{"name":"wp","href":"https:\/\/api.w.org\/{rel}","templated":true}]}}