{"id":63689,"date":"2021-12-27T14:43:53","date_gmt":"2021-12-27T12:43:53","guid":{"rendered":"https:\/\/www.right2city.org\/?page_id=63689"},"modified":"2021-12-27T14:43:53","modified_gmt":"2021-12-27T12:43:53","slug":"notre-histoire","status":"publish","type":"page","link":"https:\/\/www.right2city.org\/fr\/notre-histoire\/","title":{"rendered":"Notre histoire"},"content":{"rendered":"<h2><strong>Pr\u00e9parer le terrain pour le Droit \u00e0 la Ville<\/strong><\/h2>\n<p>L&rsquo;id\u00e9e du <strong>\u00ab\u00a0Droit \u00e0 la Ville\u00a0\u00bb<\/strong> est bien plus ancienne que le <strong>PGDV<\/strong>, qui pr\u00f4ne sa mise en \u0153uvre effective en tant que politique publique. \u00c0 l&rsquo;origine, le concept a \u00e9t\u00e9 introduit pour la premi\u00e8re fois par le sociologue fran\u00e7ais <strong>Henri Lefebvre<\/strong> dans son ouvrage de 1968 intitul\u00e9 <em>\u00ab\u00a0Le Droit \u00e0 la ville\u00a0\u00bb<\/em>. Au cours des d\u00e9cennies suivantes, l&rsquo;id\u00e9e s&rsquo;est d\u00e9velopp\u00e9e et a \u00e9t\u00e9 adopt\u00e9e par des mouvements sociaux, des gouvernements locaux et des organismes internationaux.<\/p>\n<p>Une \u00e9tape importante de ce processus a \u00e9t\u00e9 la convergence, au d\u00e9but des ann\u00e9es 1990, des militants des droits de l&rsquo;homme, des \u00e9cologistes, des ONG, des mouvements sociaux des pauvres des villes, des gouvernements locaux et des agences internationales lors des conf\u00e9rences mondiales des Nations unies. Ces dialogues comprenaient des r\u00e9unions \u00e0 <strong>Eco-92<\/strong> \u00e0 Rio de Janeiro, la <strong>Conf\u00e9rence sur les \u00e9tablissements humains (Habitat II)<\/strong> en 1996, Istanbul. Ces premiers dialogues ont permis de r\u00e9unir ces groupes alors disparates et d&rsquo;introduire les composantes du droit \u00e0 la ville dans l&rsquo;<strong>Agenda 21 (A21)<\/strong> et le <strong>Programme pour l&rsquo;habitat<\/strong> en d\u00e9finissant les conditions de vie ad\u00e9quates qui devraient \u00eatre r\u00e9alis\u00e9es dans les \u00e9tablissements humains. Cela a ouvert la voie \u00e0 un effort d&rsquo;internalisation du droit \u00e0 la ville en tant que droit de l&rsquo;homme, m\u00eame si, \u00e0 ce stade pr\u00e9coce, ces \u00e9l\u00e9ments ne se sont pas cristallis\u00e9s en un <strong>Agenda du Droit \u00e0 la Ville<\/strong>.<\/p>\n<p>Dans les premi\u00e8res ann\u00e9es du XXIe si\u00e8cle, ces efforts ont \u00e9t\u00e9 poursuivis par des r\u00e9seaux et des forums mondiaux qui ont int\u00e9gr\u00e9 les questions urbaines dans leurs d\u00e9bats et dialogues, notamment le <strong>Forum Social Mondial<\/strong> et le <strong>Forum Urbain Mondial<\/strong>. De ces ann\u00e9es post-A21, les documents de r\u00e9f\u00e9rence construits au cours de ces processus ressortent, comme la <a href=\"https:\/\/www.right2city.org\/fr\/document\/charte-mondiale-du-droit-a-la-ville\/\" target=\"_blank\" rel=\"noopener noreferrer\"><strong>Charte Mondiale du Droit \u00e0 la Ville<\/strong><\/a>, dans les Forums sociaux mondiaux, et la Charte de l&rsquo;Agenda mondial pour les droits de l&rsquo;homme dans les villes, construite \u00e0 travers des r\u00e9seaux et des organisations d&rsquo;autorit\u00e9s locales comme CGLU.<\/p>\n<p><span style=\"font-weight: 400;\">Plusieurs documents contribuent \u00e9galement \u00e0 la compr\u00e9hension du droit \u00e0 la ville en tant qu&rsquo;\u00e9l\u00e9ment structurel pour promouvoir des politiques de d\u00e9veloppement urbain orient\u00e9es vers la construction de villes justes, d\u00e9mocratiques et durables, par exemple:<\/span><\/p>\n<ul>\n<li style=\"font-weight: 400;\">Trait\u00e9 sur les villes justes, d\u00e9mocratiques et durables (1992);<\/li>\n<li style=\"font-weight: 400;\">Charte europ\u00e9enne de sauvegarde des droits de l&rsquo;homme dans la ville (Saint Denis, 2000);<\/li>\n<li style=\"font-weight: 400;\">Le statut de la ville de Br\u00e9sil (loi n.\u00ba 10.257 de 2001).<\/li>\n<\/ul>\n<p>&nbsp;<\/p>\n<h2>La naissance de la PGDV<\/h2>\n<p>La <strong>Plateforme Globale pour le Droit \u00e0 la Ville<\/strong> a \u00e9t\u00e9 lanc\u00e9e en novembre 2014 \u00e0 l&rsquo;initiative de la <a href=\"https:\/\/www.hic-net.org\/\" target=\"_blank\" rel=\"noopener noreferrer\"><strong>Coalition Habitat International<\/strong><\/a> et de l&rsquo;<a href=\"https:\/\/polis.org.br\/\" target=\"_blank\" rel=\"noopener noreferrer\"><strong>Instituto Polis<\/strong><\/a> Brasil, lors de la <strong>rencontre internationale sur le droit \u00e0 la ville<\/strong> qui s&rsquo;est tenue au Br\u00e9sil. Les membres fondateurs ont vu la n\u00e9cessit\u00e9 d&rsquo;une plateforme internationale forte o\u00f9 les mouvements sociaux et les organisations &#8211; qui avaient travaill\u00e9 ensemble de mani\u00e8re informelle pendant des d\u00e9cennies sur des r\u00e9sultats tels que la <strong>Charte Mondiale du Droit \u00e0 la Ville<\/strong> &#8211; pourraient unir leurs efforts pour renforcer la revendication du droit \u00e0 la ville dans le monde entier. La constitution du PGDV a \u00e9t\u00e9 consid\u00e9r\u00e9e, \u00e0 l&rsquo;\u00e9poque, comme extr\u00eamement importante pour renforcer les luttes urbaines pour la justice sociale et pour am\u00e9liorer la mobilisation internationale en vue de l&rsquo;<strong>Agenda 2030 (ODD)<\/strong> et de la <strong>troisi\u00e8me conf\u00e9rence des Nations unies sur le logement et le d\u00e9veloppement urbain durable (Habitat III)<\/strong>, en tenant compte des rassemblements mondiaux tels que le Forum social mondial et le Forum urbain mondial.<\/p>\n<p><span style=\"font-weight: 400;\">Ce travail collectif sur le droit \u00e0 la ville a consist\u00e9 \u00e0 d\u00e9battre et \u00e0 diffuser sa signification, \u00e0 faire pression pour son inclusion dans les documents pertinents, tels que le nouvel agenda urbain (NUA), et \u00e0 promouvoir sa mise en \u0153uvre par le biais de politiques publiques aux niveaux local, national, r\u00e9gional et international. Cette coordination s&rsquo;est av\u00e9r\u00e9e fructueuse et a abouti \u00e0 la reconnaissance du droit \u00e0 la ville dans le cadre du processus de n\u00e9gociation de UN Habitat III, ainsi qu&rsquo;\u00e0 son inclusion en tant que principe\/dimension central dans le NUA, suite \u00e0 la campagne de plaidoyer et de communication.<\/span><\/p>\n<p>&nbsp;<\/p>\n<h2><strong>La trajectoire de la PGDV<\/strong><\/h2>\n<p>La force de notre travail et de notre <strong>vision commune du droit \u00e0 la ville<\/strong> vient de sa complexit\u00e9 et de la diversit\u00e9 de notre r\u00e9seau de membres et de sympathisants. Plus de <strong>250 organisations locales, nationales, r\u00e9gionales et internationales<\/strong> ont contribu\u00e9 \u00e0 la plateforme. La vari\u00e9t\u00e9 des domaines dont sont issus nos membres apporte une contribution pr\u00e9cieuse \u00e0 une compr\u00e9hension collective des r\u00e9alit\u00e9s des diff\u00e9rents environnements dans le monde et des d\u00e9fis sp\u00e9cifiques, enrichissant ainsi notre vision commune, nos concepts fondamentaux et notre gamme d&rsquo;initiatives. Cependant, leur participation est non seulement importante pour faire entendre des voix diff\u00e9rentes \u00e0 la <strong>PGDV<\/strong>, mais elle aide aussi la Plateforme \u00e0 transmettre son message \u00e0 des publics diff\u00e9rents.<\/p>\n<p>Le travail de plaidoyer de la plate-forme s&rsquo;est accompagn\u00e9 d&rsquo;une vaste production d&rsquo;activit\u00e9s de <a href=\"https:\/\/www.right2city.org\/fr\/publications\/\" target=\"_blank\" rel=\"noopener noreferrer\">recherche<\/a> et de <a href=\"https:\/\/www.right2city.org\/fr\/ressources\/\" target=\"_blank\" rel=\"noopener noreferrer\">formation<\/a>. Il joue un r\u00f4le strat\u00e9gique dans la diffusion du droit \u00e0 la ville et met en lumi\u00e8re des pratiques et des cas int\u00e9ressants, des id\u00e9es r\u00e9ussies d\u00e9j\u00e0 mises en \u0153uvre et des r\u00e9sultats concrets qui peuvent inspirer le travail des gouvernements locaux et renforcer les revendications des mouvements sociaux.<\/p>\n","protected":false},"excerpt":{"rendered":"<p>Pr\u00e9parer le terrain pour le Droit \u00e0 la Ville L&rsquo;id\u00e9e du \u00ab\u00a0Droit \u00e0 la Ville\u00a0\u00bb est bien plus ancienne que le PGDV, qui pr\u00f4ne sa mise en \u0153uvre effective en tant que politique publique. \u00c0 l&rsquo;origine, le concept a \u00e9t\u00e9 introduit pour la premi\u00e8re fois par le sociologue fran\u00e7ais Henri Lefebvre dans son ouvrage de [&hellip;]<\/p>\n","protected":false},"author":4,"featured_media":0,"parent":0,"menu_order":0,"comment_status":"closed","ping_status":"closed","template":"","meta":{"_acf_changed":false,"_et_pb_use_builder":"off","_et_pb_old_content":"","_et_gb_content_width":"","cybocfi_hide_featured_image":"","footnotes":""},"themes":[],"agendas_globales":[],"class_list":["post-63689","page","type-page","status-publish","hentry"],"acf":[],"yoast_head":"<!-- This site is optimized with the Yoast SEO plugin v27.4 - https:\/\/yoast.com\/product\/yoast-seo-wordpress\/ -->\n<title>Notre histoire - Right to the city<\/title>\n<meta name=\"robots\" content=\"index, follow, max-snippet:-1, max-image-preview:large, max-video-preview:-1\" \/>\n<link rel=\"canonical\" href=\"https:\/\/www.right2city.org\/fr\/notre-histoire\/\" \/>\n<meta property=\"og:locale\" content=\"fr_FR\" \/>\n<meta property=\"og:type\" content=\"article\" \/>\n<meta property=\"og:title\" content=\"Notre histoire - Right to the city\" \/>\n<meta property=\"og:description\" content=\"Pr\u00e9parer le terrain pour le Droit \u00e0 la Ville L&rsquo;id\u00e9e du \u00ab\u00a0Droit \u00e0 la Ville\u00a0\u00bb est bien plus ancienne que le PGDV, qui pr\u00f4ne sa mise en \u0153uvre effective en tant que politique publique. \u00c0 l&rsquo;origine, le concept a \u00e9t\u00e9 introduit pour la premi\u00e8re fois par le sociologue fran\u00e7ais Henri Lefebvre dans son ouvrage de [&hellip;]\" \/>\n<meta property=\"og:url\" content=\"https:\/\/www.right2city.org\/fr\/notre-histoire\/\" \/>\n<meta property=\"og:site_name\" content=\"Right to the city\" \/>\n<meta name=\"twitter:card\" content=\"summary_large_image\" \/>\n<meta name=\"twitter:label1\" content=\"Dur\u00e9e de lecture estim\u00e9e\" \/>\n\t<meta name=\"twitter:data1\" content=\"5 minutes\" \/>\n<script type=\"application\/ld+json\" class=\"yoast-schema-graph\">{\"@context\":\"https:\\\/\\\/schema.org\",\"@graph\":[{\"@type\":\"WebPage\",\"@id\":\"https:\\\/\\\/www.right2city.org\\\/fr\\\/notre-histoire\\\/\",\"url\":\"https:\\\/\\\/www.right2city.org\\\/fr\\\/notre-histoire\\\/\",\"name\":\"Notre histoire - Right to the city\",\"isPartOf\":{\"@id\":\"https:\\\/\\\/www.right2city.org\\\/fr\\\/#website\"},\"datePublished\":\"2021-12-27T12:43:53+00:00\",\"breadcrumb\":{\"@id\":\"https:\\\/\\\/www.right2city.org\\\/fr\\\/notre-histoire\\\/#breadcrumb\"},\"inLanguage\":\"fr-FR\",\"potentialAction\":[{\"@type\":\"ReadAction\",\"target\":[\"https:\\\/\\\/www.right2city.org\\\/fr\\\/notre-histoire\\\/\"]}]},{\"@type\":\"BreadcrumbList\",\"@id\":\"https:\\\/\\\/www.right2city.org\\\/fr\\\/notre-histoire\\\/#breadcrumb\",\"itemListElement\":[{\"@type\":\"ListItem\",\"position\":1,\"name\":\"Home\",\"item\":\"https:\\\/\\\/www.right2city.org\\\/fr\\\/\"},{\"@type\":\"ListItem\",\"position\":2,\"name\":\"Notre histoire\"}]},{\"@type\":\"WebSite\",\"@id\":\"https:\\\/\\\/www.right2city.org\\\/fr\\\/#website\",\"url\":\"https:\\\/\\\/www.right2city.org\\\/fr\\\/\",\"name\":\"Right to the city\",\"description\":\"Global Platform for the Right to the City\",\"potentialAction\":[{\"@type\":\"SearchAction\",\"target\":{\"@type\":\"EntryPoint\",\"urlTemplate\":\"https:\\\/\\\/www.right2city.org\\\/fr\\\/?s={search_term_string}\"},\"query-input\":{\"@type\":\"PropertyValueSpecification\",\"valueRequired\":true,\"valueName\":\"search_term_string\"}}],\"inLanguage\":\"fr-FR\"}]}<\/script>\n<!-- \/ Yoast SEO plugin. -->","yoast_head_json":{"title":"Notre histoire - Right to the city","robots":{"index":"index","follow":"follow","max-snippet":"max-snippet:-1","max-image-preview":"max-image-preview:large","max-video-preview":"max-video-preview:-1"},"canonical":"https:\/\/www.right2city.org\/fr\/notre-histoire\/","og_locale":"fr_FR","og_type":"article","og_title":"Notre histoire - Right to the city","og_description":"Pr\u00e9parer le terrain pour le Droit \u00e0 la Ville L&rsquo;id\u00e9e du \u00ab\u00a0Droit \u00e0 la Ville\u00a0\u00bb est bien plus ancienne que le PGDV, qui pr\u00f4ne sa mise en \u0153uvre effective en tant que politique publique. \u00c0 l&rsquo;origine, le concept a \u00e9t\u00e9 introduit pour la premi\u00e8re fois par le sociologue fran\u00e7ais Henri Lefebvre dans son ouvrage de [&hellip;]","og_url":"https:\/\/www.right2city.org\/fr\/notre-histoire\/","og_site_name":"Right to the city","twitter_card":"summary_large_image","twitter_misc":{"Dur\u00e9e de lecture estim\u00e9e":"5 minutes"},"schema":{"@context":"https:\/\/schema.org","@graph":[{"@type":"WebPage","@id":"https:\/\/www.right2city.org\/fr\/notre-histoire\/","url":"https:\/\/www.right2city.org\/fr\/notre-histoire\/","name":"Notre histoire - Right to the city","isPartOf":{"@id":"https:\/\/www.right2city.org\/fr\/#website"},"datePublished":"2021-12-27T12:43:53+00:00","breadcrumb":{"@id":"https:\/\/www.right2city.org\/fr\/notre-histoire\/#breadcrumb"},"inLanguage":"fr-FR","potentialAction":[{"@type":"ReadAction","target":["https:\/\/www.right2city.org\/fr\/notre-histoire\/"]}]},{"@type":"BreadcrumbList","@id":"https:\/\/www.right2city.org\/fr\/notre-histoire\/#breadcrumb","itemListElement":[{"@type":"ListItem","position":1,"name":"Home","item":"https:\/\/www.right2city.org\/fr\/"},{"@type":"ListItem","position":2,"name":"Notre histoire"}]},{"@type":"WebSite","@id":"https:\/\/www.right2city.org\/fr\/#website","url":"https:\/\/www.right2city.org\/fr\/","name":"Right to the city","description":"Global Platform for the Right to the City","potentialAction":[{"@type":"SearchAction","target":{"@type":"EntryPoint","urlTemplate":"https:\/\/www.right2city.org\/fr\/?s={search_term_string}"},"query-input":{"@type":"PropertyValueSpecification","valueRequired":true,"valueName":"search_term_string"}}],"inLanguage":"fr-FR"}]}},"_links":{"self":[{"href":"https:\/\/www.right2city.org\/fr\/wp-json\/wp\/v2\/pages\/63689","targetHints":{"allow":["GET"]}}],"collection":[{"href":"https:\/\/www.right2city.org\/fr\/wp-json\/wp\/v2\/pages"}],"about":[{"href":"https:\/\/www.right2city.org\/fr\/wp-json\/wp\/v2\/types\/page"}],"author":[{"embeddable":true,"href":"https:\/\/www.right2city.org\/fr\/wp-json\/wp\/v2\/users\/4"}],"replies":[{"embeddable":true,"href":"https:\/\/www.right2city.org\/fr\/wp-json\/wp\/v2\/comments?post=63689"}],"version-history":[{"count":1,"href":"https:\/\/www.right2city.org\/fr\/wp-json\/wp\/v2\/pages\/63689\/revisions"}],"predecessor-version":[{"id":63691,"href":"https:\/\/www.right2city.org\/fr\/wp-json\/wp\/v2\/pages\/63689\/revisions\/63691"}],"wp:attachment":[{"href":"https:\/\/www.right2city.org\/fr\/wp-json\/wp\/v2\/media?parent=63689"}],"wp:term":[{"taxonomy":"themes","embeddable":true,"href":"https:\/\/www.right2city.org\/fr\/wp-json\/wp\/v2\/themes?post=63689"},{"taxonomy":"agendas_globales","embeddable":true,"href":"https:\/\/www.right2city.org\/fr\/wp-json\/wp\/v2\/agendas_globales?post=63689"}],"curies":[{"name":"wp","href":"https:\/\/api.w.org\/{rel}","templated":true}]}}